{"id":20271,"date":"2021-05-15T16:46:19","date_gmt":"2021-05-15T14:46:19","guid":{"rendered":"https:\/\/muscleforge.nl\/product\/patriotic-womens-spicy-dark-blue\/"},"modified":"2024-04-12T20:08:07","modified_gmt":"2024-04-12T18:08:07","slug":"patriotic-womens-spicy-dark-blue","status":"publish","type":"product","link":"https:\/\/muscleforge.nl\/pl\/produkt\/patriotic-womens-spicy-dark-blue\/","title":{"rendered":"Patriotic Womens Spicy Dark Blue"},"content":{"rendered":"<h3>SPICY BLUZA DAMSKA<\/h3>\n<p>&nbsp;<\/p>\n<p>Bluza damska marki Patriotic<br \/>\nMateria\u0142: 90% bawe\u0142na, 10% poliester<\/p>\n<p>Klasyczna bluza o dopasowanym kroju. Z przodu widoczny jest pomara\u0144czowy nadruk &#8222;Patriotic&#8217;. Bluza sprawdzi si\u0119 jako uzupe\u0142nienie sportowych oraz casualowych stylizacji<\/p>\n<p><strong>Cechy produktu:<\/strong><br \/>\nz przodu du\u017cy nadruk<br \/>\nw lewy bok wszyta metka<br \/>\nna prawym r\u0119kawie firmowa wszywka<br \/>\nprzyjemny w dotyku materia\u0142<\/p>\n<p>&nbsp;<\/p>\n<div class=\"size-table-image\"><img decoding=\"async\" src=\"https:\/\/patriotic.pl\/img\/sizings\/tabela\/kurtka_koszula_longsleeve.png\" \/><\/div>\n<div class=\"size-table\">\n<table>\n<thead>\n<tr>\n<th><\/th>\n<th>XS<\/th>\n<th>S<\/th>\n<th>M<\/th>\n<th>L<\/th>\n<th>XL<\/th>\n<\/tr>\n<\/thead>\n<tbody>\n<tr>\n<td>A<\/td>\n<td>63<\/td>\n<td>66<\/td>\n<td>&#8211;<\/td>\n<td>69<\/td>\n<td><\/td>\n<\/tr>\n<tr>\n<td>B<\/td>\n<td>43<\/td>\n<td>44<\/td>\n<td>&#8211;<\/td>\n<td>47<\/td>\n<td><\/td>\n<\/tr>\n<tr>\n<td>C<\/td>\n<td>46<\/td>\n<td>50<\/td>\n<td>&#8211;<\/td>\n<td>50<\/td>\n<td><\/td>\n<\/tr>\n<tr>\n<td>D<\/td>\n<td>67<\/td>\n<td>71<\/td>\n<td>&#8211;<\/td>\n<td>71<\/td>\n<\/tr>\n<\/tbody>\n<\/table>\n<\/div>\n","protected":false},"excerpt":{"rendered":"<p>SPICY BLUZA DAMSKA &nbsp; Bluza damska marki Patriotic Materia\u0142: 90% bawe\u0142na, 10% poliester Klasyczna bluza o dopasowanym kroju. Z przodu widoczny jest pomara\u0144czowy nadruk &#8222;Patriotic&#8217;. Bluza sprawdzi si\u0119 jako uzupe\u0142nienie sportowych oraz casualowych stylizacji Cechy produktu: z przodu du\u017cy nadruk w lewy bok wszyta metka na prawym r\u0119kawie firmowa wszywka przyjemny w dotyku materia\u0142 &nbsp;&#8230;<\/p>\n","protected":false},"featured_media":20266,"comment_status":"closed","ping_status":"closed","template":"","meta":[],"product_brand":[],"product_cat":[798,817,818,829,830],"product_tag":[],"class_list":{"0":"post-20271","1":"product","2":"type-product","3":"status-publish","4":"has-post-thumbnail","6":"product_cat-odziez","7":"product_cat-dla-kobiet","8":"product_cat-promocja-pl","9":"product_cat-bez-kaptura-2","10":"product_cat-bluzy-pl-2","12":"first","13":"instock","14":"sale","15":"taxable","16":"shipping-taxable","17":"purchasable","18":"product-type-variable"},"_links":{"self":[{"href":"https:\/\/muscleforge.nl\/pl\/wp-json\/wp\/v2\/product\/20271","targetHints":{"allow":["GET"]}}],"collection":[{"href":"https:\/\/muscleforge.nl\/pl\/wp-json\/wp\/v2\/product"}],"about":[{"href":"https:\/\/muscleforge.nl\/pl\/wp-json\/wp\/v2\/types\/product"}],"replies":[{"embeddable":true,"href":"https:\/\/muscleforge.nl\/pl\/wp-json\/wp\/v2\/comments?post=20271"}],"wp:featuredmedia":[{"embeddable":true,"href":"https:\/\/muscleforge.nl\/pl\/wp-json\/wp\/v2\/media\/20266"}],"wp:attachment":[{"href":"https:\/\/muscleforge.nl\/pl\/wp-json\/wp\/v2\/media?parent=20271"}],"wp:term":[{"taxonomy":"product_brand","embeddable":true,"href":"https:\/\/muscleforge.nl\/pl\/wp-json\/wp\/v2\/product_brand?post=20271"},{"taxonomy":"product_cat","embeddable":true,"href":"https:\/\/muscleforge.nl\/pl\/wp-json\/wp\/v2\/product_cat?post=20271"},{"taxonomy":"product_tag","embeddable":true,"href":"https:\/\/muscleforge.nl\/pl\/wp-json\/wp\/v2\/product_tag?post=20271"}],"curies":[{"name":"wp","href":"https:\/\/api.w.org\/{rel}","templated":true}]}}