{"id":21001,"date":"2021-05-28T16:32:30","date_gmt":"2021-05-28T14:32:30","guid":{"rendered":"https:\/\/muscleforge.nl\/product\/pit-bull-solana-hooded-womens-baseball-jacket-blue\/"},"modified":"2021-05-28T16:32:30","modified_gmt":"2021-05-28T14:32:30","slug":"pit-bull-solana-hooded-womens-baseball-jacket-blue","status":"publish","type":"product","link":"https:\/\/muscleforge.nl\/pl\/produkt\/pit-bull-solana-hooded-womens-baseball-jacket-blue\/","title":{"rendered":"PIT BULL SOLANA HOODED WOMENS BASEBALL JACKET BLUE"},"content":{"rendered":"<div class=\"product__desc__content\" data-qa-product-description=\"\">\n<div>\n<h3>Kurtka damska z najnowszej kolekcji firmy\u00a0<span class=\"caps\">PIT<\/span>\u00a0<span class=\"caps\">BULL<\/span>\u00a0<span class=\"caps\">WEST<\/span>\u00a0<span class=\"caps\">COAST<\/span>\u00a0\u2013 Solana II<\/h3>\n<p>&#8211; klasyczny uniwersalny sportowy fason<br \/>\n&#8211; kr\u00f3j dopasowany do kobiecej sylwetki<br \/>\n&#8211; wykonana z wysokiej jako\u015bci tkaniny<br \/>\n&#8211; odpinana przednia cz\u0119\u015b\u0107 bawe\u0142nianej warstwy ocieplaj\u0105cej z kapturem<br \/>\n&#8211; kaptur z regulacj\u0105 grubym sznurkiem<br \/>\n&#8211; tkanina zachowuje swoje w\u0142a\u015bciwo\u015bci wiatroszczelne, przy r\u00f3wnoczesnym podniesieniu komfortu cieplnego<br \/>\n&#8211; dwie wszyte boczne kieszenie na r\u0119ce zapinane na zatrzaski<br \/>\n&#8211; praktyczna kieszonka wewn\u0105trz kurtki<br \/>\n&#8211; mocne szerokie \u017cebrowane \u015bci\u0105gacze na r\u0119kawach i u do\u0142u kurtki<br \/>\n&#8211; \u017cebrowany ko\u0142nierz<br \/>\n&#8211; silikonowa okr\u0105g\u0142a naszywka z logo marki Pit Bull umieszczona na lewym r\u0119kawie<br \/>\n&#8211; wyszywany du\u017cy napis\u00a0<span class=\"caps\">PIT<\/span>\u00a0<span class=\"caps\">BULL<\/span>\u00a0z przodu<br \/>\n&#8211; zapinana na zamek oraz mocne metalowe zatrzaski<br \/>\n&#8211; kontrastowe wyko\u0144czenie, bogata w detale<br \/>\n&#8211; sk\u0142ad materia\u0142u: na zewn\u0105trz \u2013 100% poliester \/ podszewka \u2013 100% poliester \/ kaptur \u2013 35% bawe\u0142na, 65% poliester<\/p>\n<\/div>\n<\/div>\n<table class=\"product__desc__profile_table\">\n<tbody>\n<tr class=\"ng-star-inserted\">\n<th>Producent:<\/th>\n<td class=\"property_value\">Pit Bull<\/td>\n<\/tr>\n<tr class=\"ng-star-inserted\">\n<th class=\"ng-star-inserted\">Kolor:<\/th>\n<td class=\"property_value ng-star-inserted\"><span class=\"ng-star-inserted\">Czerwony<\/span><\/td>\n<\/tr>\n<\/tbody>\n<\/table>\n<p>&nbsp;<\/p>\n<p><img loading=\"lazy\" decoding=\"async\" class=\"ng-star-inserted lazy-loaded\" src=\"https:\/\/pitbull.pl\/picture\/fit-in\/300x300\/filters:fill(white):quality(100)\/aedfaf0c6676a7731b74c344cfc88b9c\" alt=\"\" width=\"300\" height=\"300\" \/><\/p>\n<div class=\"sizetable__main__content\">\n<table id=\"scrollable-table\" class=\"sizes-table ng-star-inserted\">\n<tbody>\n<tr class=\"single-row ng-star-inserted\">\n<td class=\"single-item ng-star-inserted\">ROZMIAR<\/td>\n<td class=\"single-item ng-star-inserted\">A<\/td>\n<td class=\"single-item ng-star-inserted\">B<\/td>\n<td class=\"single-item ng-star-inserted\">C<\/td>\n<\/tr>\n<tr class=\"single-row ng-star-inserted\">\n<td class=\"single-item ng-star-inserted\">XS<\/td>\n<td class=\"single-item ng-star-inserted\">54 CM<\/td>\n<td class=\"single-item ng-star-inserted\">47 CM<\/td>\n<td class=\"single-item ng-star-inserted\">63 CM<\/td>\n<\/tr>\n<tr class=\"single-row ng-star-inserted\">\n<td class=\"single-item ng-star-inserted\">S<\/td>\n<td class=\"single-item ng-star-inserted\">56 CM<\/td>\n<td class=\"single-item ng-star-inserted\">49 CM<\/td>\n<td class=\"single-item ng-star-inserted\">64 CM<\/td>\n<\/tr>\n<tr class=\"single-row ng-star-inserted\">\n<td class=\"single-item ng-star-inserted\">M<\/td>\n<td class=\"single-item ng-star-inserted\">58 CM<\/td>\n<td class=\"single-item ng-star-inserted\">51 CM<\/td>\n<td class=\"single-item ng-star-inserted\">65 CM<\/td>\n<\/tr>\n<tr class=\"single-row ng-star-inserted\">\n<td class=\"single-item ng-star-inserted\">L<\/td>\n<td class=\"single-item ng-star-inserted\">60 CM<\/td>\n<td class=\"single-item ng-star-inserted\">54 CM<\/td>\n<td class=\"single-item ng-star-inserted\">66 CM<\/td>\n<\/tr>\n<tr class=\"single-row ng-star-inserted\">\n<td class=\"single-item ng-star-inserted\">XL<\/td>\n<td class=\"single-item ng-star-inserted\">62 CM<\/td>\n<td class=\"single-item ng-star-inserted\">56 CM<\/td>\n<td class=\"single-item ng-star-inserted\">67 CM<\/td>\n<\/tr>\n<tr class=\"single-row ng-star-inserted\">\n<td class=\"single-item ng-star-inserted\">Produkt mierzony na p\u0142asko &#8211; tolerancja +\/- 1cm<\/td>\n<td class=\"single-item ng-star-inserted\">wymiar A podany jest od wszycia kaptura do kraw\u0119dzi na dole<\/td>\n<td class=\"single-item ng-star-inserted\">wymiar B podany jest od pachy do pachy<\/td>\n<td class=\"single-item ng-star-inserted\">wymiar C podany jest od szwu na barku do ko\u0144ca r\u0119kawa<\/td>\n<\/tr>\n<\/tbody>\n<\/table>\n<\/div>\n","protected":false},"excerpt":{"rendered":"<p>Kurtka damska z najnowszej kolekcji firmy\u00a0PIT\u00a0BULL\u00a0WEST\u00a0COAST\u00a0\u2013 Solana II &#8211; klasyczny uniwersalny sportowy fason &#8211; kr\u00f3j dopasowany do kobiecej sylwetki &#8211; wykonana z wysokiej jako\u015bci tkaniny &#8211; odpinana przednia cz\u0119\u015b\u0107 bawe\u0142nianej warstwy ocieplaj\u0105cej z kapturem &#8211; kaptur z regulacj\u0105 grubym sznurkiem &#8211; tkanina zachowuje swoje w\u0142a\u015bciwo\u015bci wiatroszczelne, przy r\u00f3wnoczesnym podniesieniu komfortu cieplnego &#8211; dwie wszyte boczne&#8230;<\/p>\n","protected":false},"featured_media":20997,"comment_status":"closed","ping_status":"closed","template":"","meta":[],"product_brand":[],"product_cat":[107],"product_tag":[],"class_list":{"0":"post-21001","1":"product","2":"type-product","3":"status-publish","4":"has-post-thumbnail","6":"product_cat-voedingssupplementen","8":"first","9":"outofstock","10":"taxable","11":"shipping-taxable","12":"purchasable","13":"product-type-variable"},"_links":{"self":[{"href":"https:\/\/muscleforge.nl\/pl\/wp-json\/wp\/v2\/product\/21001","targetHints":{"allow":["GET"]}}],"collection":[{"href":"https:\/\/muscleforge.nl\/pl\/wp-json\/wp\/v2\/product"}],"about":[{"href":"https:\/\/muscleforge.nl\/pl\/wp-json\/wp\/v2\/types\/product"}],"replies":[{"embeddable":true,"href":"https:\/\/muscleforge.nl\/pl\/wp-json\/wp\/v2\/comments?post=21001"}],"wp:featuredmedia":[{"embeddable":true,"href":"https:\/\/muscleforge.nl\/pl\/wp-json\/wp\/v2\/media\/20997"}],"wp:attachment":[{"href":"https:\/\/muscleforge.nl\/pl\/wp-json\/wp\/v2\/media?parent=21001"}],"wp:term":[{"taxonomy":"product_brand","embeddable":true,"href":"https:\/\/muscleforge.nl\/pl\/wp-json\/wp\/v2\/product_brand?post=21001"},{"taxonomy":"product_cat","embeddable":true,"href":"https:\/\/muscleforge.nl\/pl\/wp-json\/wp\/v2\/product_cat?post=21001"},{"taxonomy":"product_tag","embeddable":true,"href":"https:\/\/muscleforge.nl\/pl\/wp-json\/wp\/v2\/product_tag?post=21001"}],"curies":[{"name":"wp","href":"https:\/\/api.w.org\/{rel}","templated":true}]}}