{"id":21509,"date":"2021-06-05T19:27:56","date_gmt":"2021-06-05T17:27:56","guid":{"rendered":"https:\/\/muscleforge.nl\/product\/activlab-energy-shot-100ml-orange\/"},"modified":"2021-06-09T01:28:59","modified_gmt":"2021-06-08T23:28:59","slug":"activlab-energy-shot-100ml-orange","status":"publish","type":"product","link":"https:\/\/muscleforge.nl\/pl\/produkt\/activlab-energy-shot-100ml-orange\/","title":{"rendered":"Activlab Energy Shot 100ml Orange"},"content":{"rendered":"<h3><strong>Energy Shot<\/strong>\u00a0to\u00a0prawdziwy\u00a0KOP ENERGETYCZNY!!! Dostarcza energii na 12 godzin !!!!<\/h3>\n<p>To szybko redukuj\u0105ce zm\u0119czenie i dodaj\u0105ce energii, doskona\u0142e po\u0142\u0105czenie\u00a0wysokiej zawarto\u015bci\u00a0kofeiny, witamin i aminokwas\u00f3w w postaci szybko i d\u0142ugo dzia\u0142aj\u0105cego shota.<\/p>\n<p>Sk\u0142adniki produktu:<\/p>\n<ul>\n<li>pomagaj\u0105 w prawid\u0142owym funkcjonowaniu uk\u0142adu nerwowego<\/li>\n<li>przyczyniaj\u0105 si\u0119 do utrzymania prawid\u0142owego metabolizmu energetycznego<\/li>\n<li>przyczyniaj\u0105 si\u0119 do zmniejszenia uczucia zm\u0119czenia i znu\u017cenia<\/li>\n<\/ul>\n<p>(witamina C, B6, B12, niacyna).<\/p>\n<h3>Jak stosowa\u0107?<\/h3>\n<ul>\n<li>1 shot dziennie<\/li>\n<\/ul>\n<h3>Warto\u015bci od\u017cywcze:<\/h3>\n<p>Dzienna porcja &#8211; 100 ml:<\/p>\n<table width=\"368\">\n<tbody>\n<tr>\n<td width=\"170\">Kofeina<\/td>\n<td width=\"66\">200<\/td>\n<td width=\"47\">mg<\/td>\n<td width=\"85\">&nbsp;<\/td>\n<\/tr>\n<tr>\n<td width=\"170\">Tauryna<\/td>\n<td width=\"66\">500<\/td>\n<td width=\"47\">mg<\/td>\n<td width=\"85\">&nbsp;<\/td>\n<\/tr>\n<tr>\n<td width=\"170\">Fenyloalanina+tyrozyna<\/td>\n<td width=\"66\">500<\/td>\n<td width=\"47\">mg<\/td>\n<td width=\"85\">&nbsp;<\/td>\n<\/tr>\n<tr>\n<td width=\"170\">Witamina C<\/td>\n<td width=\"66\">160<\/td>\n<td width=\"47\">mg<\/td>\n<td width=\"85\">200%*<\/td>\n<\/tr>\n<tr>\n<td width=\"170\">Niacyna (B3)<\/td>\n<td width=\"66\">32<\/td>\n<td width=\"47\">mg<\/td>\n<td width=\"85\">200%*<\/td>\n<\/tr>\n<tr>\n<td width=\"170\">Witamina B6<\/td>\n<td width=\"66\">2,8<\/td>\n<td width=\"47\">mg<\/td>\n<td width=\"85\">200%*<\/td>\n<\/tr>\n<tr>\n<td width=\"170\">Kwas foliowy (B9)<\/td>\n<td width=\"66\">400<\/td>\n<td width=\"47\">mg<\/td>\n<td width=\"85\">200%*<\/td>\n<\/tr>\n<tr>\n<td width=\"170\">Witamina B12<\/td>\n<td width=\"66\">5<\/td>\n<td width=\"47\">mg<\/td>\n<td width=\"85\">200%*<\/td>\n<\/tr>\n<\/tbody>\n<\/table>\n<p>* &#8211; % referencyjnej warto\u015bci spo\u017cycia<\/p>\n<hr \/>\n<h3>Sk\u0142adniki:<\/h3>\n<p>woda, aminokwasy\u00a0(tauryna, L-fenyloalanina,\u00a0L-tyrozyna),\u00a0kofeina, witaminy (kwas L-askorbinowy,\u00a0chlorowodorek pirydoksyny, amid kwasu nikotynowego, kwas foliowy,\u00a0cyjanokobalamina), regulator kwasowo\u015bci &#8211; kwas cytrynowy, maltodekstryna, aromaty, barwnik \u2013 karoteny, substancje s\u0142odz\u0105ce: aspartam, acesulfam K i\u00a0sukraloza.<\/p>\n<hr \/>\n<p><em>Nie nale\u017cy przekracza\u0107 zalecanej porcji do spo\u017cycia w ci\u0105gu dnia. Suplement diety nie mo\u017ce by\u0107 stosowany jako substytut zr\u00f3\u017cnicowanej diety. Zawiera substancje s\u0142odz\u0105ce. Zawiera \u017ar\u00f3d\u0142o fenyloalaniny. Zr\u00f3\u017cnicowany i zr\u00f3wnowa\u017cony spos\u00f3b od\u017cywiania si\u0119 jest niezb\u0119dny dla zachowania zdrowia. Produkt przeznaczony dla os\u00f3b doros\u0142ych.<\/em><\/p>\n","protected":false},"excerpt":{"rendered":"<p>Energy Shot\u00a0to\u00a0prawdziwy\u00a0KOP ENERGETYCZNY!!! Dostarcza energii na 12 godzin !!!! To szybko redukuj\u0105ce zm\u0119czenie i dodaj\u0105ce energii, doskona\u0142e po\u0142\u0105czenie\u00a0wysokiej zawarto\u015bci\u00a0kofeiny, witamin i aminokwas\u00f3w w postaci szybko i d\u0142ugo dzia\u0142aj\u0105cego shota. Sk\u0142adniki produktu: pomagaj\u0105 w prawid\u0142owym funkcjonowaniu uk\u0142adu nerwowego przyczyniaj\u0105 si\u0119 do utrzymania prawid\u0142owego metabolizmu energetycznego przyczyniaj\u0105 si\u0119 do zmniejszenia uczucia zm\u0119czenia i znu\u017cenia (witamina C, B6,&#8230;<\/p>\n","protected":false},"featured_media":21508,"comment_status":"closed","ping_status":"closed","template":"","meta":[],"product_brand":[],"product_cat":[107],"product_tag":[],"class_list":{"0":"post-21509","1":"product","2":"type-product","3":"status-publish","4":"has-post-thumbnail","6":"product_cat-voedingssupplementen","8":"first","9":"outofstock","10":"taxable","11":"shipping-taxable","12":"purchasable","13":"product-type-simple"},"_links":{"self":[{"href":"https:\/\/muscleforge.nl\/pl\/wp-json\/wp\/v2\/product\/21509","targetHints":{"allow":["GET"]}}],"collection":[{"href":"https:\/\/muscleforge.nl\/pl\/wp-json\/wp\/v2\/product"}],"about":[{"href":"https:\/\/muscleforge.nl\/pl\/wp-json\/wp\/v2\/types\/product"}],"replies":[{"embeddable":true,"href":"https:\/\/muscleforge.nl\/pl\/wp-json\/wp\/v2\/comments?post=21509"}],"wp:featuredmedia":[{"embeddable":true,"href":"https:\/\/muscleforge.nl\/pl\/wp-json\/wp\/v2\/media\/21508"}],"wp:attachment":[{"href":"https:\/\/muscleforge.nl\/pl\/wp-json\/wp\/v2\/media?parent=21509"}],"wp:term":[{"taxonomy":"product_brand","embeddable":true,"href":"https:\/\/muscleforge.nl\/pl\/wp-json\/wp\/v2\/product_brand?post=21509"},{"taxonomy":"product_cat","embeddable":true,"href":"https:\/\/muscleforge.nl\/pl\/wp-json\/wp\/v2\/product_cat?post=21509"},{"taxonomy":"product_tag","embeddable":true,"href":"https:\/\/muscleforge.nl\/pl\/wp-json\/wp\/v2\/product_tag?post=21509"}],"curies":[{"name":"wp","href":"https:\/\/api.w.org\/{rel}","templated":true}]}}