{"id":21611,"date":"2021-06-10T16:49:16","date_gmt":"2021-06-10T14:49:16","guid":{"rendered":"https:\/\/muscleforge.nl\/product\/real-pharm-red-speed-90-tabs\/"},"modified":"2021-06-10T16:49:16","modified_gmt":"2021-06-10T14:49:16","slug":"real-pharm-red-speed-90-tabs","status":"publish","type":"product","link":"https:\/\/muscleforge.nl\/pl\/produkt\/real-pharm-red-speed-90-tabs\/","title":{"rendered":"Real Pharm Red Speed 90 tabs"},"content":{"rendered":"<h1 class=\"page-heading text-center\">REAL PHARM RED SPEED<\/h1>\n<p>&nbsp;<\/p>\n<h3>Red Speed Real Pharm silnie pobudza, zwi\u0119ksza pami\u0119\u0107 i koncentracj\u0119 oraz czujno\u015b\u0107. Przynosi natychmiastowy odczuwalne skutki suplementacji i pozwala da\u0107 z siebie wi\u0119cej!<\/h3>\n<p>Dzi\u0119ki suplementacji unikalnej formu\u0142y energetyzuj\u0105cych sk\u0142adnik\u00f3w zyskasz si\u0142\u0119 i ch\u0119ci zar\u00f3wno do pracy, jak i dodatkowo obci\u0105\u017caj\u0105cych Tw\u00f3j organizm \u0107wicze\u0144.<\/p>\n<p>Red Speed Real Pharm w tabletkach to suplement dedykowany dla zawodowych sportowc\u00f3w oraz amator\u00f3w aktywnego trybu \u017cycia, a tak\u017ce wszystkich nara\u017conych na du\u017cy wysi\u0142ek fizyczny i umys\u0142owy podczas codziennej pracy.<\/p>\n<p><strong>Z Red Speed zyskasz*:<\/strong><br \/>\n\u2022 lepsz\u0105 wytrzyma\u0142o\u015b\u0107 oraz natychmiastow\u0105 redukcj\u0119 uczucia zm\u0119czenia.<br \/>\n\u2022 Popraw\u0119 koncentracji i pami\u0119ci.<br \/>\n\u2022 Mo\u017cliwo\u015b\u0107 maksymalnego skupienia uwagi podczas wykonywanych czynno\u015bci.<br \/>\n\u2022 Popraw\u0119 czujno\u015bci i refleksu.<br \/>\n\u2022 Dodatkow\u0105 dawk\u0119 energii.<\/p>\n<p>Preparat zawiera doskona\u0142ej jako\u015bci ekstrakt z guarany, kofein\u0119, glukuronolakton oraz inozytol, dzi\u0119ki czemu zapewnia maksymalny i d\u0142ugotrwa\u0142y efekt suplementacji.<\/p>\n<p>Stosuj\u0105c Red Speed, usprawnisz funkcjonowanie zm\u0119czonego organizmu i odzyskasz si\u0142\u0119 do dzia\u0142ania!<\/p>\n<p>Przekonaj si\u0119, \u017ce \u017caden inny preparat nie zapewni Ci tak d\u0142ugotrwa\u0142ego i silnego efektu dzia\u0142ania, dzi\u0119ki kt\u00f3remu wykorzystasz 200% swoich mo\u017cliwo\u015bci i podo\u0142asz ka\u017cdemu wyzwaniu!<\/p>\n<p>Red Speed pozwoli Ci unikn\u0105\u0107 powodowanego nadmiernym piciem kawy obci\u0105\u017cenia nerek oraz niedobor\u00f3w sk\u0142adnik\u00f3w mineralnych, w tym kluczowego dla prawid\u0142owego funkcjonowania mi\u0119\u015bni magnezu.*<\/p>\n<p>Preparat nie zawiera obecnych w napojach energetycznych szkodliwych substancji w tym cukru i s\u0142odzik\u00f3w, barwnik\u00f3w oraz konserwant\u00f3w, dzi\u0119ki czemu pozwala zyska\u0107 energi\u0119 do dzia\u0142ania w bezpieczny dla Twojego zdrowia spos\u00f3b!<\/p>\n<p>Je\u017celi chcesz zyska\u0107 maksymalny efekt pobudzaj\u0105cy, to\u00a0<strong>Red Speed<\/strong>\u00a0spe\u0142ni wszystkie Twoje oczekiwania.<\/p>\n<p>&nbsp;<\/p>\n<p>Postaw na jako\u015b\u0107 i niezawodno\u015b\u0107 doskona\u0142ego kompleksu aktywnych sk\u0142adnik\u00f3w, kt\u00f3ry pozwoli Ci osi\u0105gn\u0105\u0107 znacznie wi\u0119cej nie tylko podczas \u0107wicze\u0144, ale tak\u017ce wykonywania innych zada\u0144!<\/p>\n<p>*Efekty zale\u017c\u0105 od indywidualnych predyspozycji.<\/p>\n<p>&nbsp;<\/p>\n<h3>Spos\u00f3b u\u017cycia:<\/h3>\n<p>Spo\u017cywa\u0107 1 tabletk\u0119 3 razy dziennie.<\/p>\n<p>&nbsp;<\/p>\n<p>Sk\u0142adniki:\u00a0\u00a0substancja wype\u0142niaj\u0105ca \u2013 celuloza, ekstrakt z nasion guarany Paullinia cupana, kofeina,\u00a0 inozytol, glukuronolakton, substancje przeciwzbrylaj\u0105ce \u2013 dwutlenek krzemu, sole magnezowe kwas\u00f3w t\u0142uszczowych.<\/p>\n<p>&nbsp;<\/p>\n<table>\n<tbody>\n<tr>\n<td>Sk\u0142adniki aktywne<\/td>\n<td>1 tabletka<\/td>\n<td>2 tabletki<\/td>\n<\/tr>\n<tr>\n<td>ekstrakt z nasion guarany\u00a0<em>Paullinia cupana\u00a0<\/em>standaryzowany na 22% kofeiny<\/td>\n<td>300 mg(66 mg kofeiny)<\/td>\n<td>600 mg(132 mg)<\/td>\n<\/tr>\n<tr>\n<td>kofeina<\/td>\n<td>134 mg<\/td>\n<td>268 mg<\/td>\n<\/tr>\n<tr>\n<td>inozytol<\/td>\n<td>10 mg<\/td>\n<td>20 mg<\/td>\n<\/tr>\n<tr>\n<td>glukuronolakton<\/td>\n<td>10 mg<\/td>\n<td>20 mg<\/td>\n<\/tr>\n<\/tbody>\n<\/table>\n<p>&nbsp;<\/p>\n<p>Nie przekracza\u0107 maksymalnej ilo\u015bci 3 porcji (3 tabletki) do spo\u017cycia dziennie. Produkt przeznaczony dla os\u00f3b\u00a0 doros\u0142ych i zdrowych. Produkt nie powinien by\u0107 stosowany przez kobiety w ci\u0105\u017cy i matki karmi\u0105ce. UWAGI: Suplementy diety nie mog\u0105 by\u0107 stosowane jako substytut (zamiennik) zr\u00f3\u017cnicowanej diety. Suplementy diety powinny by\u0107 przechowywane w spos\u00f3b niedost\u0119pny dla ma\u0142ych dzieci.<\/p>\n","protected":false},"excerpt":{"rendered":"<p>REAL PHARM RED SPEED &nbsp; Red Speed Real Pharm silnie pobudza, zwi\u0119ksza pami\u0119\u0107 i koncentracj\u0119 oraz czujno\u015b\u0107. Przynosi natychmiastowy odczuwalne skutki suplementacji i pozwala da\u0107 z siebie wi\u0119cej! Dzi\u0119ki suplementacji unikalnej formu\u0142y energetyzuj\u0105cych sk\u0142adnik\u00f3w zyskasz si\u0142\u0119 i ch\u0119ci zar\u00f3wno do pracy, jak i dodatkowo obci\u0105\u017caj\u0105cych Tw\u00f3j organizm \u0107wicze\u0144. Red Speed Real Pharm w tabletkach to&#8230;<\/p>\n","protected":false},"featured_media":21617,"comment_status":"closed","ping_status":"closed","template":"","meta":[],"product_brand":[],"product_cat":[107],"product_tag":[],"class_list":{"0":"post-21611","1":"product","2":"type-product","3":"status-publish","4":"has-post-thumbnail","6":"product_cat-voedingssupplementen","8":"first","9":"outofstock","10":"taxable","11":"shipping-taxable","12":"purchasable","13":"product-type-simple"},"_links":{"self":[{"href":"https:\/\/muscleforge.nl\/pl\/wp-json\/wp\/v2\/product\/21611","targetHints":{"allow":["GET"]}}],"collection":[{"href":"https:\/\/muscleforge.nl\/pl\/wp-json\/wp\/v2\/product"}],"about":[{"href":"https:\/\/muscleforge.nl\/pl\/wp-json\/wp\/v2\/types\/product"}],"replies":[{"embeddable":true,"href":"https:\/\/muscleforge.nl\/pl\/wp-json\/wp\/v2\/comments?post=21611"}],"wp:featuredmedia":[{"embeddable":true,"href":"https:\/\/muscleforge.nl\/pl\/wp-json\/wp\/v2\/media\/21617"}],"wp:attachment":[{"href":"https:\/\/muscleforge.nl\/pl\/wp-json\/wp\/v2\/media?parent=21611"}],"wp:term":[{"taxonomy":"product_brand","embeddable":true,"href":"https:\/\/muscleforge.nl\/pl\/wp-json\/wp\/v2\/product_brand?post=21611"},{"taxonomy":"product_cat","embeddable":true,"href":"https:\/\/muscleforge.nl\/pl\/wp-json\/wp\/v2\/product_cat?post=21611"},{"taxonomy":"product_tag","embeddable":true,"href":"https:\/\/muscleforge.nl\/pl\/wp-json\/wp\/v2\/product_tag?post=21611"}],"curies":[{"name":"wp","href":"https:\/\/api.w.org\/{rel}","templated":true}]}}