{"id":22211,"date":"2021-06-25T17:52:17","date_gmt":"2021-06-25T15:52:17","guid":{"rendered":"https:\/\/muscleforge.nl\/product\/octagon-womens-t-shirt-tyle-szans-ile-odwagi-white\/"},"modified":"2021-06-25T17:52:17","modified_gmt":"2021-06-25T15:52:17","slug":"octagon-womens-t-shirt-tyle-szans-ile-odwagi-white","status":"publish","type":"product","link":"https:\/\/muscleforge.nl\/pl\/produkt\/octagon-womens-t-shirt-tyle-szans-ile-odwagi-white\/","title":{"rendered":"Octagon Womens T-shirt &#8222;TYLE SZANS ILE ODWAGI&#8221; White"},"content":{"rendered":"<h3 style=\"font-weight: 400;\"><strong>Marka OCTAGON prezentuje koszulk\u0119 z ponadczasowym has\u0142em\u00a0Tyle Szans Ile Odwagi.<\/strong><\/h3>\n<p>&nbsp;<\/p>\n<ul>\n<li style=\"font-weight: 400;\">Seria koszulek damskich Tyle Szans Ile Odwagi sk\u0142ada si\u0119 z\u00a0<b><strong style=\"font-style: inherit;\">dw\u00f3ch kolor\u00f3w<\/strong><\/b>: bia\u0142y oraz czarny.<\/li>\n<li style=\"font-weight: 400;\">Ty\u0142 koszulki to wykepsonowany napis na linii bark\u00f3w\u00a0<b><strong style=\"font-style: inherit;\">Tyle Szans Ile Odwagi<\/strong><\/b>.<\/li>\n<li style=\"font-weight: 400;\">Prz\u00f3d koszulki to\u00a0<b><strong style=\"font-style: inherit;\">wyeksponowane\u00a0<\/strong><\/b>logo marki OCTAGON.<br \/>\n<b><strong style=\"font-style: inherit;\"><br \/>\nDANE TECHNICZNE KOSZULKI:<\/strong><\/b><br \/>\n<b><strong style=\"font-style: inherit;\">Sk\u0142ad:<\/strong><\/b>100% bawe\u0142na.<br \/>\n<b><strong style=\"font-style: inherit;\">Gramatura:<\/strong><\/b>Koszulka o gramaturze 180g.<br \/>\n<b><strong style=\"font-style: inherit;\">Produkcja:<\/strong><\/b>\u00a0Koszulka wyprodukowana w Polsce.<br \/>\n<b><strong style=\"font-style: inherit;\">Grafika:<\/strong><\/b>\u00a0Sitodruk &#8211; trwa\u0142y i odporny na pranie z efektami HD i puff.<\/li>\n<\/ul>\n<p>&nbsp;<\/p>\n<p><img decoding=\"async\" src=\"https:\/\/www.odziez-uliczna.pl\/galerie\/t\/t-shirt-damski-octagon-zeby-b_26885.jpg\" \/><\/p>\n","protected":false},"excerpt":{"rendered":"<p>Marka OCTAGON prezentuje koszulk\u0119 z ponadczasowym has\u0142em\u00a0Tyle Szans Ile Odwagi. &nbsp; Seria koszulek damskich Tyle Szans Ile Odwagi sk\u0142ada si\u0119 z\u00a0dw\u00f3ch kolor\u00f3w: bia\u0142y oraz czarny. Ty\u0142 koszulki to wykepsonowany napis na linii bark\u00f3w\u00a0Tyle Szans Ile Odwagi. Prz\u00f3d koszulki to\u00a0wyeksponowane\u00a0logo marki OCTAGON. DANE TECHNICZNE KOSZULKI: Sk\u0142ad:100% bawe\u0142na. Gramatura:Koszulka o gramaturze 180g. Produkcja:\u00a0Koszulka wyprodukowana w Polsce. Grafika:\u00a0Sitodruk&#8230;<\/p>\n","protected":false},"featured_media":22206,"comment_status":"closed","ping_status":"closed","template":"","meta":[],"product_brand":[],"product_cat":[107],"product_tag":[],"class_list":{"0":"post-22211","1":"product","2":"type-product","3":"status-publish","4":"has-post-thumbnail","6":"product_cat-voedingssupplementen","8":"first","9":"outofstock","10":"sale","11":"taxable","12":"shipping-taxable","13":"purchasable","14":"product-type-variable"},"_links":{"self":[{"href":"https:\/\/muscleforge.nl\/pl\/wp-json\/wp\/v2\/product\/22211","targetHints":{"allow":["GET"]}}],"collection":[{"href":"https:\/\/muscleforge.nl\/pl\/wp-json\/wp\/v2\/product"}],"about":[{"href":"https:\/\/muscleforge.nl\/pl\/wp-json\/wp\/v2\/types\/product"}],"replies":[{"embeddable":true,"href":"https:\/\/muscleforge.nl\/pl\/wp-json\/wp\/v2\/comments?post=22211"}],"wp:featuredmedia":[{"embeddable":true,"href":"https:\/\/muscleforge.nl\/pl\/wp-json\/wp\/v2\/media\/22206"}],"wp:attachment":[{"href":"https:\/\/muscleforge.nl\/pl\/wp-json\/wp\/v2\/media?parent=22211"}],"wp:term":[{"taxonomy":"product_brand","embeddable":true,"href":"https:\/\/muscleforge.nl\/pl\/wp-json\/wp\/v2\/product_brand?post=22211"},{"taxonomy":"product_cat","embeddable":true,"href":"https:\/\/muscleforge.nl\/pl\/wp-json\/wp\/v2\/product_cat?post=22211"},{"taxonomy":"product_tag","embeddable":true,"href":"https:\/\/muscleforge.nl\/pl\/wp-json\/wp\/v2\/product_tag?post=22211"}],"curies":[{"name":"wp","href":"https:\/\/api.w.org\/{rel}","templated":true}]}}