{"id":23014,"date":"2021-07-16T19:49:43","date_gmt":"2021-07-16T17:49:43","guid":{"rendered":"https:\/\/muscleforge.nl\/product\/pit-bull-full-cap-new-logo-white-black\/"},"modified":"2021-07-16T19:49:43","modified_gmt":"2021-07-16T17:49:43","slug":"pit-bull-full-cap-new-logo-white-black","status":"publish","type":"product","link":"https:\/\/muscleforge.nl\/pl\/produkt\/pit-bull-full-cap-new-logo-white-black\/","title":{"rendered":"PIT BULL FULL CAP NEW LOGO WHITE-BLACK"},"content":{"rendered":"<h1 class=\"product__data__name\" data-qa-product_name=\"Full Cap Classic NEW LOGO\">Full Cap Classic NEW LOGO<\/h1>\n<p>&nbsp;<\/p>\n<p>Czapka z daszkiem z najnowszej kolekcji firmy\u00a0<span class=\"caps\">PIT<\/span>\u00a0<span class=\"caps\">BULL<\/span>\u00a0<span class=\"caps\">WEST<\/span>\u00a0<span class=\"caps\">COAST<\/span>\u00a0\u2013 Classic\u00a0<span class=\"caps\">NEW<\/span>\u00a0<span class=\"caps\">LOGO<\/span><\/p>\n<p>&#8211; klasyczny uniwersalny fason<br \/>\n&#8211; specjalna technologia\u00a0<span class=\"caps\">FLEXFIT<\/span>\u00a0z elastyczn\u0105 ta\u015bm\u0105 zapewnia wytrzyma\u0142o\u015b\u0107 oraz wysoki komfort noszenia<br \/>\n&#8211; zagi\u0119ty daszek dla lepszego dopasowania<br \/>\n&#8211; sze\u015bciocz\u0119\u015bciowa panelowa konstrukcja<br \/>\n&#8211; cztery tylne panele wykonane z tkaniny kt\u00f3ra odprowadza ciep\u0142o na zewn\u0105trz<br \/>\n&#8211; zamkni\u0119ta konstrukcja typu\u00a0<span class=\"caps\">FULL<\/span>\u00a0<span class=\"caps\">CAP<\/span><br \/>\n&#8211; specjalne podszycie usztywniaj\u0105ce prz\u00f3d zapewnia wytrzyma\u0142o\u015b\u0107 oraz wygod\u0119<br \/>\n&#8211; sze\u015b\u0107 otwor\u00f3w wentylacyjnych dla lepszej cyrkulacji powietrza<br \/>\n&#8211; du\u017ce wypuk\u0142e silikonowe logo z przodu oraz napis w tylnej cz\u0119\u015bci<br \/>\n&#8211; wytrzyma\u0142y i mocny materia\u0142<br \/>\n&#8211; sk\u0142ad materia\u0142u: 7% bawe\u0142na \/ 44% poliester \/ 42% nylon \/ 37% elastan<\/p>\n","protected":false},"excerpt":{"rendered":"<p>Full Cap Classic NEW LOGO &nbsp; Czapka z daszkiem z najnowszej kolekcji firmy\u00a0PIT\u00a0BULL\u00a0WEST\u00a0COAST\u00a0\u2013 Classic\u00a0NEW\u00a0LOGO &#8211; klasyczny uniwersalny fason &#8211; specjalna technologia\u00a0FLEXFIT\u00a0z elastyczn\u0105 ta\u015bm\u0105 zapewnia wytrzyma\u0142o\u015b\u0107 oraz wysoki komfort noszenia &#8211; zagi\u0119ty daszek dla lepszego dopasowania &#8211; sze\u015bciocz\u0119\u015bciowa panelowa konstrukcja &#8211; cztery tylne panele wykonane z tkaniny kt\u00f3ra odprowadza ciep\u0142o na zewn\u0105trz &#8211; zamkni\u0119ta konstrukcja typu\u00a0FULL\u00a0CAP&#8230;<\/p>\n","protected":false},"featured_media":23000,"comment_status":"closed","ping_status":"closed","template":"","meta":[],"product_brand":[],"product_cat":[774,780,783,784],"product_tag":[],"class_list":{"0":"post-23014","1":"product","2":"type-product","3":"status-publish","4":"has-post-thumbnail","6":"product_cat-akcesoria","7":"product_cat-akcesoria-uliczne","8":"product_cat-czapki","9":"product_cat-czapki-z-daszkiem","11":"first","12":"instock","13":"sale","14":"taxable","15":"shipping-taxable","16":"purchasable","17":"product-type-simple"},"_links":{"self":[{"href":"https:\/\/muscleforge.nl\/pl\/wp-json\/wp\/v2\/product\/23014","targetHints":{"allow":["GET"]}}],"collection":[{"href":"https:\/\/muscleforge.nl\/pl\/wp-json\/wp\/v2\/product"}],"about":[{"href":"https:\/\/muscleforge.nl\/pl\/wp-json\/wp\/v2\/types\/product"}],"replies":[{"embeddable":true,"href":"https:\/\/muscleforge.nl\/pl\/wp-json\/wp\/v2\/comments?post=23014"}],"wp:featuredmedia":[{"embeddable":true,"href":"https:\/\/muscleforge.nl\/pl\/wp-json\/wp\/v2\/media\/23000"}],"wp:attachment":[{"href":"https:\/\/muscleforge.nl\/pl\/wp-json\/wp\/v2\/media?parent=23014"}],"wp:term":[{"taxonomy":"product_brand","embeddable":true,"href":"https:\/\/muscleforge.nl\/pl\/wp-json\/wp\/v2\/product_brand?post=23014"},{"taxonomy":"product_cat","embeddable":true,"href":"https:\/\/muscleforge.nl\/pl\/wp-json\/wp\/v2\/product_cat?post=23014"},{"taxonomy":"product_tag","embeddable":true,"href":"https:\/\/muscleforge.nl\/pl\/wp-json\/wp\/v2\/product_tag?post=23014"}],"curies":[{"name":"wp","href":"https:\/\/api.w.org\/{rel}","templated":true}]}}