{"id":23065,"date":"2021-07-17T13:04:55","date_gmt":"2021-07-17T11:04:55","guid":{"rendered":"https:\/\/muscleforge.nl\/product\/pit-bull-mesh-full-cap-california-dog-black\/"},"modified":"2024-04-12T18:27:18","modified_gmt":"2024-04-12T16:27:18","slug":"pit-bull-mesh-full-cap-california-dog-black","status":"publish","type":"product","link":"https:\/\/muscleforge.nl\/pl\/produkt\/pit-bull-mesh-full-cap-california-dog-black\/","title":{"rendered":"PIT BULL MESH FULL CAP CALIFORNIA DOG BLACK"},"content":{"rendered":"<h1 class=\"product__data__name\" data-qa-product_name=\"Full Cap Classic Mesh CALIFORNIA DOG\">Full Cap Classic Mesh CALIFORNIA DOG<\/h1>\n<p>&nbsp;<\/p>\n<p>Czapka z daszkiem z najnowszej kolekcji firmy\u00a0<span class=\"caps\">PIT<\/span>\u00a0<span class=\"caps\">BULL<\/span>\u00a0<span class=\"caps\">WEST<\/span>\u00a0<span class=\"caps\">COAST<\/span>\u00a0\u2013 California Dog<\/p>\n<p>&#8211; klasyczny uniwersalny fason<br \/>\n&#8211; specjalna technologia\u00a0<span class=\"caps\">FLEXFIT<\/span>\u00a0z elastyczn\u0105 ta\u015bm\u0105 zapewnia wytrzyma\u0142o\u015b\u0107 oraz wysoki komfort noszenia<br \/>\n&#8211; zagi\u0119ty daszek dla lepszego dopasowania<br \/>\n&#8211; sze\u015bciocz\u0119\u015bciowa panelowa konstrukcja<br \/>\n&#8211; cztery tylne panele wykonane z siateczki typu\u00a0<span class=\"caps\">MESH<\/span>\u00a0kt\u00f3ra odprowadza ciep\u0142o na zewn\u0105trz<br \/>\n&#8211; zamkni\u0119ta konstrukcja typu\u00a0<span class=\"caps\">FULL<\/span>\u00a0<span class=\"caps\">CAP<\/span><br \/>\n&#8211; specjalne podszycie usztywniaj\u0105ce prz\u00f3d zapewnia wytrzyma\u0142o\u015b\u0107 oraz wygod\u0119<br \/>\n&#8211; sze\u015b\u0107 otwor\u00f3w wentylacyjnych dla lepszej cyrkulacji powietrza<br \/>\n&#8211; du\u017ca naszywka z przodu oraz ma\u0142a w tylnej cz\u0119\u015bci<br \/>\n&#8211; wytrzyma\u0142y i mocny materia\u0142<br \/>\n&#8211; sk\u0142ad materia\u0142u: 34% bawe\u0142na \/ 63% poliester \/ 3% elastan<\/p>\n<p>&nbsp;<\/p>\n<table id=\"scrollable-table\" class=\"sizes-table ng-star-inserted\">\n<tbody>\n<tr class=\"single-row ng-star-inserted\">\n<td class=\"single-item ng-star-inserted\"><strong>ROZMIAR<\/strong><\/td>\n<td class=\"single-item ng-star-inserted\"><strong>OBW\u00d3D G\u0141OWY<\/strong><\/td>\n<\/tr>\n<tr class=\"single-row ng-star-inserted\">\n<td class=\"single-item ng-star-inserted\">S \/ M<\/td>\n<td class=\"single-item ng-star-inserted\">53 &#8211; 56 cm<\/td>\n<\/tr>\n<\/tbody>\n<\/table>\n","protected":false},"excerpt":{"rendered":"<p>Full Cap Classic Mesh CALIFORNIA DOG &nbsp; Czapka z daszkiem z najnowszej kolekcji firmy\u00a0PIT\u00a0BULL\u00a0WEST\u00a0COAST\u00a0\u2013 California Dog &#8211; klasyczny uniwersalny fason &#8211; specjalna technologia\u00a0FLEXFIT\u00a0z elastyczn\u0105 ta\u015bm\u0105 zapewnia wytrzyma\u0142o\u015b\u0107 oraz wysoki komfort noszenia &#8211; zagi\u0119ty daszek dla lepszego dopasowania &#8211; sze\u015bciocz\u0119\u015bciowa panelowa konstrukcja &#8211; cztery tylne panele wykonane z siateczki typu\u00a0MESH\u00a0kt\u00f3ra odprowadza ciep\u0142o na zewn\u0105trz &#8211; zamkni\u0119ta&#8230;<\/p>\n","protected":false},"featured_media":23061,"comment_status":"closed","ping_status":"closed","template":"","meta":[],"product_brand":[],"product_cat":[774,780,783,784],"product_tag":[],"class_list":{"0":"post-23065","1":"product","2":"type-product","3":"status-publish","4":"has-post-thumbnail","6":"product_cat-akcesoria","7":"product_cat-akcesoria-uliczne","8":"product_cat-czapki","9":"product_cat-czapki-z-daszkiem","11":"first","12":"instock","13":"sale","14":"taxable","15":"shipping-taxable","16":"purchasable","17":"product-type-variable"},"_links":{"self":[{"href":"https:\/\/muscleforge.nl\/pl\/wp-json\/wp\/v2\/product\/23065","targetHints":{"allow":["GET"]}}],"collection":[{"href":"https:\/\/muscleforge.nl\/pl\/wp-json\/wp\/v2\/product"}],"about":[{"href":"https:\/\/muscleforge.nl\/pl\/wp-json\/wp\/v2\/types\/product"}],"replies":[{"embeddable":true,"href":"https:\/\/muscleforge.nl\/pl\/wp-json\/wp\/v2\/comments?post=23065"}],"wp:featuredmedia":[{"embeddable":true,"href":"https:\/\/muscleforge.nl\/pl\/wp-json\/wp\/v2\/media\/23061"}],"wp:attachment":[{"href":"https:\/\/muscleforge.nl\/pl\/wp-json\/wp\/v2\/media?parent=23065"}],"wp:term":[{"taxonomy":"product_brand","embeddable":true,"href":"https:\/\/muscleforge.nl\/pl\/wp-json\/wp\/v2\/product_brand?post=23065"},{"taxonomy":"product_cat","embeddable":true,"href":"https:\/\/muscleforge.nl\/pl\/wp-json\/wp\/v2\/product_cat?post=23065"},{"taxonomy":"product_tag","embeddable":true,"href":"https:\/\/muscleforge.nl\/pl\/wp-json\/wp\/v2\/product_tag?post=23065"}],"curies":[{"name":"wp","href":"https:\/\/api.w.org\/{rel}","templated":true}]}}