{"id":23406,"date":"2021-07-24T14:08:58","date_gmt":"2021-07-24T12:08:58","guid":{"rendered":"https:\/\/muscleforge.nl\/product\/trec-nutrition-whey-100-900g\/"},"modified":"2025-07-16T08:31:15","modified_gmt":"2025-07-16T06:31:15","slug":"trec-nutrition-whey-100-900g","status":"publish","type":"product","link":"https:\/\/muscleforge.nl\/pl\/produkt\/trec-nutrition-whey-100-900g\/","title":{"rendered":"Trec Nutrition Whey 100  900g"},"content":{"rendered":"<div class=\"collapse_content product_description\" aria-hidden=\"false\">\n<h1><strong>TREC NUTRITION WHEY 100<\/strong><\/h1>\n<p>Trec Nutrition Whey 100 to <strong>wysokiej jako\u015bci koncentrat bia\u0142ka serwatkowego (WPC)<\/strong>, kt\u00f3ry dostarcza <strong>pe\u0142nowarto\u015bciowego bia\u0142ka o wysokiej warto\u015bci biologicznej<\/strong>.<\/p>\n<h3><strong>Zalety produktu<\/strong><\/h3>\n<ul>\n<li><strong>100% koncentrat bia\u0142ka serwatkowego (WPC)<\/strong> \u2013 naturalne \u017ar\u00f3d\u0142o pe\u0142nowarto\u015bciowego bia\u0142ka<\/li>\n<li><strong>Wysoka zawarto\u015b\u0107 BCAA i EAA<\/strong> \u2013 wspomaga regeneracj\u0119 i budow\u0119 mi\u0119\u015bni<\/li>\n<li><strong>Niska zawarto\u015b\u0107 t\u0142uszczu i cukru<\/strong> \u2013 odpowiedni dla os\u00f3b dbaj\u0105cych o sylwetk\u0119<\/li>\n<li><strong>\u015awietna rozpuszczalno\u015b\u0107 i doskona\u0142y smak<\/strong> \u2013 \u0142atwa suplementacja<\/li>\n<li><strong>Idealny dla sportowc\u00f3w i os\u00f3b aktywnych fizycznie<\/strong><\/li>\n<\/ul>\n<p>Trec Nutrition Whey 100 to wysokobia\u0142kowy suplement diety oparty na <strong>koncentracie bia\u0142ka serwatkowego (WPC)<\/strong>. Dzi\u0119ki swojej szybkos\u0301ci wch\u0142aniania oraz wysokiej zawarto\u015bci <strong>aminokwas\u00f3w egzogennych<\/strong>, takich jak <strong>BCAA i EAA<\/strong>, produkt wspiera <strong>regeneracj\u0119 i budow\u0119 masy mi\u0119\u015bniowej<\/strong>.<\/p>\n<p><strong>Koncentrat bia\u0142ka serwatkowego (WPC)<\/strong> to doskona\u0142e \u017ar\u00f3d\u0142o <strong>wysokiej jako\u015bci bia\u0142ka<\/strong>, kt\u00f3re przyczynia si\u0119 do <strong>utrzymania masy mi\u0119\u015bniowej i jej rozwoju<\/strong>. Jest to idealny wyb\u00f3r zar\u00f3wno dla <strong>os\u00f3b buduj\u0105cych mas\u0119 mi\u0119\u015bniow\u0105, jak i dla os\u00f3b na redukcji<\/strong>, kt\u00f3re chc\u0105 utrzyma\u0107 wysok\u0105 poda\u017c bia\u0142ka.<\/p>\n<p>&nbsp;<\/p>\n<\/div>\n<h3 class=\"open\" aria-expanded=\"true\">SPOS\u00d3B U\u017bYCIA<\/h3>\n<div class=\"collapse_content product_dosage\" aria-hidden=\"false\">\n<p>Jednorazow\u0105 porcj\u0119 preparatu \u2013 30 g 2 miarki rozpu\u015bci\u0107 w 200 ml wody lub mleka, u\u017cywaj\u0105c do tego szejkera lub miksera. W zale\u017cno\u015bci od zapotrzebowania nale\u017cy stosowa\u0107 2\u20133 porcji dziennie.<\/p>\n<p><strong>W dni treningowe:<\/strong>I porcja rano po przebudzeniu, II porcja do 1,5 godz. po treningu oraz III porcja przed snem.<\/p>\n<p><strong>W dni nietreningowe:<\/strong>I porcja rano po przebudzeniu, II porcja pomi\u0119dzy posi\u0142kami oraz III porcja przed snem.<\/p>\n<p>&nbsp;<\/p>\n<\/div>\n<h3><strong>Tabela warto\u015bci od\u017cywczych<\/strong><\/h3>\n<table>\n<thead>\n<tr>\n<th>Sk\u0142adnik<\/th>\n<th>Na 100 g<\/th>\n<th>Na 90 g**<\/th>\n<th>Na 30 g<\/th>\n<\/tr>\n<\/thead>\n<tbody>\n<tr>\n<td>Warto\u015b\u0107 energetyczna<\/td>\n<td>1620 kJ \/ 382 kcal (19%*)<\/td>\n<td>1458 kJ \/ 344 kcal (17%*)<\/td>\n<td>486 kJ \/ 115 kcal (6%*)<\/td>\n<\/tr>\n<tr>\n<td>Bia\u0142ko<\/td>\n<td>81,20 g (162%*)<\/td>\n<td>73,08 g (146%*)<\/td>\n<td>24,36 g (49%*)<\/td>\n<\/tr>\n<tr>\n<td>T\u0142uszcze<\/td>\n<td>2,90 g (4%*)<\/td>\n<td>2,61 g (4%*)<\/td>\n<td>0,87 g (1%*)<\/td>\n<\/tr>\n<tr>\n<td>&#8211; w tym t\u0142uszcze nasycone<\/td>\n<td>1,70 g (9%*)<\/td>\n<td>1,53 g (8%*)<\/td>\n<td>0,51 g (3%*)<\/td>\n<\/tr>\n<tr>\n<td>W\u0119glowodany<\/td>\n<td>7,80 g (3%*)<\/td>\n<td>7,02 g (3%*)<\/td>\n<td>2,34 g (1%*)<\/td>\n<\/tr>\n<tr>\n<td>&#8211; w tym cukry proste<\/td>\n<td>1,80 g (2%*)<\/td>\n<td>1,62 g (2%*)<\/td>\n<td>0,54 g (1%*)<\/td>\n<\/tr>\n<tr>\n<td>S\u00f3l<\/td>\n<td>0,65 g (11%*)<\/td>\n<td>0,59 g (10%*)<\/td>\n<td>0,20 g (3%*)<\/td>\n<\/tr>\n<tr>\n<td>Koncentrat Bia\u0142ka Serwatki<\/td>\n<td>94,65 g<\/td>\n<td>85,19 g<\/td>\n<td>28,40 g<\/td>\n<\/tr>\n<\/tbody>\n<\/table>\n<div class=\"collapse_content things\" aria-hidden=\"false\">\n<div class=\"supplements--wrapper\">\n<p>*Referencyjna warto\u015b\u0107 spo\u017cycia dla przeci\u0119tnej osoby doros\u0142ej (8400 kJ\/2000 kcal)<\/p>\n<p>**Dzienna porcja produktu<\/p>\n<p>&nbsp;<\/p>\n<\/div>\n<h3><strong>Sk\u0142ad<\/strong><\/h3>\n<p>Koncentrat bia\u0142ka serwatkowego (z mleka) (94,7%); kakao w proszku dla smaku czekoladowego, czekoladowo-wi\u015bniowego, czekoladowo-sezamowego, czekoladowo-kokosowego, kremu czekoladowo-orzechowego, czekoladowo-pomara\u0144czowego i piernikowego; regulatory kwasowo\u015bci dla smaku truskawkowego i malinowego \u2013 kwas cytrynowy, kwas jab\u0142kowy; aromaty; substancja zag\u0119szczaj\u0105ca \u2013 s\u00f3l sodowa karboksymetylocelulozy; substancja s\u0142odz\u0105ca \u2013 sukraloza; barwnik dla smaku waniliowego, bananowego, ciasteczkowego, pinacolada, advocat i mas\u0142a orzechowego \u2013 beta-karoten; barwnik dla smaku truskawkowego i malinowego \u2013 czerwie\u0144 koszenilowa A, barwnik dla smaku mas\u0142a orzechowego \u2013 karmel amoniakalny.<\/p>\n<\/div>\n","protected":false},"excerpt":{"rendered":"<p>TREC NUTRITION WHEY 100 Trec Nutrition Whey 100 to wysokiej jako\u015bci koncentrat bia\u0142ka serwatkowego (WPC), kt\u00f3ry dostarcza pe\u0142nowarto\u015bciowego bia\u0142ka o wysokiej warto\u015bci biologicznej. Zalety produktu 100% koncentrat bia\u0142ka serwatkowego (WPC) \u2013 naturalne \u017ar\u00f3d\u0142o pe\u0142nowarto\u015bciowego bia\u0142ka Wysoka zawarto\u015b\u0107 BCAA i EAA \u2013 wspomaga regeneracj\u0119 i budow\u0119 mi\u0119\u015bni Niska zawarto\u015b\u0107 t\u0142uszczu i cukru \u2013 odpowiedni dla os\u00f3b&#8230;<\/p>\n","protected":false},"featured_media":23398,"comment_status":"closed","ping_status":"closed","template":"","meta":[],"product_brand":[],"product_cat":[728,873],"product_tag":[],"class_list":{"0":"post-23406","1":"product","2":"type-product","3":"status-publish","4":"has-post-thumbnail","6":"product_cat-suplementy-diety","7":"product_cat-koncetrat-bialka-serwatkowegowpc","9":"first","10":"instock","11":"taxable","12":"shipping-taxable","13":"purchasable","14":"product-type-variable"},"_links":{"self":[{"href":"https:\/\/muscleforge.nl\/pl\/wp-json\/wp\/v2\/product\/23406","targetHints":{"allow":["GET"]}}],"collection":[{"href":"https:\/\/muscleforge.nl\/pl\/wp-json\/wp\/v2\/product"}],"about":[{"href":"https:\/\/muscleforge.nl\/pl\/wp-json\/wp\/v2\/types\/product"}],"replies":[{"embeddable":true,"href":"https:\/\/muscleforge.nl\/pl\/wp-json\/wp\/v2\/comments?post=23406"}],"wp:featuredmedia":[{"embeddable":true,"href":"https:\/\/muscleforge.nl\/pl\/wp-json\/wp\/v2\/media\/23398"}],"wp:attachment":[{"href":"https:\/\/muscleforge.nl\/pl\/wp-json\/wp\/v2\/media?parent=23406"}],"wp:term":[{"taxonomy":"product_brand","embeddable":true,"href":"https:\/\/muscleforge.nl\/pl\/wp-json\/wp\/v2\/product_brand?post=23406"},{"taxonomy":"product_cat","embeddable":true,"href":"https:\/\/muscleforge.nl\/pl\/wp-json\/wp\/v2\/product_cat?post=23406"},{"taxonomy":"product_tag","embeddable":true,"href":"https:\/\/muscleforge.nl\/pl\/wp-json\/wp\/v2\/product_tag?post=23406"}],"curies":[{"name":"wp","href":"https:\/\/api.w.org\/{rel}","templated":true}]}}