{"id":23954,"date":"2021-08-18T19:03:12","date_gmt":"2021-08-18T17:03:12","guid":{"rendered":"https:\/\/muscleforge.nl\/product\/pit-bull-t-shirt-small-logo-160-basic-grey\/"},"modified":"2024-04-12T18:25:46","modified_gmt":"2024-04-12T16:25:46","slug":"pit-bull-t-shirt-small-logo-160-basic-grey","status":"publish","type":"product","link":"https:\/\/muscleforge.nl\/pl\/produkt\/pit-bull-t-shirt-small-logo-160-basic-grey\/","title":{"rendered":"PIT BULL T-SHIRT SMALL LOGO 160 BASIC GREY"},"content":{"rendered":"<h3>Koszulka m\u0119ska z najnowszej kolekcji firmy\u00a0<span class=\"caps\">PIT<\/span>\u00a0<span class=\"caps\">BULL<\/span>\u00a0<span class=\"caps\">WEST<\/span>\u00a0<span class=\"caps\">COAST<\/span>\u00a0\u2013 Small Logo<\/h3>\n<p><span class=\"caps\">SERIA<\/span>\u00a0<span class=\"caps\">LIGHT<\/span>\u00a0<span class=\"caps\">WEIGHT<\/span>\u00a0160\u00a0<span class=\"caps\">BASIC<\/span><\/p>\n<p>&#8211; klasyczny regularny fason z okr\u0105g\u0142ym dekoltem<br \/>\n&#8211; wykonana z najwy\u017cszej jako\u015bci bawe\u0142ny o gramaturze 160 g\/m2<br \/>\n&#8211; mi\u0119kka lam\u00f3wka od wewn\u0119trznej strony ko\u0142nierza chroni\u0105ca przed otarciami<br \/>\n&#8211; nadrukowane ma\u0142e okr\u0105g\u0142e logo marki Pit Bull na piersi<br \/>\n&#8211; du\u017ca tkana naszywka u do\u0142u koszulki<br \/>\n&#8211; ma\u0142a tkana naszywka na kraw\u0119dzi r\u0119kawa<br \/>\n&#8211; sk\u0142ad materia\u0142u: 100% bawe\u0142na<\/p>\n<p>&nbsp;<\/p>\n<div class=\"product__tabs_content\">\n<div class=\"sizetable_container\">\n<div class=\"sizetable__main ng-star-inserted\">\n<p><img loading=\"lazy\" decoding=\"async\" class=\"ng-star-inserted lazy-loaded\" src=\"https:\/\/pitbull.pl\/picture\/fit-in\/300x300\/filters:fill(white):quality(100)\/36cb3db6863d8edddde7b9bbcd3ee6eb\" alt=\"\" width=\"300\" height=\"300\" \/><\/p>\n<div class=\"sizetable__main__content\">\n<table id=\"scrollable-table\" class=\"sizes-table ng-star-inserted\">\n<tbody>\n<tr class=\"single-row ng-star-inserted\">\n<td class=\"single-item ng-star-inserted\">ROZMIAR<\/td>\n<td class=\"single-item ng-star-inserted\">A<\/td>\n<td class=\"single-item ng-star-inserted\">B<\/td>\n<\/tr>\n<tr class=\"single-row ng-star-inserted\">\n<td class=\"single-item ng-star-inserted\">XS<\/td>\n<td class=\"single-item ng-star-inserted\">66 cm<\/td>\n<td class=\"single-item ng-star-inserted\">47 cm<\/td>\n<\/tr>\n<tr class=\"single-row ng-star-inserted\">\n<td class=\"single-item ng-star-inserted\">S<\/td>\n<td class=\"single-item ng-star-inserted\">68 cm<\/td>\n<td class=\"single-item ng-star-inserted\">49 cm<\/td>\n<\/tr>\n<tr class=\"single-row ng-star-inserted\">\n<td class=\"single-item ng-star-inserted\">M<\/td>\n<td class=\"single-item ng-star-inserted\">72 cm<\/td>\n<td class=\"single-item ng-star-inserted\">51 cm<\/td>\n<\/tr>\n<tr class=\"single-row ng-star-inserted\">\n<td class=\"single-item ng-star-inserted\">L<\/td>\n<td class=\"single-item ng-star-inserted\">74 cm<\/td>\n<td class=\"single-item ng-star-inserted\">54 cm<\/td>\n<\/tr>\n<tr class=\"single-row ng-star-inserted\">\n<td class=\"single-item ng-star-inserted\">XL<\/td>\n<td class=\"single-item ng-star-inserted\">78 cm<\/td>\n<td class=\"single-item ng-star-inserted\">58 cm<\/td>\n<\/tr>\n<tr class=\"single-row ng-star-inserted\">\n<td class=\"single-item ng-star-inserted\">XXL<\/td>\n<td class=\"single-item ng-star-inserted\">81 cm<\/td>\n<td class=\"single-item ng-star-inserted\">62 cm<\/td>\n<\/tr>\n<tr class=\"single-row ng-star-inserted\">\n<td class=\"single-item ng-star-inserted\">3XL<\/td>\n<td class=\"single-item ng-star-inserted\">85 cm<\/td>\n<td class=\"single-item ng-star-inserted\">65 cm<\/td>\n<\/tr>\n<tr class=\"single-row ng-star-inserted\">\n<td class=\"single-item ng-star-inserted\">Tolerancja +\/- 1 cm<\/td>\n<td class=\"single-item ng-star-inserted\"><\/td>\n<td class=\"single-item ng-star-inserted\"><\/td>\n<\/tr>\n<\/tbody>\n<\/table>\n<\/div>\n<\/div>\n<\/div>\n<\/div>\n","protected":false},"excerpt":{"rendered":"<p>Koszulka m\u0119ska z najnowszej kolekcji firmy\u00a0PIT\u00a0BULL\u00a0WEST\u00a0COAST\u00a0\u2013 Small Logo SERIA\u00a0LIGHT\u00a0WEIGHT\u00a0160\u00a0BASIC &#8211; klasyczny regularny fason z okr\u0105g\u0142ym dekoltem &#8211; wykonana z najwy\u017cszej jako\u015bci bawe\u0142ny o gramaturze 160 g\/m2 &#8211; mi\u0119kka lam\u00f3wka od wewn\u0119trznej strony ko\u0142nierza chroni\u0105ca przed otarciami &#8211; nadrukowane ma\u0142e okr\u0105g\u0142e logo marki Pit Bull na piersi &#8211; du\u017ca tkana naszywka u do\u0142u koszulki &#8211; ma\u0142a&#8230;<\/p>\n","protected":false},"featured_media":23944,"comment_status":"closed","ping_status":"closed","template":"","meta":[],"product_brand":[],"product_cat":[798,799,800,809,812],"product_tag":[],"class_list":{"0":"post-23954","1":"product","2":"type-product","3":"status-publish","4":"has-post-thumbnail","6":"product_cat-odziez","7":"product_cat-dla-mezczyzn","8":"product_cat-promocja","9":"product_cat-koszulki","10":"product_cat-t-shirts-pl","12":"first","13":"instock","14":"sale","15":"taxable","16":"shipping-taxable","17":"purchasable","18":"product-type-variable"},"_links":{"self":[{"href":"https:\/\/muscleforge.nl\/pl\/wp-json\/wp\/v2\/product\/23954","targetHints":{"allow":["GET"]}}],"collection":[{"href":"https:\/\/muscleforge.nl\/pl\/wp-json\/wp\/v2\/product"}],"about":[{"href":"https:\/\/muscleforge.nl\/pl\/wp-json\/wp\/v2\/types\/product"}],"replies":[{"embeddable":true,"href":"https:\/\/muscleforge.nl\/pl\/wp-json\/wp\/v2\/comments?post=23954"}],"wp:featuredmedia":[{"embeddable":true,"href":"https:\/\/muscleforge.nl\/pl\/wp-json\/wp\/v2\/media\/23944"}],"wp:attachment":[{"href":"https:\/\/muscleforge.nl\/pl\/wp-json\/wp\/v2\/media?parent=23954"}],"wp:term":[{"taxonomy":"product_brand","embeddable":true,"href":"https:\/\/muscleforge.nl\/pl\/wp-json\/wp\/v2\/product_brand?post=23954"},{"taxonomy":"product_cat","embeddable":true,"href":"https:\/\/muscleforge.nl\/pl\/wp-json\/wp\/v2\/product_cat?post=23954"},{"taxonomy":"product_tag","embeddable":true,"href":"https:\/\/muscleforge.nl\/pl\/wp-json\/wp\/v2\/product_tag?post=23954"}],"curies":[{"name":"wp","href":"https:\/\/api.w.org\/{rel}","templated":true}]}}