{"id":23971,"date":"2021-08-18T19:17:43","date_gmt":"2021-08-18T17:17:43","guid":{"rendered":"https:\/\/muscleforge.nl\/product\/pit-bull-man-t-shirt-cal-flag-black\/"},"modified":"2024-04-12T18:25:40","modified_gmt":"2024-04-12T16:25:40","slug":"pit-bull-man-t-shirt-cal-flag-black","status":"publish","type":"product","link":"https:\/\/muscleforge.nl\/pl\/produkt\/pit-bull-man-t-shirt-cal-flag-black\/","title":{"rendered":"PIT BULL MAN T-SHIRT CAL FLAG BLACK"},"content":{"rendered":"<h3>Koszulka m\u0119ska z najnowszej kolekcji firmy\u00a0<span class=\"caps\">PIT<\/span>\u00a0<span class=\"caps\">BULL<\/span>\u00a0<span class=\"caps\">WEST<\/span>\u00a0<span class=\"caps\">COAST<\/span>\u00a0\u2013 Cal Flag<\/h3>\n<p><span class=\"caps\">SERIA<\/span>\u00a0<span class=\"caps\">MIDDLE<\/span>\u00a0<span class=\"caps\">WEIGHT<\/span>\u00a0190\u00a0<span class=\"caps\">REGULAR<\/span>\u00a0<span class=\"caps\">CLASSIC<\/span><\/p>\n<p>&#8211; klasyczny regularny fason z okr\u0105g\u0142ym dekoltem<br \/>\n&#8211; wykonana z najwy\u017cszej jako\u015bci bawe\u0142ny o gramaturze 190 g\/m2<br \/>\n&#8211; mi\u0119kka lam\u00f3wka od wewn\u0119trznej strony ko\u0142nierza chroni\u0105ca przed otarciami<br \/>\n&#8211; wysokiej jako\u015bci nadruki wykonane specjalistyczn\u0105 technologi\u0105 sitodruku<br \/>\n&#8211; du\u017ca tkana naszywka z logo marki\u00a0<span class=\"caps\">PIT<\/span>\u00a0<span class=\"caps\">BULL<\/span>\u00a0<span class=\"caps\">WEST<\/span>\u00a0<span class=\"caps\">COAST<\/span>\u00a0u do\u0142u koszulki<br \/>\n&#8211; ma\u0142a tkana naszywka na kraw\u0119dzi r\u0119kawa<br \/>\n&#8211; sk\u0142ad materia\u0142u: 100% bawe\u0142na<\/p>\n<p>&nbsp;<\/p>\n<div class=\"product__tabs_content\">\n<div class=\"sizetable_container\">\n<div class=\"sizetable__main ng-star-inserted\">\n<p><img loading=\"lazy\" decoding=\"async\" class=\"ng-star-inserted lazy-loaded\" src=\"https:\/\/pitbull.pl\/picture\/fit-in\/300x300\/filters:fill(white):quality(100)\/36cb3db6863d8edddde7b9bbcd3ee6eb\" alt=\"\" width=\"300\" height=\"300\" \/><\/p>\n<div class=\"sizetable__main__content\">\n<table id=\"scrollable-table\" class=\"sizes-table ng-star-inserted\">\n<tbody>\n<tr class=\"single-row ng-star-inserted\">\n<td class=\"single-item ng-star-inserted\">ROZMIAR<\/td>\n<td class=\"single-item ng-star-inserted\">A<\/td>\n<td class=\"single-item ng-star-inserted\">B<\/td>\n<\/tr>\n<tr class=\"single-row ng-star-inserted\">\n<td class=\"single-item ng-star-inserted\">S<\/td>\n<td class=\"single-item ng-star-inserted\">70 cm<\/td>\n<td class=\"single-item ng-star-inserted\">48 cm<\/td>\n<\/tr>\n<tr class=\"single-row ng-star-inserted\">\n<td class=\"single-item ng-star-inserted\">M<\/td>\n<td class=\"single-item ng-star-inserted\">72 cm<\/td>\n<td class=\"single-item ng-star-inserted\">53 cm<\/td>\n<\/tr>\n<tr class=\"single-row ng-star-inserted\">\n<td class=\"single-item ng-star-inserted\">L<\/td>\n<td class=\"single-item ng-star-inserted\">76 cm<\/td>\n<td class=\"single-item ng-star-inserted\">55 cm<\/td>\n<\/tr>\n<tr class=\"single-row ng-star-inserted\">\n<td class=\"single-item ng-star-inserted\">XL<\/td>\n<td class=\"single-item ng-star-inserted\">80 cm<\/td>\n<td class=\"single-item ng-star-inserted\">59 cm<\/td>\n<\/tr>\n<tr class=\"single-row ng-star-inserted\">\n<td class=\"single-item ng-star-inserted\">XXL<\/td>\n<td class=\"single-item ng-star-inserted\">82 cm<\/td>\n<td class=\"single-item ng-star-inserted\">62 cm<\/td>\n<\/tr>\n<tr class=\"single-row ng-star-inserted\">\n<td class=\"single-item ng-star-inserted\">3XL<\/td>\n<td class=\"single-item ng-star-inserted\">83 cm<\/td>\n<td class=\"single-item ng-star-inserted\">65 cm<\/td>\n<\/tr>\n<tr class=\"single-row ng-star-inserted\">\n<td class=\"single-item ng-star-inserted\">Tolerancja +\/- 1 cm<\/td>\n<\/tr>\n<\/tbody>\n<\/table>\n<\/div>\n<\/div>\n<\/div>\n<\/div>\n","protected":false},"excerpt":{"rendered":"<p>Koszulka m\u0119ska z najnowszej kolekcji firmy\u00a0PIT\u00a0BULL\u00a0WEST\u00a0COAST\u00a0\u2013 Cal Flag SERIA\u00a0MIDDLE\u00a0WEIGHT\u00a0190\u00a0REGULAR\u00a0CLASSIC &#8211; klasyczny regularny fason z okr\u0105g\u0142ym dekoltem &#8211; wykonana z najwy\u017cszej jako\u015bci bawe\u0142ny o gramaturze 190 g\/m2 &#8211; mi\u0119kka lam\u00f3wka od wewn\u0119trznej strony ko\u0142nierza chroni\u0105ca przed otarciami &#8211; wysokiej jako\u015bci nadruki wykonane specjalistyczn\u0105 technologi\u0105 sitodruku &#8211; du\u017ca tkana naszywka z logo marki\u00a0PIT\u00a0BULL\u00a0WEST\u00a0COAST\u00a0u do\u0142u koszulki &#8211; ma\u0142a&#8230;<\/p>\n","protected":false},"featured_media":23962,"comment_status":"closed","ping_status":"closed","template":"","meta":[],"product_brand":[],"product_cat":[798,799,800,809,812],"product_tag":[],"class_list":{"0":"post-23971","1":"product","2":"type-product","3":"status-publish","4":"has-post-thumbnail","6":"product_cat-odziez","7":"product_cat-dla-mezczyzn","8":"product_cat-promocja","9":"product_cat-koszulki","10":"product_cat-t-shirts-pl","12":"first","13":"instock","14":"sale","15":"taxable","16":"shipping-taxable","17":"purchasable","18":"product-type-variable"},"_links":{"self":[{"href":"https:\/\/muscleforge.nl\/pl\/wp-json\/wp\/v2\/product\/23971","targetHints":{"allow":["GET"]}}],"collection":[{"href":"https:\/\/muscleforge.nl\/pl\/wp-json\/wp\/v2\/product"}],"about":[{"href":"https:\/\/muscleforge.nl\/pl\/wp-json\/wp\/v2\/types\/product"}],"replies":[{"embeddable":true,"href":"https:\/\/muscleforge.nl\/pl\/wp-json\/wp\/v2\/comments?post=23971"}],"wp:featuredmedia":[{"embeddable":true,"href":"https:\/\/muscleforge.nl\/pl\/wp-json\/wp\/v2\/media\/23962"}],"wp:attachment":[{"href":"https:\/\/muscleforge.nl\/pl\/wp-json\/wp\/v2\/media?parent=23971"}],"wp:term":[{"taxonomy":"product_brand","embeddable":true,"href":"https:\/\/muscleforge.nl\/pl\/wp-json\/wp\/v2\/product_brand?post=23971"},{"taxonomy":"product_cat","embeddable":true,"href":"https:\/\/muscleforge.nl\/pl\/wp-json\/wp\/v2\/product_cat?post=23971"},{"taxonomy":"product_tag","embeddable":true,"href":"https:\/\/muscleforge.nl\/pl\/wp-json\/wp\/v2\/product_tag?post=23971"}],"curies":[{"name":"wp","href":"https:\/\/api.w.org\/{rel}","templated":true}]}}