{"id":24487,"date":"2021-09-17T19:44:39","date_gmt":"2021-09-17T17:44:39","guid":{"rendered":"https:\/\/muscleforge.nl\/product\/pit-bull-sweatjacket-small-logo-olive\/"},"modified":"2024-04-15T23:45:20","modified_gmt":"2024-04-15T21:45:20","slug":"pit-bull-sweatjacket-small-logo-olive","status":"publish","type":"product","link":"https:\/\/muscleforge.nl\/pl\/produkt\/pit-bull-sweatjacket-small-logo-olive\/","title":{"rendered":"PIT BULL SWEATJACKET SMALL LOGO OLIVE"},"content":{"rendered":"<h3>Rozpinana bluza m\u0119ska z najnowszej kolekcji firmy\u00a0<span class=\"caps\">PIT<\/span>\u00a0<span class=\"caps\">BULL<\/span>\u00a0<span class=\"caps\">WEST<\/span>\u00a0<span class=\"caps\">COAST<\/span>\u00a0\u2013 Small Logo<\/h3>\n<p>&#8211; klasyczny fason z wysok\u0105 st\u00f3jk\u0105<br \/>\n&#8211; wykonana z wysokogatunkowej grubej bawe\u0142ny<br \/>\n&#8211; tkanina od wewn\u0119trznej strony jest szczotkowana i przyjemna w dotyku<br \/>\n&#8211; mocne \u017cebrowane \u015bci\u0105gacze w r\u0119kawach oraz u do\u0142u bluzy<br \/>\n&#8211; welurowa lam\u00f3wka przy karku chroni\u0105ca przed otarciami<br \/>\n&#8211; metalowy zamek oraz suwak<br \/>\n&#8211; du\u017ce otwarte kieszenie na r\u0119ce<br \/>\n&#8211; silikonowe wypuk\u0142e logo na piersi<br \/>\n&#8211; sk\u0142ad materia\u0142u: 60% bawe\u0142na \/ 40% poliester<\/p>\n<p>&nbsp;<\/p>\n<div class=\"product__tabs_content\">\n<div class=\"sizetable_container\">\n<div class=\"sizetable__main ng-star-inserted\">\n<p><img loading=\"lazy\" decoding=\"async\" class=\"ng-star-inserted lazy-loaded\" src=\"https:\/\/pitbull.pl\/picture\/fit-in\/300x300\/filters:fill(white):quality(100)\/877b769f1d7b569398be62478049ecd5\" alt=\"\" width=\"300\" height=\"300\" \/><\/p>\n<div class=\"sizetable__main__content\">\n<table id=\"scrollable-table\" class=\"sizes-table ng-star-inserted\">\n<tbody>\n<tr class=\"single-row ng-star-inserted\">\n<td class=\"single-item ng-star-inserted\">ROZMIAR<\/td>\n<td class=\"single-item ng-star-inserted\">A<\/td>\n<td class=\"single-item ng-star-inserted\">B<\/td>\n<td class=\"single-item ng-star-inserted\">C<\/td>\n<\/tr>\n<tr class=\"single-row ng-star-inserted\">\n<td class=\"single-item ng-star-inserted\">S<\/td>\n<td class=\"single-item ng-star-inserted\">67 CM<\/td>\n<td class=\"single-item ng-star-inserted\">58 CM<\/td>\n<td class=\"single-item ng-star-inserted\">65 CM<\/td>\n<\/tr>\n<tr class=\"single-row ng-star-inserted\">\n<td class=\"single-item ng-star-inserted\">M<\/td>\n<td class=\"single-item ng-star-inserted\">70 CM<\/td>\n<td class=\"single-item ng-star-inserted\">59 CM<\/td>\n<td class=\"single-item ng-star-inserted\">66 CM<\/td>\n<\/tr>\n<tr class=\"single-row ng-star-inserted\">\n<td class=\"single-item ng-star-inserted\">L<\/td>\n<td class=\"single-item ng-star-inserted\">73 CM<\/td>\n<td class=\"single-item ng-star-inserted\">61 CM<\/td>\n<td class=\"single-item ng-star-inserted\">67 CM<\/td>\n<\/tr>\n<tr class=\"single-row ng-star-inserted\">\n<td class=\"single-item ng-star-inserted\">XL<\/td>\n<td class=\"single-item ng-star-inserted\">77 CM<\/td>\n<td class=\"single-item ng-star-inserted\">64 CM<\/td>\n<td class=\"single-item ng-star-inserted\">68 CM<\/td>\n<\/tr>\n<tr class=\"single-row ng-star-inserted\">\n<td class=\"single-item ng-star-inserted\">XXL<\/td>\n<td class=\"single-item ng-star-inserted\">79 CM<\/td>\n<td class=\"single-item ng-star-inserted\">67 CM<\/td>\n<td class=\"single-item ng-star-inserted\">69 CM<\/td>\n<\/tr>\n<tr class=\"single-row ng-star-inserted\">\n<td class=\"single-item ng-star-inserted\">3XL<\/td>\n<td class=\"single-item ng-star-inserted\">80 CM<\/td>\n<td class=\"single-item ng-star-inserted\">70 CM<\/td>\n<td class=\"single-item ng-star-inserted\">70 CM<\/td>\n<\/tr>\n<tr class=\"single-row ng-star-inserted\">\n<td class=\"single-item ng-star-inserted\">+\/- 1 CM<\/td>\n<td class=\"single-item ng-star-inserted\"><\/td>\n<\/tr>\n<\/tbody>\n<\/table>\n<\/div>\n<\/div>\n<\/div>\n<\/div>\n","protected":false},"excerpt":{"rendered":"<p>Rozpinana bluza m\u0119ska z najnowszej kolekcji firmy\u00a0PIT\u00a0BULL\u00a0WEST\u00a0COAST\u00a0\u2013 Small Logo &#8211; klasyczny fason z wysok\u0105 st\u00f3jk\u0105 &#8211; wykonana z wysokogatunkowej grubej bawe\u0142ny &#8211; tkanina od wewn\u0119trznej strony jest szczotkowana i przyjemna w dotyku &#8211; mocne \u017cebrowane \u015bci\u0105gacze w r\u0119kawach oraz u do\u0142u bluzy &#8211; welurowa lam\u00f3wka przy karku chroni\u0105ca przed otarciami &#8211; metalowy zamek oraz suwak&#8230;<\/p>\n","protected":false},"featured_media":24478,"comment_status":"closed","ping_status":"closed","template":"","meta":[],"product_brand":[],"product_cat":[798,799,800,814,892],"product_tag":[],"class_list":{"0":"post-24487","1":"product","2":"type-product","3":"status-publish","4":"has-post-thumbnail","6":"product_cat-odziez","7":"product_cat-dla-mezczyzn","8":"product_cat-promocja","9":"product_cat-bez-kaptura","10":"product_cat-z-zasuwakiem-pl","12":"first","13":"instock","14":"sale","15":"taxable","16":"shipping-taxable","17":"purchasable","18":"product-type-variable"},"_links":{"self":[{"href":"https:\/\/muscleforge.nl\/pl\/wp-json\/wp\/v2\/product\/24487","targetHints":{"allow":["GET"]}}],"collection":[{"href":"https:\/\/muscleforge.nl\/pl\/wp-json\/wp\/v2\/product"}],"about":[{"href":"https:\/\/muscleforge.nl\/pl\/wp-json\/wp\/v2\/types\/product"}],"replies":[{"embeddable":true,"href":"https:\/\/muscleforge.nl\/pl\/wp-json\/wp\/v2\/comments?post=24487"}],"wp:featuredmedia":[{"embeddable":true,"href":"https:\/\/muscleforge.nl\/pl\/wp-json\/wp\/v2\/media\/24478"}],"wp:attachment":[{"href":"https:\/\/muscleforge.nl\/pl\/wp-json\/wp\/v2\/media?parent=24487"}],"wp:term":[{"taxonomy":"product_brand","embeddable":true,"href":"https:\/\/muscleforge.nl\/pl\/wp-json\/wp\/v2\/product_brand?post=24487"},{"taxonomy":"product_cat","embeddable":true,"href":"https:\/\/muscleforge.nl\/pl\/wp-json\/wp\/v2\/product_cat?post=24487"},{"taxonomy":"product_tag","embeddable":true,"href":"https:\/\/muscleforge.nl\/pl\/wp-json\/wp\/v2\/product_tag?post=24487"}],"curies":[{"name":"wp","href":"https:\/\/api.w.org\/{rel}","templated":true}]}}