{"id":24557,"date":"2021-09-18T17:17:40","date_gmt":"2021-09-18T15:17:40","guid":{"rendered":"https:\/\/muscleforge.nl\/product\/pit-bull-oldschool-track-jacket-tape-logo-red\/"},"modified":"2024-04-15T23:48:51","modified_gmt":"2024-04-15T21:48:51","slug":"pit-bull-oldschool-track-jacket-tape-logo-red","status":"publish","type":"product","link":"https:\/\/muscleforge.nl\/pl\/produkt\/pit-bull-oldschool-track-jacket-tape-logo-red\/","title":{"rendered":"PIT BULL OLDSCHOOL TRACK JACKET TAPE LOGO RED"},"content":{"rendered":"<h3>Rozpinana bluza m\u0119ska z najnowszej kolekcji firmy\u00a0<span class=\"caps\">PIT<\/span>\u00a0<span class=\"caps\">BULL<\/span>\u00a0<span class=\"caps\">WEST<\/span>\u00a0<span class=\"caps\">COAST<\/span>\u00a0\u2013 Oldschool Tape Logo<\/h3>\n<p>&#8211; klasyczny sportowy fason<br \/>\n&#8211; wykonana z wysokogatunkowej tkaniny poliestrowej o gramaturze 320 g\/m2<br \/>\n&#8211; g\u0142adki i jednocze\u015bnie matowy materia\u0142 w stylu oldschool<br \/>\n&#8211; szerokie \u017cebrowane mocne \u015bci\u0105gacze na r\u0119kawach oraz u do\u0142u bluzy<br \/>\n&#8211; \u017cebrowana wysoka st\u00f3jka<br \/>\n&#8211; kontrastowe paski od wewn\u0119trznej strony ko\u0142nierza<br \/>\n&#8211; du\u017ce otwarte kieszenie boczne<br \/>\n&#8211; metalowy zamek<br \/>\n&#8211; przeszycie na plecach<br \/>\n&#8211; tkane szerokie \u017cakardowe lampasy z napisem Pit Bull na ca\u0142ej d\u0142ugo\u015bci r\u0119kaw\u00f3w<br \/>\n&#8211; silikonowe ma\u0142e okr\u0105g\u0142e logo marki Pit Bull na piersi<br \/>\n&#8211; sk\u0142ad materia\u0142u: 100% poliester<\/p>\n<p>&nbsp;<\/p>\n<div class=\"product__desc\" data-qa-product_desc=\"\">\n<div class=\"tabs__container ng-star-inserted\">\n<div class=\"product__tabs_content\">\n<div class=\"sizetable_container\">\n<div class=\"sizetable__main ng-star-inserted\">\n<p><img loading=\"lazy\" decoding=\"async\" class=\"ng-star-inserted lazy-loaded\" src=\"https:\/\/pitbull.pl\/picture\/fit-in\/300x300\/filters:fill(white):quality(100)\/877b769f1d7b569398be62478049ecd5\" alt=\"\" width=\"300\" height=\"300\" \/><\/p>\n<div class=\"sizetable__main__content\">\n<table id=\"scrollable-table\" class=\"sizes-table ng-star-inserted\">\n<tbody>\n<tr class=\"single-row ng-star-inserted\">\n<td class=\"single-item ng-star-inserted\">ROZMIAR<\/td>\n<td class=\"single-item ng-star-inserted\">A<\/td>\n<td class=\"single-item ng-star-inserted\">B<\/td>\n<td class=\"single-item ng-star-inserted\">C<\/td>\n<\/tr>\n<tr class=\"single-row ng-star-inserted\">\n<td class=\"single-item ng-star-inserted\">S<\/td>\n<td class=\"single-item ng-star-inserted\">65 cm<\/td>\n<td class=\"single-item ng-star-inserted\">57 cm<\/td>\n<td class=\"single-item ng-star-inserted\">78 cm<\/td>\n<\/tr>\n<tr class=\"single-row ng-star-inserted\">\n<td class=\"single-item ng-star-inserted\">M<\/td>\n<td class=\"single-item ng-star-inserted\">67 cm<\/td>\n<td class=\"single-item ng-star-inserted\">59 cm<\/td>\n<td class=\"single-item ng-star-inserted\">79 cm<\/td>\n<\/tr>\n<tr class=\"single-row ng-star-inserted\">\n<td class=\"single-item ng-star-inserted\">L<\/td>\n<td class=\"single-item ng-star-inserted\">70 cm<\/td>\n<td class=\"single-item ng-star-inserted\">61 cm<\/td>\n<td class=\"single-item ng-star-inserted\">80 cm<\/td>\n<\/tr>\n<tr class=\"single-row ng-star-inserted\">\n<td class=\"single-item ng-star-inserted\">XL<\/td>\n<td class=\"single-item ng-star-inserted\">73 cm<\/td>\n<td class=\"single-item ng-star-inserted\">64 cm<\/td>\n<td class=\"single-item ng-star-inserted\">81 cm<\/td>\n<\/tr>\n<tr class=\"single-row ng-star-inserted\">\n<td class=\"single-item ng-star-inserted\">XXL<\/td>\n<td class=\"single-item ng-star-inserted\">75 cm<\/td>\n<td class=\"single-item ng-star-inserted\">67 cm<\/td>\n<td class=\"single-item ng-star-inserted\">83 cm<\/td>\n<\/tr>\n<tr class=\"single-row ng-star-inserted\">\n<td class=\"single-item ng-star-inserted\">3XL<\/td>\n<td class=\"single-item ng-star-inserted\">77 cm<\/td>\n<td class=\"single-item ng-star-inserted\">70 cm<\/td>\n<td class=\"single-item ng-star-inserted\">85 cm<\/td>\n<\/tr>\n<tr class=\"single-row ng-star-inserted\">\n<td class=\"single-item ng-star-inserted\">Tolerancja +\/- 1 cm<\/td>\n<td class=\"single-item ng-star-inserted\"><\/td>\n<td class=\"single-item ng-star-inserted\"><\/td>\n<td class=\"single-item ng-star-inserted\"><\/td>\n<\/tr>\n<\/tbody>\n<\/table>\n<\/div>\n<\/div>\n<\/div>\n<\/div>\n<\/div>\n<\/div>\n","protected":false},"excerpt":{"rendered":"<p>Rozpinana bluza m\u0119ska z najnowszej kolekcji firmy\u00a0PIT\u00a0BULL\u00a0WEST\u00a0COAST\u00a0\u2013 Oldschool Tape Logo &#8211; klasyczny sportowy fason &#8211; wykonana z wysokogatunkowej tkaniny poliestrowej o gramaturze 320 g\/m2 &#8211; g\u0142adki i jednocze\u015bnie matowy materia\u0142 w stylu oldschool &#8211; szerokie \u017cebrowane mocne \u015bci\u0105gacze na r\u0119kawach oraz u do\u0142u bluzy &#8211; \u017cebrowana wysoka st\u00f3jka &#8211; kontrastowe paski od wewn\u0119trznej strony ko\u0142nierza&#8230;<\/p>\n","protected":false},"featured_media":24548,"comment_status":"closed","ping_status":"closed","template":"","meta":[],"product_brand":[],"product_cat":[798,799,800,814,892],"product_tag":[],"class_list":{"0":"post-24557","1":"product","2":"type-product","3":"status-publish","4":"has-post-thumbnail","6":"product_cat-odziez","7":"product_cat-dla-mezczyzn","8":"product_cat-promocja","9":"product_cat-bez-kaptura","10":"product_cat-z-zasuwakiem-pl","12":"first","13":"instock","14":"sale","15":"taxable","16":"shipping-taxable","17":"purchasable","18":"product-type-variable"},"_links":{"self":[{"href":"https:\/\/muscleforge.nl\/pl\/wp-json\/wp\/v2\/product\/24557","targetHints":{"allow":["GET"]}}],"collection":[{"href":"https:\/\/muscleforge.nl\/pl\/wp-json\/wp\/v2\/product"}],"about":[{"href":"https:\/\/muscleforge.nl\/pl\/wp-json\/wp\/v2\/types\/product"}],"replies":[{"embeddable":true,"href":"https:\/\/muscleforge.nl\/pl\/wp-json\/wp\/v2\/comments?post=24557"}],"wp:featuredmedia":[{"embeddable":true,"href":"https:\/\/muscleforge.nl\/pl\/wp-json\/wp\/v2\/media\/24548"}],"wp:attachment":[{"href":"https:\/\/muscleforge.nl\/pl\/wp-json\/wp\/v2\/media?parent=24557"}],"wp:term":[{"taxonomy":"product_brand","embeddable":true,"href":"https:\/\/muscleforge.nl\/pl\/wp-json\/wp\/v2\/product_brand?post=24557"},{"taxonomy":"product_cat","embeddable":true,"href":"https:\/\/muscleforge.nl\/pl\/wp-json\/wp\/v2\/product_cat?post=24557"},{"taxonomy":"product_tag","embeddable":true,"href":"https:\/\/muscleforge.nl\/pl\/wp-json\/wp\/v2\/product_tag?post=24557"}],"curies":[{"name":"wp","href":"https:\/\/api.w.org\/{rel}","templated":true}]}}