{"id":25108,"date":"2021-10-02T17:00:46","date_gmt":"2021-10-02T15:00:46","guid":{"rendered":"https:\/\/muscleforge.nl\/product\/patriotic-waist-bag-cls-pelt\/"},"modified":"2024-04-12T22:06:35","modified_gmt":"2024-04-12T20:06:35","slug":"patriotic-waist-bag-cls-pelt","status":"publish","type":"product","link":"https:\/\/muscleforge.nl\/pl\/produkt\/patriotic-waist-bag-cls-pelt\/","title":{"rendered":"Patriotic Waist Bag Cls Pelt"},"content":{"rendered":"<h3>Saszetka typu nerka marki Patriotic<\/h3>\n<p><strong>Cechy produktu:<\/strong><br \/>\nz przodu sk\u00f3rzana aplikacja<br \/>\nwszystkie zamki\u00a0s\u0105\u00a0plastikowo-metalowe, ka\u017cdy obrandowany napisem Patriotic<br \/>\nz przodu jedna du\u017ca komora, z ty\u0142u mniejsza kieszonka na dokumenty<br \/>\nna pasku regulacje oraz zapi\u0119cie wykonane z trwa\u0142ego plastiku<br \/>\nwykonana z mocnego materia\u0142u poliestrowego, kt\u00f3ry \u0142atwo mo\u017cna wyczy\u015bci\u0107<\/p>\n","protected":false},"excerpt":{"rendered":"<p>Saszetka typu nerka marki Patriotic Cechy produktu: z przodu sk\u00f3rzana aplikacja wszystkie zamki\u00a0s\u0105\u00a0plastikowo-metalowe, ka\u017cdy obrandowany napisem Patriotic z przodu jedna du\u017ca komora, z ty\u0142u mniejsza kieszonka na dokumenty na pasku regulacje oraz zapi\u0119cie wykonane z trwa\u0142ego plastiku wykonana z mocnego materia\u0142u poliestrowego, kt\u00f3ry \u0142atwo mo\u017cna wyczy\u015bci\u0107<\/p>\n","protected":false},"featured_media":25104,"comment_status":"closed","ping_status":"closed","template":"","meta":[],"product_brand":[],"product_cat":[774,780,791],"product_tag":[],"class_list":{"0":"post-25108","1":"product","2":"type-product","3":"status-publish","4":"has-post-thumbnail","6":"product_cat-akcesoria","7":"product_cat-akcesoria-uliczne","8":"product_cat-nerki","10":"first","11":"instock","12":"sale","13":"taxable","14":"shipping-taxable","15":"purchasable","16":"product-type-simple"},"_links":{"self":[{"href":"https:\/\/muscleforge.nl\/pl\/wp-json\/wp\/v2\/product\/25108","targetHints":{"allow":["GET"]}}],"collection":[{"href":"https:\/\/muscleforge.nl\/pl\/wp-json\/wp\/v2\/product"}],"about":[{"href":"https:\/\/muscleforge.nl\/pl\/wp-json\/wp\/v2\/types\/product"}],"replies":[{"embeddable":true,"href":"https:\/\/muscleforge.nl\/pl\/wp-json\/wp\/v2\/comments?post=25108"}],"wp:featuredmedia":[{"embeddable":true,"href":"https:\/\/muscleforge.nl\/pl\/wp-json\/wp\/v2\/media\/25104"}],"wp:attachment":[{"href":"https:\/\/muscleforge.nl\/pl\/wp-json\/wp\/v2\/media?parent=25108"}],"wp:term":[{"taxonomy":"product_brand","embeddable":true,"href":"https:\/\/muscleforge.nl\/pl\/wp-json\/wp\/v2\/product_brand?post=25108"},{"taxonomy":"product_cat","embeddable":true,"href":"https:\/\/muscleforge.nl\/pl\/wp-json\/wp\/v2\/product_cat?post=25108"},{"taxonomy":"product_tag","embeddable":true,"href":"https:\/\/muscleforge.nl\/pl\/wp-json\/wp\/v2\/product_tag?post=25108"}],"curies":[{"name":"wp","href":"https:\/\/api.w.org\/{rel}","templated":true}]}}