{"id":25795,"date":"2021-10-26T17:32:47","date_gmt":"2021-10-26T15:32:47","guid":{"rendered":"https:\/\/muscleforge.nl\/product\/pit-bull-mens-bag-hilltop-black-black\/"},"modified":"2021-10-26T17:32:47","modified_gmt":"2021-10-26T15:32:47","slug":"pit-bull-mens-bag-hilltop-black-black","status":"publish","type":"product","link":"https:\/\/muscleforge.nl\/pl\/produkt\/pit-bull-mens-bag-hilltop-black-black\/","title":{"rendered":"Pit Bull Mens Bag Hilltop Black-Black"},"content":{"rendered":"<h3>Torba na rami\u0119 z najnowszej kolekcji firmy PIT BULL WEST COAST \u2013 Hilltop<\/h3>\n<p>&nbsp;<\/p>\n<p>&#8211; wykonana z grubej i mocnej sztywnej tkaniny nylonowej<\/p>\n<p>&#8211; uniwersalny i bardzo praktyczny fason<\/p>\n<p>&#8211; dwie komory g\u0142\u00f3wne oraz ma\u0142a kiesze\u0144 wewn\u0105trz zamykane na zamki YKK<\/p>\n<p>&#8211; okr\u0105g\u0142y metalowy puller z wyt\u0142oczonym logo marki<\/p>\n<p>&#8211; regulowany szeroki \u017cakardowy pas na rami\u0119<\/p>\n<p>&#8211; z boku wszyta silikonowa etykieta<\/p>\n<p>&#8211; wymiary: wysoko\u015b\u0107 20cm \/ szeroko\u015b\u0107 18cm \/ g\u0142\u0119boko\u015b\u0107 6cm<\/p>\n","protected":false},"excerpt":{"rendered":"<p>Torba na rami\u0119 z najnowszej kolekcji firmy PIT BULL WEST COAST \u2013 Hilltop &nbsp; &#8211; wykonana z grubej i mocnej sztywnej tkaniny nylonowej &#8211; uniwersalny i bardzo praktyczny fason &#8211; dwie komory g\u0142\u00f3wne oraz ma\u0142a kiesze\u0144 wewn\u0105trz zamykane na zamki YKK &#8211; okr\u0105g\u0142y metalowy puller z wyt\u0142oczonym logo marki &#8211; regulowany szeroki \u017cakardowy pas na&#8230;<\/p>\n","protected":false},"featured_media":25792,"comment_status":"closed","ping_status":"closed","template":"","meta":[],"product_brand":[],"product_cat":[774,780,793],"product_tag":[],"class_list":{"0":"post-25795","1":"product","2":"type-product","3":"status-publish","4":"has-post-thumbnail","6":"product_cat-akcesoria","7":"product_cat-akcesoria-uliczne","8":"product_cat-listonoszki","10":"first","11":"instock","12":"sale","13":"taxable","14":"shipping-taxable","15":"purchasable","16":"product-type-simple"},"_links":{"self":[{"href":"https:\/\/muscleforge.nl\/pl\/wp-json\/wp\/v2\/product\/25795","targetHints":{"allow":["GET"]}}],"collection":[{"href":"https:\/\/muscleforge.nl\/pl\/wp-json\/wp\/v2\/product"}],"about":[{"href":"https:\/\/muscleforge.nl\/pl\/wp-json\/wp\/v2\/types\/product"}],"replies":[{"embeddable":true,"href":"https:\/\/muscleforge.nl\/pl\/wp-json\/wp\/v2\/comments?post=25795"}],"wp:featuredmedia":[{"embeddable":true,"href":"https:\/\/muscleforge.nl\/pl\/wp-json\/wp\/v2\/media\/25792"}],"wp:attachment":[{"href":"https:\/\/muscleforge.nl\/pl\/wp-json\/wp\/v2\/media?parent=25795"}],"wp:term":[{"taxonomy":"product_brand","embeddable":true,"href":"https:\/\/muscleforge.nl\/pl\/wp-json\/wp\/v2\/product_brand?post=25795"},{"taxonomy":"product_cat","embeddable":true,"href":"https:\/\/muscleforge.nl\/pl\/wp-json\/wp\/v2\/product_cat?post=25795"},{"taxonomy":"product_tag","embeddable":true,"href":"https:\/\/muscleforge.nl\/pl\/wp-json\/wp\/v2\/product_tag?post=25795"}],"curies":[{"name":"wp","href":"https:\/\/api.w.org\/{rel}","templated":true}]}}