{"id":25959,"date":"2021-10-29T16:21:08","date_gmt":"2021-10-29T14:21:08","guid":{"rendered":"https:\/\/muscleforge.nl\/product\/ofensywa-tank-top-sportowy-tryb-zycia-blue\/"},"modified":"2024-04-12T17:40:42","modified_gmt":"2024-04-12T15:40:42","slug":"ofensywa-tank-top-sportowy-tryb-zycia-blue","status":"publish","type":"product","link":"https:\/\/muscleforge.nl\/pl\/produkt\/ofensywa-tank-top-sportowy-tryb-zycia-blue\/","title":{"rendered":"Ofensywa Tank top ,,Sportowy tryb \u017cycia&#8221; Blue"},"content":{"rendered":"<h3 class=\"productPage__title\">Tank top Ofensywa Sportowy tryb \u017cycia niebieski<\/h3>\n<p>&nbsp;<\/p>\n<p style=\"font-weight: 400;\"><span style=\"font-style: inherit; font-weight: inherit;\">Tank top OFENSYWA to jeden z najwygodniejszych modeli koszulek treningowych.<\/span><\/p>\n<div style=\"font-weight: inherit;\">\n<p><span style=\"font-style: inherit; font-weight: inherit;\">G\u0142\u0119bokie wyci\u0119cia zapewniaj\u0105 maksymaln\u0105 swobod\u0119 ruch\u00f3w podczas uprawiania sport\u00f3w ka\u017cdego typu.<\/span><\/p>\n<p>Bardzo wysokiej jako\u015bci produkt\u00a0<b><strong style=\"font-style: inherit;\">w ca\u0142o\u015bci wykonany w Polsce !<\/strong><\/b><br style=\"font-weight: 400;\" \/>Materia\u0142:\u00a0<b><strong style=\"font-style: inherit;\">100% Bawe\u0142na<\/strong><\/b><\/p>\n<p>&nbsp;<\/p>\n<\/div>\n<div style=\"font-weight: 400;\"><b><strong style=\"font-style: inherit;\"><span style=\"font-style: inherit; font-weight: inherit;\">Gwarancja zadowolenia!<\/span><\/strong><\/b><\/div>\n<p>&nbsp;<\/p>\n<p><img loading=\"lazy\" decoding=\"async\" class=\"alignnone wp-image-25901 size-large\" src=\"https:\/\/muscleforge.nl\/wp-content\/uploads\/2021\/10\/Ofensywa-Tank-top-Sportowy-tryb-zycia-Black0-1024x521.jpg\" alt=\"\" width=\"1024\" height=\"521\" srcset=\"https:\/\/muscleforge.nl\/wp-content\/uploads\/2021\/10\/Ofensywa-Tank-top-Sportowy-tryb-zycia-Black0-1024x521.jpg 1024w, https:\/\/muscleforge.nl\/wp-content\/uploads\/2021\/10\/Ofensywa-Tank-top-Sportowy-tryb-zycia-Black0-300x153.jpg 300w, https:\/\/muscleforge.nl\/wp-content\/uploads\/2021\/10\/Ofensywa-Tank-top-Sportowy-tryb-zycia-Black0-768x391.jpg 768w, https:\/\/muscleforge.nl\/wp-content\/uploads\/2021\/10\/Ofensywa-Tank-top-Sportowy-tryb-zycia-Black0-580x295.jpg 580w, https:\/\/muscleforge.nl\/wp-content\/uploads\/2021\/10\/Ofensywa-Tank-top-Sportowy-tryb-zycia-Black0-860x437.jpg 860w, https:\/\/muscleforge.nl\/wp-content\/uploads\/2021\/10\/Ofensywa-Tank-top-Sportowy-tryb-zycia-Black0-1160x590.jpg 1160w, https:\/\/muscleforge.nl\/wp-content\/uploads\/2021\/10\/Ofensywa-Tank-top-Sportowy-tryb-zycia-Black0-600x305.jpg 600w, https:\/\/muscleforge.nl\/wp-content\/uploads\/2021\/10\/Ofensywa-Tank-top-Sportowy-tryb-zycia-Black0.jpg 1384w\" sizes=\"auto, (max-width: 1024px) 100vw, 1024px\" \/><\/p>\n","protected":false},"excerpt":{"rendered":"<p>Tank top Ofensywa Sportowy tryb \u017cycia niebieski &nbsp; Tank top OFENSYWA to jeden z najwygodniejszych modeli koszulek treningowych. G\u0142\u0119bokie wyci\u0119cia zapewniaj\u0105 maksymaln\u0105 swobod\u0119 ruch\u00f3w podczas uprawiania sport\u00f3w ka\u017cdego typu. Bardzo wysokiej jako\u015bci produkt\u00a0w ca\u0142o\u015bci wykonany w Polsce !Materia\u0142:\u00a0100% Bawe\u0142na &nbsp; Gwarancja zadowolenia! &nbsp;<\/p>\n","protected":false},"featured_media":25949,"comment_status":"closed","ping_status":"closed","template":"","meta":[],"product_brand":[],"product_cat":[798,799,800,809,813],"product_tag":[],"class_list":{"0":"post-25959","1":"product","2":"type-product","3":"status-publish","4":"has-post-thumbnail","6":"product_cat-odziez","7":"product_cat-dla-mezczyzn","8":"product_cat-promocja","9":"product_cat-koszulki","10":"product_cat-tank-tops-pl","12":"first","13":"instock","14":"sale","15":"taxable","16":"shipping-taxable","17":"purchasable","18":"product-type-variable"},"_links":{"self":[{"href":"https:\/\/muscleforge.nl\/pl\/wp-json\/wp\/v2\/product\/25959","targetHints":{"allow":["GET"]}}],"collection":[{"href":"https:\/\/muscleforge.nl\/pl\/wp-json\/wp\/v2\/product"}],"about":[{"href":"https:\/\/muscleforge.nl\/pl\/wp-json\/wp\/v2\/types\/product"}],"replies":[{"embeddable":true,"href":"https:\/\/muscleforge.nl\/pl\/wp-json\/wp\/v2\/comments?post=25959"}],"wp:featuredmedia":[{"embeddable":true,"href":"https:\/\/muscleforge.nl\/pl\/wp-json\/wp\/v2\/media\/25949"}],"wp:attachment":[{"href":"https:\/\/muscleforge.nl\/pl\/wp-json\/wp\/v2\/media?parent=25959"}],"wp:term":[{"taxonomy":"product_brand","embeddable":true,"href":"https:\/\/muscleforge.nl\/pl\/wp-json\/wp\/v2\/product_brand?post=25959"},{"taxonomy":"product_cat","embeddable":true,"href":"https:\/\/muscleforge.nl\/pl\/wp-json\/wp\/v2\/product_cat?post=25959"},{"taxonomy":"product_tag","embeddable":true,"href":"https:\/\/muscleforge.nl\/pl\/wp-json\/wp\/v2\/product_tag?post=25959"}],"curies":[{"name":"wp","href":"https:\/\/api.w.org\/{rel}","templated":true}]}}