{"id":26098,"date":"2021-10-30T16:01:57","date_gmt":"2021-10-30T14:01:57","guid":{"rendered":"https:\/\/muscleforge.nl\/product\/t-shirt-trening-czyni-mistrza-black\/"},"modified":"2024-04-12T17:22:42","modified_gmt":"2024-04-12T15:22:42","slug":"t-shirt-trening-czyni-mistrza-black","status":"publish","type":"product","link":"https:\/\/muscleforge.nl\/pl\/produkt\/t-shirt-trening-czyni-mistrza-black\/","title":{"rendered":"T-shirt ,,Trening czyni mistrza&#8221; Black"},"content":{"rendered":"<div class=\"productPage__features\">\n<h3 class=\"modFeatures\"><strong>T-shirt:<\/strong>\u00a0<strong><em>&#8222;Nie ma picia, nie ma \u0107pania&#8221;<\/em><\/strong><\/h3>\n<div><\/div>\n<\/div>\n<div class=\"productPage__description\">\n<div class=\"modDescription\"><strong>Materia\u0142:<\/strong>\u00a0100% bawe\u0142na<br \/>\n<strong>Gramatura:<\/strong>\u00a0190g PREMIUM<br \/>\n<strong>Kolor:<\/strong>\u00a0szaryWysokiej jako\u015bci produkt\u00a0<strong>w ca\u0142o\u015bci wykonany w Polsce!<\/strong>Grafiki naniesione na t-shirt wykonane s\u0105 metod\u0105 sitodruku &#8211; trwa\u0142\u0105 i odporn\u0105 na pranie.<br \/>\nGwarancja zadowolenia!<\/div>\n<\/div>\n<p>&nbsp;<\/p>\n<p>&nbsp;<\/p>\n<p><img loading=\"lazy\" decoding=\"async\" class=\"alignnone wp-image-25994 size-large\" src=\"https:\/\/muscleforge.nl\/wp-content\/uploads\/2021\/10\/T-shirt-Nie-ma-picia-nie-ma-cpania-Gray0-1024x478.jpg\" alt=\"\" width=\"1024\" height=\"478\" srcset=\"https:\/\/muscleforge.nl\/wp-content\/uploads\/2021\/10\/T-shirt-Nie-ma-picia-nie-ma-cpania-Gray0-1024x478.jpg 1024w, https:\/\/muscleforge.nl\/wp-content\/uploads\/2021\/10\/T-shirt-Nie-ma-picia-nie-ma-cpania-Gray0-300x140.jpg 300w, https:\/\/muscleforge.nl\/wp-content\/uploads\/2021\/10\/T-shirt-Nie-ma-picia-nie-ma-cpania-Gray0-768x359.jpg 768w, https:\/\/muscleforge.nl\/wp-content\/uploads\/2021\/10\/T-shirt-Nie-ma-picia-nie-ma-cpania-Gray0-580x271.jpg 580w, https:\/\/muscleforge.nl\/wp-content\/uploads\/2021\/10\/T-shirt-Nie-ma-picia-nie-ma-cpania-Gray0-860x401.jpg 860w, https:\/\/muscleforge.nl\/wp-content\/uploads\/2021\/10\/T-shirt-Nie-ma-picia-nie-ma-cpania-Gray0-1160x542.jpg 1160w, https:\/\/muscleforge.nl\/wp-content\/uploads\/2021\/10\/T-shirt-Nie-ma-picia-nie-ma-cpania-Gray0-600x280.jpg 600w, https:\/\/muscleforge.nl\/wp-content\/uploads\/2021\/10\/T-shirt-Nie-ma-picia-nie-ma-cpania-Gray0.jpg 1508w\" sizes=\"auto, (max-width: 1024px) 100vw, 1024px\" \/><\/p>\n","protected":false},"excerpt":{"rendered":"<p>T-shirt:\u00a0&#8222;Nie ma picia, nie ma \u0107pania&#8221; Materia\u0142:\u00a0100% bawe\u0142na Gramatura:\u00a0190g PREMIUM Kolor:\u00a0szaryWysokiej jako\u015bci produkt\u00a0w ca\u0142o\u015bci wykonany w Polsce!Grafiki naniesione na t-shirt wykonane s\u0105 metod\u0105 sitodruku &#8211; trwa\u0142\u0105 i odporn\u0105 na pranie. Gwarancja zadowolenia! &nbsp; &nbsp;<\/p>\n","protected":false},"featured_media":26092,"comment_status":"closed","ping_status":"closed","template":"","meta":[],"product_brand":[],"product_cat":[798,799,800,809,812],"product_tag":[],"class_list":{"0":"post-26098","1":"product","2":"type-product","3":"status-publish","4":"has-post-thumbnail","6":"product_cat-odziez","7":"product_cat-dla-mezczyzn","8":"product_cat-promocja","9":"product_cat-koszulki","10":"product_cat-t-shirts-pl","12":"first","13":"instock","14":"sale","15":"taxable","16":"shipping-taxable","17":"purchasable","18":"product-type-variable"},"_links":{"self":[{"href":"https:\/\/muscleforge.nl\/pl\/wp-json\/wp\/v2\/product\/26098","targetHints":{"allow":["GET"]}}],"collection":[{"href":"https:\/\/muscleforge.nl\/pl\/wp-json\/wp\/v2\/product"}],"about":[{"href":"https:\/\/muscleforge.nl\/pl\/wp-json\/wp\/v2\/types\/product"}],"replies":[{"embeddable":true,"href":"https:\/\/muscleforge.nl\/pl\/wp-json\/wp\/v2\/comments?post=26098"}],"wp:featuredmedia":[{"embeddable":true,"href":"https:\/\/muscleforge.nl\/pl\/wp-json\/wp\/v2\/media\/26092"}],"wp:attachment":[{"href":"https:\/\/muscleforge.nl\/pl\/wp-json\/wp\/v2\/media?parent=26098"}],"wp:term":[{"taxonomy":"product_brand","embeddable":true,"href":"https:\/\/muscleforge.nl\/pl\/wp-json\/wp\/v2\/product_brand?post=26098"},{"taxonomy":"product_cat","embeddable":true,"href":"https:\/\/muscleforge.nl\/pl\/wp-json\/wp\/v2\/product_cat?post=26098"},{"taxonomy":"product_tag","embeddable":true,"href":"https:\/\/muscleforge.nl\/pl\/wp-json\/wp\/v2\/product_tag?post=26098"}],"curies":[{"name":"wp","href":"https:\/\/api.w.org\/{rel}","templated":true}]}}