{"id":26392,"date":"2021-11-06T14:15:44","date_gmt":"2021-11-06T13:15:44","guid":{"rendered":"https:\/\/muscleforge.nl\/product\/pit-bull-beanie-bubble-small-logo-dark-green\/"},"modified":"2024-04-12T17:21:45","modified_gmt":"2024-04-12T15:21:45","slug":"pit-bull-beanie-bubble-small-logo-dark-green","status":"publish","type":"product","link":"https:\/\/muscleforge.nl\/pl\/produkt\/pit-bull-beanie-bubble-small-logo-dark-green\/","title":{"rendered":"PIT BULL BEANIE BUBBLE SMALL LOGO DARK GREEN"},"content":{"rendered":"<h3>Czapka zimowa z najnowszej kolekcji firmy PIT BULL WEST COAST \u2013 Bubble Small Logo<\/h3>\n<p>&nbsp;<\/p>\n<p>&#8211; wysokiej jako\u015bci gruba i mi\u0119kka dzianina z domieszk\u0105 we\u0142ny owcy merynosowej<\/p>\n<p>&#8211; podszyta mi\u0119kkim polarem typu Windblock<\/p>\n<p>&#8211; idealna na bardzo niskie zimowe temperatury<\/p>\n<p>&#8211; lekko elastyczny materia\u0142 dopasowuje si\u0119 do kszta\u0142t\u00f3w g\u0142owy<\/p>\n<p>&#8211; du\u017ca prostok\u0105tna \u017cakardowa naszywka z logo marki<\/p>\n<p>&#8211; sk\u0142ad materia\u0142u: 10% we\u0142na merino \/ 20% we\u0142na akrylowa \/ 20% nylon \/ 50% poliester<\/p>\n","protected":false},"excerpt":{"rendered":"<p>Czapka zimowa z najnowszej kolekcji firmy PIT BULL WEST COAST \u2013 Bubble Small Logo &nbsp; &#8211; wysokiej jako\u015bci gruba i mi\u0119kka dzianina z domieszk\u0105 we\u0142ny owcy merynosowej &#8211; podszyta mi\u0119kkim polarem typu Windblock &#8211; idealna na bardzo niskie zimowe temperatury &#8211; lekko elastyczny materia\u0142 dopasowuje si\u0119 do kszta\u0142t\u00f3w g\u0142owy &#8211; du\u017ca prostok\u0105tna \u017cakardowa naszywka z&#8230;<\/p>\n","protected":false},"featured_media":26391,"comment_status":"closed","ping_status":"closed","template":"","meta":[],"product_brand":[],"product_cat":[774,780,783,785],"product_tag":[],"class_list":{"0":"post-26392","1":"product","2":"type-product","3":"status-publish","4":"has-post-thumbnail","6":"product_cat-akcesoria","7":"product_cat-akcesoria-uliczne","8":"product_cat-czapki","9":"product_cat-czapki-zimowe","11":"first","12":"instock","13":"sale","14":"taxable","15":"shipping-taxable","16":"purchasable","17":"product-type-simple"},"_links":{"self":[{"href":"https:\/\/muscleforge.nl\/pl\/wp-json\/wp\/v2\/product\/26392","targetHints":{"allow":["GET"]}}],"collection":[{"href":"https:\/\/muscleforge.nl\/pl\/wp-json\/wp\/v2\/product"}],"about":[{"href":"https:\/\/muscleforge.nl\/pl\/wp-json\/wp\/v2\/types\/product"}],"replies":[{"embeddable":true,"href":"https:\/\/muscleforge.nl\/pl\/wp-json\/wp\/v2\/comments?post=26392"}],"wp:featuredmedia":[{"embeddable":true,"href":"https:\/\/muscleforge.nl\/pl\/wp-json\/wp\/v2\/media\/26391"}],"wp:attachment":[{"href":"https:\/\/muscleforge.nl\/pl\/wp-json\/wp\/v2\/media?parent=26392"}],"wp:term":[{"taxonomy":"product_brand","embeddable":true,"href":"https:\/\/muscleforge.nl\/pl\/wp-json\/wp\/v2\/product_brand?post=26392"},{"taxonomy":"product_cat","embeddable":true,"href":"https:\/\/muscleforge.nl\/pl\/wp-json\/wp\/v2\/product_cat?post=26392"},{"taxonomy":"product_tag","embeddable":true,"href":"https:\/\/muscleforge.nl\/pl\/wp-json\/wp\/v2\/product_tag?post=26392"}],"curies":[{"name":"wp","href":"https:\/\/api.w.org\/{rel}","templated":true}]}}