{"id":26413,"date":"2021-11-06T14:44:25","date_gmt":"2021-11-06T13:44:25","guid":{"rendered":"https:\/\/muscleforge.nl\/product\/pit-bull-beanie-small-logo-burgundy\/"},"modified":"2024-04-12T17:21:17","modified_gmt":"2024-04-12T15:21:17","slug":"pit-bull-beanie-small-logo-burgundy","status":"publish","type":"product","link":"https:\/\/muscleforge.nl\/pl\/produkt\/pit-bull-beanie-small-logo-burgundy\/","title":{"rendered":"PIT BULL BEANIE SMALL LOGO BURGUNDY"},"content":{"rendered":"<h3>Czapka zimowa z najnowszej kolekcji firmy PIT BULL WEST COAST \u2013 Small Logo<\/h3>\n<p>&nbsp;<\/p>\n<p>&#8211; wysokiej jako\u015bci gruba i mi\u0119kka dzianina z domieszk\u0105 we\u0142ny owcy merynosowej<\/p>\n<p>&#8211; podszyta mi\u0119kkim polarem typu Windblock<\/p>\n<p>&#8211; idealna na bardzo niskie zimowe temperatury<\/p>\n<p>&#8211; lekko elastyczny materia\u0142 dopasowuje si\u0119 do kszta\u0142t\u00f3w g\u0142owy<\/p>\n<p>&#8211; ma\u0142a \u017cakardowa naszywka z logo marki<\/p>\n<p>&#8211; sk\u0142ad materia\u0142u: 10% we\u0142na merino \/ 20% we\u0142na akrylowa \/ 20% nylon \/ 50% poliester<\/p>\n","protected":false},"excerpt":{"rendered":"<p>Czapka zimowa z najnowszej kolekcji firmy PIT BULL WEST COAST \u2013 Small Logo &nbsp; &#8211; wysokiej jako\u015bci gruba i mi\u0119kka dzianina z domieszk\u0105 we\u0142ny owcy merynosowej &#8211; podszyta mi\u0119kkim polarem typu Windblock &#8211; idealna na bardzo niskie zimowe temperatury &#8211; lekko elastyczny materia\u0142 dopasowuje si\u0119 do kszta\u0142t\u00f3w g\u0142owy &#8211; ma\u0142a \u017cakardowa naszywka z logo marki&#8230;<\/p>\n","protected":false},"featured_media":26412,"comment_status":"closed","ping_status":"closed","template":"","meta":[],"product_brand":[],"product_cat":[774,780,783,785],"product_tag":[],"class_list":{"0":"post-26413","1":"product","2":"type-product","3":"status-publish","4":"has-post-thumbnail","6":"product_cat-akcesoria","7":"product_cat-akcesoria-uliczne","8":"product_cat-czapki","9":"product_cat-czapki-zimowe","11":"first","12":"instock","13":"sale","14":"taxable","15":"shipping-taxable","16":"purchasable","17":"product-type-simple"},"_links":{"self":[{"href":"https:\/\/muscleforge.nl\/pl\/wp-json\/wp\/v2\/product\/26413","targetHints":{"allow":["GET"]}}],"collection":[{"href":"https:\/\/muscleforge.nl\/pl\/wp-json\/wp\/v2\/product"}],"about":[{"href":"https:\/\/muscleforge.nl\/pl\/wp-json\/wp\/v2\/types\/product"}],"replies":[{"embeddable":true,"href":"https:\/\/muscleforge.nl\/pl\/wp-json\/wp\/v2\/comments?post=26413"}],"wp:featuredmedia":[{"embeddable":true,"href":"https:\/\/muscleforge.nl\/pl\/wp-json\/wp\/v2\/media\/26412"}],"wp:attachment":[{"href":"https:\/\/muscleforge.nl\/pl\/wp-json\/wp\/v2\/media?parent=26413"}],"wp:term":[{"taxonomy":"product_brand","embeddable":true,"href":"https:\/\/muscleforge.nl\/pl\/wp-json\/wp\/v2\/product_brand?post=26413"},{"taxonomy":"product_cat","embeddable":true,"href":"https:\/\/muscleforge.nl\/pl\/wp-json\/wp\/v2\/product_cat?post=26413"},{"taxonomy":"product_tag","embeddable":true,"href":"https:\/\/muscleforge.nl\/pl\/wp-json\/wp\/v2\/product_tag?post=26413"}],"curies":[{"name":"wp","href":"https:\/\/api.w.org\/{rel}","templated":true}]}}