{"id":26506,"date":"2021-11-08T19:13:12","date_gmt":"2021-11-08T18:13:12","guid":{"rendered":"https:\/\/muscleforge.nl\/product\/octagon-jacket-no-face\/"},"modified":"2024-04-12T17:20:48","modified_gmt":"2024-04-12T15:20:48","slug":"octagon-jacket-no-face","status":"publish","type":"product","link":"https:\/\/muscleforge.nl\/pl\/produkt\/octagon-jacket-no-face\/","title":{"rendered":"Octagon Jacket No Face"},"content":{"rendered":"<h3>Kurtka renomowanej firmy Octagon w ca\u0142o\u015bci wykonana w Polsce.<\/h3>\n<p>Sportowy kr\u00f3j, wysokiej jako\u015bci materia\u0142.<br \/>\nWygodna i komfortowa w u\u017cytkowaniu.<br \/>\nKurtka ocieplana podszyciem polarowym.<br \/>\nKonkretnym atutem jest ukryta kominiarka w karku (!)<br \/>\nNa lewej piersi naszyty gumowy elastomer z dysktrnym logo Octagon.<br \/>\nGwarancja zadowolenia.<\/p>\n<p>&nbsp;<\/p>\n<p>&nbsp;<\/p>\n<p>&nbsp;<\/p>\n<p><img loading=\"lazy\" decoding=\"async\" class=\"alignnone wp-image-26494 size-full\" src=\"https:\/\/muscleforge.nl\/wp-content\/uploads\/2021\/11\/Octagon-Jacket-No-Face0.jpg\" alt=\"\" width=\"685\" height=\"283\" srcset=\"https:\/\/muscleforge.nl\/wp-content\/uploads\/2021\/11\/Octagon-Jacket-No-Face0.jpg 685w, https:\/\/muscleforge.nl\/wp-content\/uploads\/2021\/11\/Octagon-Jacket-No-Face0-300x124.jpg 300w, https:\/\/muscleforge.nl\/wp-content\/uploads\/2021\/11\/Octagon-Jacket-No-Face0-580x240.jpg 580w, https:\/\/muscleforge.nl\/wp-content\/uploads\/2021\/11\/Octagon-Jacket-No-Face0-600x248.jpg 600w\" sizes=\"auto, (max-width: 685px) 100vw, 685px\" \/><\/p>\n","protected":false},"excerpt":{"rendered":"<p>Kurtka renomowanej firmy Octagon w ca\u0142o\u015bci wykonana w Polsce. Sportowy kr\u00f3j, wysokiej jako\u015bci materia\u0142. Wygodna i komfortowa w u\u017cytkowaniu. Kurtka ocieplana podszyciem polarowym. Konkretnym atutem jest ukryta kominiarka w karku (!) Na lewej piersi naszyty gumowy elastomer z dysktrnym logo Octagon. Gwarancja zadowolenia. &nbsp; &nbsp; &nbsp;<\/p>\n","protected":false},"featured_media":26497,"comment_status":"closed","ping_status":"closed","template":"","meta":[],"product_brand":[],"product_cat":[798,799,800,804,805],"product_tag":[],"class_list":{"0":"post-26506","1":"product","2":"type-product","3":"status-publish","4":"has-post-thumbnail","6":"product_cat-odziez","7":"product_cat-dla-mezczyzn","8":"product_cat-promocja","9":"product_cat-kurtki","10":"product_cat-kurtki-letnie","12":"first","13":"instock","14":"sale","15":"taxable","16":"shipping-taxable","17":"purchasable","18":"product-type-variable"},"_links":{"self":[{"href":"https:\/\/muscleforge.nl\/pl\/wp-json\/wp\/v2\/product\/26506","targetHints":{"allow":["GET"]}}],"collection":[{"href":"https:\/\/muscleforge.nl\/pl\/wp-json\/wp\/v2\/product"}],"about":[{"href":"https:\/\/muscleforge.nl\/pl\/wp-json\/wp\/v2\/types\/product"}],"replies":[{"embeddable":true,"href":"https:\/\/muscleforge.nl\/pl\/wp-json\/wp\/v2\/comments?post=26506"}],"wp:featuredmedia":[{"embeddable":true,"href":"https:\/\/muscleforge.nl\/pl\/wp-json\/wp\/v2\/media\/26497"}],"wp:attachment":[{"href":"https:\/\/muscleforge.nl\/pl\/wp-json\/wp\/v2\/media?parent=26506"}],"wp:term":[{"taxonomy":"product_brand","embeddable":true,"href":"https:\/\/muscleforge.nl\/pl\/wp-json\/wp\/v2\/product_brand?post=26506"},{"taxonomy":"product_cat","embeddable":true,"href":"https:\/\/muscleforge.nl\/pl\/wp-json\/wp\/v2\/product_cat?post=26506"},{"taxonomy":"product_tag","embeddable":true,"href":"https:\/\/muscleforge.nl\/pl\/wp-json\/wp\/v2\/product_tag?post=26506"}],"curies":[{"name":"wp","href":"https:\/\/api.w.org\/{rel}","templated":true}]}}