{"id":26669,"date":"2021-11-12T13:14:58","date_gmt":"2021-11-12T12:14:58","guid":{"rendered":"https:\/\/muscleforge.nl\/product\/scitec-nutrition-ami-no-xpress-440g\/"},"modified":"2021-11-12T13:14:58","modified_gmt":"2021-11-12T12:14:58","slug":"scitec-nutrition-ami-no-xpress-440g","status":"publish","type":"product","link":"https:\/\/muscleforge.nl\/pl\/produkt\/scitec-nutrition-ami-no-xpress-440g\/","title":{"rendered":"Scitec Nutrition Ami-NO Xpress 440g"},"content":{"rendered":"<h1 id=\"p_name\">Ami-NO Xpress<\/h1>\n<h3 id=\"p_subname\">Kompleks aminokwasowy do stosowania podczas treningu zwi\u0119kszaj\u0105cy wydajno\u015b\u0107 organizmu podczas wysi\u0142ku<\/h3>\n<p>&nbsp;<\/p>\n<p><b>AMINOKWASY MIKRONIZOWANE, BETAINA, L-CYTRULINA, BETA-ALANINA ORAZ WIELE INNYCH!<\/b><\/p>\n<p>Prze\u0142am granice treningu wraz z now\u0105 formu\u0142\u0105 AMI-NO XPRESS zaprojektowan\u0105 z my\u015bl\u0105 o wysi\u0142ku o wysokiej intensywno\u015bci! AMI-NO XPRESS to formu\u0142a do stosowania podczas treningu z 19 pieczo\u0142owicie wyselekcjonowanymi sk\u0142adnikami aktywnymi zawartymi w czterech r\u00f3\u017cnych matriksach umo\u017cliwiaj\u0105cych wysok\u0105 wydajno\u015b\u0107 organizmu podczas d\u0142ugich, wyczerpuj\u0105cych sesji treningowych! Betaina jest donorem grup metylowych do organizmu. Wiele wa\u017cnych proces\u00f3w biochemicznych jest uzale\u017cnionych w\u0142a\u015bnie od metylacji (np. metylacja Homocysteiny do formy L-metioniny, kt\u00f3ra jest cz\u0119\u015bci\u0105 sk\u0142adow\u0105 struktury dobrze znanej Kreatyny oraz jest pocz\u0105tkowym aminokwasem w procesie syntezy bia\u0142ek).<\/p>\n<p>Do\u0142o\u017cyli\u015bmy wszelkich stara\u0144, aby dostarczy\u0107 Ci aminokwas\u00f3w mikronizowanych przyspieszaj\u0105cych absorpcj\u0119 sk\u0142adnik\u00f3w aktywnych \u2013 w\u0142\u0105cznie z mikronizowanymi aminokwasami rozga\u0142\u0119zionymi BCAA, mikronizowan\u0105 L-arginin\u0105 (prekursor Tlenku azotu oraz Kreatyny). Aby zwie\u0144czy\u0107 ten produkt dodali\u015bmy jednocze\u015bnie czyst\u0105 L- cytrulin\u0119 (jeszcze lepszy wzmacniacz dzia\u0142ania Tlenku azotu!), Kwas jab\u0142kowy oraz Alpha-ketoglutaran L-argininy (AAKG), kt\u00f3re s\u0105 kluczowymi sk\u0142adnikami w zaawansowanych cyklach metabolicznych. Wszystkie dodatkowe aminokwasy, Beta-alanina, witaminy oraz sk\u0142adniki mineralne nie pozwol\u0105 Ci wypa\u015b\u0107 z rytmu podczas Twojego wycie\u0144czaj\u0105cego treningu! Fosfor oraz witaminy B6 i B12 wspomagaj\u0105 przemiany metaboliczne prowadz\u0105ce do wytworzenia energii. Witaminy B9 oraz B12 przyczyniaj\u0105 si\u0119 do redukcji uczucia zm\u0119czenia i znurzenia organizmu. Witamina C wspiera funkcjonowanie uk\u0142adu odporno\u015bciowego zar\u00f3wno podczas, jak i po zako\u0144czonej intensywnej sesji treningowej. Jej pozytywny wp\u0142yw na organizm jest zauwa\u017calny przy dziennym spo\u017cyciu o 200 mg (ilo\u015b\u0107 dostarczana w jednej porcji produktu AMI-NO XPRESS ) przewy\u017cszaj\u0105cym zalecan\u0105 dzienn\u0105 dawk\u0119 witaminy C)! Magnez odgrywa wa\u017cn\u0105 rol\u0119 w prawid\u0142owym funkcjonowaniu mi\u0119\u015bni oraz procesie syntezy bia\u0142ek. Opr\u00f3cz tego, wraz z fosforem przyczyj\u0105 si\u0119 do utrzymania tkanki kostnej w dobrej kondycji, natomiast potas utrzymuje prawid\u0142owe funkcjonowanie mi\u0119\u015bni, odpowiednie ci\u015bnienie krwi oraz stan uk\u0142adu nerwowego.<\/p>\n<h3 class=\"p-header2\">Spos\u00f3b u\u017cycia<\/h3>\n<p>Rozpu\u015bci\u0107 jedn\u0105 porcj\u0119 produktu (22 g = 1 2\u20443 miarki) w 500 ml wody. Spo\u017cywa\u0107 raz dziennie, podczas treningu. Nie nale\u017cy przekracza\u0107 zalecanej dziennej porcji do spo\u017cycia.<\/p>\n<div id=\"p-table\" class=\"box\">\n<h3 class=\"l-title\">INFORMACJE DOTYCZ\u0104CE PRODUKTU<\/h3>\n<div class=\"box_border\">\n<table id=\"t-product\" border=\"0\" width=\"958\" cellspacing=\"0\" cellpadding=\"0\">\n<tbody>\n<tr>\n<td colspan=\"7\"><strong>Zawarto\u015b\u0107 w jednej porcji<\/strong>: 22 g (1 2\u20443 miarki)<\/td>\n<\/tr>\n<tr class=\"t-row\">\n<td colspan=\"2\" rowspan=\"1\"><strong>w porcji dziennej (22 g)<\/strong><\/td>\n<td rowspan=\"1\"><strong>ZDS%* w porcji 22g<\/strong><\/td>\n<td align=\"right\"><\/td>\n<td colspan=\"2\" rowspan=\"1\"><strong>w porcji dziennej (22 g)<\/strong><\/td>\n<td rowspan=\"1\"><strong>ZDS%* w porcji 22g<\/strong><\/td>\n<\/tr>\n<tr>\n<td width=\"27%\"><strong>Witamina B6<\/strong>\u00a0(Pirydoksyna)<\/td>\n<td align=\"right\" width=\"7%\">2.8 mg<\/td>\n<td align=\"right\" width=\"13%\">200%<\/td>\n<td align=\"right\" width=\"6%\"><\/td>\n<td width=\"27%\"><strong>Magnez<\/strong><\/td>\n<td align=\"right\" width=\"7%\">56.3 mg<\/td>\n<td align=\"right\" width=\"13%\">15%<\/td>\n<\/tr>\n<tr class=\"t-row\">\n<td><strong>Witamina B9<\/strong>\u00a0(Kwas foliowy)<\/td>\n<td align=\"right\">30.2 \u03bcg<\/td>\n<td align=\"right\">15%<\/td>\n<td align=\"right\"><\/td>\n<td><strong>Fosfor<\/strong><\/td>\n<td align=\"right\">350 mg<\/td>\n<td align=\"right\">50%<\/td>\n<\/tr>\n<tr>\n<td><strong>Witamina B12<\/strong>\u00a0(Cyjanokobalamina)<\/td>\n<td align=\"right\">0.38 \u03bcg<\/td>\n<td align=\"right\">15%<\/td>\n<td align=\"right\"><\/td>\n<td><strong>Potas<\/strong><\/td>\n<td align=\"right\">441 mg<\/td>\n<td align=\"right\">22%<\/td>\n<\/tr>\n<tr class=\"t-row\">\n<td><strong>Witamina C<\/strong>\u00a0(Kwas L-askorbinowy)<\/td>\n<td align=\"right\">200 mg<\/td>\n<td align=\"right\">250%<\/td>\n<td align=\"right\"><\/td>\n<td><\/td>\n<td align=\"right\"><\/td>\n<td align=\"right\"><\/td>\n<\/tr>\n<tr class=\"alsoborder\">\n<td colspan=\"7\"><\/td>\n<\/tr>\n<tr class=\"t-row\">\n<td colspan=\"2\" rowspan=\"1\"><strong>Zastrze\u017cony matriks Ami-NO<\/strong><\/td>\n<td rowspan=\"1\"><strong>18809 mg<\/strong><\/td>\n<td><\/td>\n<td><\/td>\n<td><\/td>\n<td><\/td>\n<\/tr>\n<tr>\n<td colspan=\"2\"><strong>Mieszanka Ami-NO XPRESS<\/strong><\/td>\n<td>7781 mg<\/td>\n<td><\/td>\n<td colspan=\"2\" rowspan=\"1\"><strong>Kompleks aminokwasowy<\/strong><\/td>\n<td>3000 mg<\/td>\n<\/tr>\n<tr class=\"t-row\">\n<td colspan=\"3\">Betaina bezwodna (2500mg), L-cytrulina (1531mg), Beta-alanina (1500mg), Kwas DL-jab\u0142kowy (1500mg), L-arginina mikronizowana (500mg), Alfa-ketoglutaran L-argininy [AAKG 2:1] (250mg).<\/td>\n<td><\/td>\n<td colspan=\"3\" rowspan=\"1\">L-glutamina (1000mg), Tauryna (1000mg), L-tyrozyna (1000 mg)<\/td>\n<\/tr>\n<tr>\n<td colspan=\"2\"><strong>Mikronizowany kompleks BCAA XPRESS<\/strong><\/td>\n<td>5000 mg<\/td>\n<td><\/td>\n<td rowspan=\"1\"><strong>Kompleks regeneracyjny<\/strong><\/td>\n<td colspan=\"2\" rowspan=\"1\">3027.8 mg<\/td>\n<\/tr>\n<tr class=\"t-row\">\n<td colspan=\"3\">Mikronizowana L-leucyna (2500mg), Mikronizowana L-izoleucyna (1250mg), Mikronizowana L-walina (1250mg)<\/td>\n<td><\/td>\n<td colspan=\"3\" rowspan=\"1\">Sole sodowe kwasu ortofosforowego (1600mg), Glicyna (1000mg), W\u0119glan magnezu (224mg), Witamina C (200mg), Chlorowodorek pirydoksyny (3,45mg), Kwas pteroilomonoglutaminowy (330\u03bcg), Cyjanokobalamina (40\u03bcg).<\/td>\n<\/tr>\n<tr>\n<td colspan=\"7\" height=\"10\"><\/td>\n<\/tr>\n<tr class=\"felsoborder\">\n<td colspan=\"8\">*ZDS% &#8211; Zalecane dzienne spo\u017cycie<\/td>\n<\/tr>\n<\/tbody>\n<\/table>\n<\/div>\n<div class=\"clear\"><\/div>\n<\/div>\n<div id=\"p-ingredients\" class=\"box\">\n<h3 class=\"l-title\">SK\u0141ADNIKI<\/h3>\n<div class=\"box_border\"><strong>Pomara\u0144cza-mango<\/strong>: Betaina bezwodna, Mikronizowna L-leucyna, aromaty (soku pomara\u0144czowego, mango, pomara\u0144czowy), Sole sodowe kwasu ortofosforowego, L-cytrulina, Beta-alanina, Kwas DL-jab\u0142kowy, Mikronizowana L-izoleucyna, Mikronizowana L-walina, Glicyna, L-glutamina, L-tyrozyna, Tauryna, Regulator kwasowo\u015bci (Kwas cytrynowy), Mikronizowana L-arginina bazowa, Alfa-ketoglutaran L-argininy 2:1, W\u0119glan magnezu, substancje s\u0142odz\u0105ce (Suklaroza, Acesulfam K), Kwas L-askorbinowy, barwnik (Ryboflawina), Chlorowodorek pirydoksyny, Kwas pteroilomonoglutaminowy, Cyjanokobalamina<\/p>\n<p><strong>Brzoskwiniowa herbata mro\u017cona<\/strong>:Betaina bezwodna, Mikronizowna L-leucyna, aromaty (brzoskwiniowy, czarnej herbaty), Sole sodowe kwasu ortofosforowego, L-cytrulina, Beta-alanina, Kwas DL-jab\u0142kowy, Mikronizowana L-izoleucyna, Mikronizowana L-walina, Glicyna, L-glutamina, L-tyrozyna, Tauryna, Regulator kwasowo\u015bci (Kwas cytrynowy), Mikronizowana L-arginina bazowa, Alfa-ketoglutaran L-argininy 2:1, W\u0119glan magnezu, substancje s\u0142odz\u0105ce (Suklaroza, Acesulfam K), Kwas L-askorbinowy, barwnik (Karmel amoniakalny), Chlorowodorek pirydoksyny, Kwas pteroilomonoglutaminowy, Cyjanokobalamina<\/div>\n<\/div>\n<p class=\"p-header2\"><strong>Informacje alergiczne<\/strong><\/p>\n<p>Produkt mo\u017ce zawiera\u0107: mleko, jaja, zbo\u017ca zawieraj\u0105ce gluten, soj\u0119, orzechy, seler, skorupiaki i ryby oraz ich produkty pochodne.<\/p>\n<p><strong>Uwaga!<\/strong><\/p>\n<p>Produkt nie mo\u017ce by\u0107 stosowany jako substytut (zamiennik) zr\u00f3\u017cnicowanej diety.<\/p>\n<p><strong>\u00a0Opakowanie<\/strong><\/p>\n<p>440 g \u2013 20 porcji<\/p>\n","protected":false},"excerpt":{"rendered":"<p>Ami-NO Xpress Kompleks aminokwasowy do stosowania podczas treningu zwi\u0119kszaj\u0105cy wydajno\u015b\u0107 organizmu podczas wysi\u0142ku &nbsp; AMINOKWASY MIKRONIZOWANE, BETAINA, L-CYTRULINA, BETA-ALANINA ORAZ WIELE INNYCH! Prze\u0142am granice treningu wraz z now\u0105 formu\u0142\u0105 AMI-NO XPRESS zaprojektowan\u0105 z my\u015bl\u0105 o wysi\u0142ku o wysokiej intensywno\u015bci! AMI-NO XPRESS to formu\u0142a do stosowania podczas treningu z 19 pieczo\u0142owicie wyselekcjonowanymi sk\u0142adnikami aktywnymi zawartymi w&#8230;<\/p>\n","protected":false},"featured_media":26667,"comment_status":"closed","ping_status":"closed","template":"","meta":[],"product_brand":[],"product_cat":[728,833,870,862],"product_tag":[],"class_list":{"0":"post-26669","1":"product","2":"type-product","3":"status-publish","4":"has-post-thumbnail","6":"product_cat-suplementy-diety","7":"product_cat-aminokwasy","8":"product_cat-na-pompe-miesniowa","9":"product_cat-przedtreningowki","11":"first","12":"instock","13":"taxable","14":"shipping-taxable","15":"purchasable","16":"product-type-variable"},"_links":{"self":[{"href":"https:\/\/muscleforge.nl\/pl\/wp-json\/wp\/v2\/product\/26669","targetHints":{"allow":["GET"]}}],"collection":[{"href":"https:\/\/muscleforge.nl\/pl\/wp-json\/wp\/v2\/product"}],"about":[{"href":"https:\/\/muscleforge.nl\/pl\/wp-json\/wp\/v2\/types\/product"}],"replies":[{"embeddable":true,"href":"https:\/\/muscleforge.nl\/pl\/wp-json\/wp\/v2\/comments?post=26669"}],"wp:featuredmedia":[{"embeddable":true,"href":"https:\/\/muscleforge.nl\/pl\/wp-json\/wp\/v2\/media\/26667"}],"wp:attachment":[{"href":"https:\/\/muscleforge.nl\/pl\/wp-json\/wp\/v2\/media?parent=26669"}],"wp:term":[{"taxonomy":"product_brand","embeddable":true,"href":"https:\/\/muscleforge.nl\/pl\/wp-json\/wp\/v2\/product_brand?post=26669"},{"taxonomy":"product_cat","embeddable":true,"href":"https:\/\/muscleforge.nl\/pl\/wp-json\/wp\/v2\/product_cat?post=26669"},{"taxonomy":"product_tag","embeddable":true,"href":"https:\/\/muscleforge.nl\/pl\/wp-json\/wp\/v2\/product_tag?post=26669"}],"curies":[{"name":"wp","href":"https:\/\/api.w.org\/{rel}","templated":true}]}}