{"id":27630,"date":"2022-02-03T15:35:13","date_gmt":"2022-02-03T14:35:13","guid":{"rendered":"https:\/\/muscleforge.nl\/product\/trec-nutrition-beta-alanine-powder-180g\/"},"modified":"2025-02-07T13:55:57","modified_gmt":"2025-02-07T12:55:57","slug":"trec-nutrition-beta-alanine-powder-180g","status":"publish","type":"product","link":"https:\/\/muscleforge.nl\/pl\/produkt\/trec-nutrition-beta-alanine-powder-180g\/","title":{"rendered":"Trec Nutrition Beta-Alanine Powder 180g."},"content":{"rendered":"<h1><strong>TREC NUTRITION BETA-ALANINE POWDER<\/strong><\/h1>\n<h3>Trec Nutrition Beta-Alanine Powder to zaawansowany suplement wspomagaj\u0105cy wydolno\u015b\u0107 mi\u0119\u015bniow\u0105, oparty na beta-alaninie i witaminie B6. Regularna suplementacja pomaga zwi\u0119kszy\u0107 wytrzyma\u0142o\u015b\u0107, op\u00f3\u017ania uczucie zm\u0119czenia oraz wspiera regeneracj\u0119 po intensywnym wysi\u0142ku.<\/h3>\n<h3><strong>Zalety produktu<\/strong><\/h3>\n<ul>\n<li><strong>Beta-alanina<\/strong> \u2013 zwi\u0119ksza poziom karnozyny w mi\u0119\u015bniach, op\u00f3\u017aniaj\u0105c zm\u0119czenie<\/li>\n<li><strong>Wspiera wytrzyma\u0142o\u015b\u0107 i si\u0142\u0119<\/strong> \u2013 idealny dla sportowc\u00f3w wytrzyma\u0142o\u015bciowych i si\u0142owych<\/li>\n<li><strong>Witamina B6<\/strong> \u2013 przyczynia si\u0119 do prawid\u0142owego metabolizmu energetycznego<\/li>\n<li><strong>Lepsza regeneracja mi\u0119\u015bni<\/strong> \u2013 pomaga w szybszym powrocie do pe\u0142nej sprawno\u015bci po wysi\u0142ku<\/li>\n<li><strong>\u015awietna rozpuszczalno\u015b\u0107 i smak<\/strong> \u2013 \u0142atwa suplementacja<\/li>\n<\/ul>\n<p>Beta-alanina jest kluczowym prekursorem karnozyny \u2013 substancji buforuj\u0105cej w mi\u0119\u015bniach, kt\u00f3ra pomaga neutralizowa\u0107 jony wodorowe powstaj\u0105ce podczas intensywnego wysi\u0142ku. Dzi\u0119ki temu op\u00f3\u017ania zm\u0119czenie i wspomaga wytrzyma\u0142o\u015b\u0107. Dodatek witaminy B6 dodatkowo wspiera metabolizm energetyczny oraz redukuje uczucie zm\u0119czenia i znu\u017cenia.<\/p>\n<h3><strong>Dawkowanie<\/strong><\/h3>\n<p>Jednorazow\u0105 porcj\u0119 produktu \u2013 1,5 g (2 miarki) rozpu\u015bci\u0107 w 100 ml wody. Stosowa\u0107 3 porcje dziennie.<\/p>\n<p><b>W dni treningowe:\u00a0<\/b>pierwsz\u0105 porcj\u0119 rano po przebudzeniu, drug\u0105 porcj\u0119 30 min. przed treningiem, trzeci\u0105 porcj\u0119 bezpo\u015brednio po treningu.<\/p>\n<p><b>W dni nietreningowe:\u00a0<\/b>pierwsz\u0105 porcj\u0119 rano po przebudzeniu, drug\u0105 porcj\u0119 pomi\u0119dzy posi\u0142kami, trzeci\u0105 porcj\u0119 przed snem.<\/p>\n<p>Porcja produktu zalecana do spo\u017cycia w ci\u0105gu dnia to 4,5 g.<\/p>\n<h3><\/h3>\n<h3><strong>Tabela warto\u015bci od\u017cywczych<\/strong><\/h3>\n<table>\n<thead>\n<tr>\n<th><strong>Sk\u0142adnik<\/strong><\/th>\n<th><strong>Na porcj\u0119 (1,5 g)<\/strong><\/th>\n<th><strong>Na porcj\u0119 (4,5 g)**<\/strong><\/th>\n<\/tr>\n<\/thead>\n<tbody>\n<tr>\n<td><strong>Beta-alanina<\/strong><\/td>\n<td>800 mg<\/td>\n<td>2400 mg<\/td>\n<\/tr>\n<tr>\n<td><strong>Witamina B6<\/strong><\/td>\n<td>0,07 mg (5%*)<\/td>\n<td>0,21 mg (15%*)<\/td>\n<\/tr>\n<\/tbody>\n<\/table>\n<p>*% Referencyjna Warto\u015b\u0107 Spo\u017cycia<\/p>\n<p>**Dzienna porcja produktu<\/p>\n<p>&nbsp;<\/p>\n<h3><strong>Sk\u0142adniki<\/strong><\/h3>\n<p>Beta-alanina (53,3%); maltodekstryna; regulator kwasowo\u015bci \u2013 kwas cytrynowy; aromaty; substancja s\u0142odz\u0105ca \u2013 sukraloza; substancja przeciwzbrylaj\u0105ca \u2013 dwutlenek krzemu; koncentrat soku z buraka dla smaku grejpfrutowego i arbuzowego; chlorowodorek pirydoksyny (0,001%).<\/p>\n<h3><strong>Ostrze\u017cenia<\/strong><\/h3>\n<p>Nie nale\u017cy przekracza\u0107 zalecanej porcji do spo\u017cycia w ci\u0105gu dnia. Produkt nie mo\u017ce by\u0107 stosowany jako substytut zr\u00f3\u017cnicowanej diety. Preparat nie jest przeznaczony dla dzieci, kobiet w ci\u0105\u017cy oraz karmi\u0105cych. Zr\u00f3wnowa\u017cona dieta i zdrowy tryb \u017cycia s\u0105 wa\u017cne.<\/p>\n<p>Produkt mo\u017ce zawiera\u0107: <strong>mleko, soj\u0119, zbo\u017ca zawieraj\u0105ce gluten, jaja, orzeszki ziemne i orzechy.<\/strong><\/p>\n","protected":false},"excerpt":{"rendered":"<p>TREC NUTRITION BETA-ALANINE POWDER Trec Nutrition Beta-Alanine Powder to zaawansowany suplement wspomagaj\u0105cy wydolno\u015b\u0107 mi\u0119\u015bniow\u0105, oparty na beta-alaninie i witaminie B6. Regularna suplementacja pomaga zwi\u0119kszy\u0107 wytrzyma\u0142o\u015b\u0107, op\u00f3\u017ania uczucie zm\u0119czenia oraz wspiera regeneracj\u0119 po intensywnym wysi\u0142ku. Zalety produktu Beta-alanina \u2013 zwi\u0119ksza poziom karnozyny w mi\u0119\u015bniach, op\u00f3\u017aniaj\u0105c zm\u0119czenie Wspiera wytrzyma\u0142o\u015b\u0107 i si\u0142\u0119 \u2013 idealny dla sportowc\u00f3w wytrzyma\u0142o\u015bciowych i&#8230;<\/p>\n","protected":false},"featured_media":27629,"comment_status":"closed","ping_status":"closed","template":"","meta":[],"product_brand":[],"product_cat":[728,837],"product_tag":[],"class_list":{"0":"post-27630","1":"product","2":"type-product","3":"status-publish","4":"has-post-thumbnail","6":"product_cat-suplementy-diety","7":"product_cat-beta-alanina","9":"first","10":"instock","11":"taxable","12":"shipping-taxable","13":"purchasable","14":"product-type-variable"},"_links":{"self":[{"href":"https:\/\/muscleforge.nl\/pl\/wp-json\/wp\/v2\/product\/27630","targetHints":{"allow":["GET"]}}],"collection":[{"href":"https:\/\/muscleforge.nl\/pl\/wp-json\/wp\/v2\/product"}],"about":[{"href":"https:\/\/muscleforge.nl\/pl\/wp-json\/wp\/v2\/types\/product"}],"replies":[{"embeddable":true,"href":"https:\/\/muscleforge.nl\/pl\/wp-json\/wp\/v2\/comments?post=27630"}],"wp:featuredmedia":[{"embeddable":true,"href":"https:\/\/muscleforge.nl\/pl\/wp-json\/wp\/v2\/media\/27629"}],"wp:attachment":[{"href":"https:\/\/muscleforge.nl\/pl\/wp-json\/wp\/v2\/media?parent=27630"}],"wp:term":[{"taxonomy":"product_brand","embeddable":true,"href":"https:\/\/muscleforge.nl\/pl\/wp-json\/wp\/v2\/product_brand?post=27630"},{"taxonomy":"product_cat","embeddable":true,"href":"https:\/\/muscleforge.nl\/pl\/wp-json\/wp\/v2\/product_cat?post=27630"},{"taxonomy":"product_tag","embeddable":true,"href":"https:\/\/muscleforge.nl\/pl\/wp-json\/wp\/v2\/product_tag?post=27630"}],"curies":[{"name":"wp","href":"https:\/\/api.w.org\/{rel}","templated":true}]}}