{"id":27642,"date":"2022-02-03T16:10:11","date_gmt":"2022-02-03T15:10:11","guid":{"rendered":"https:\/\/muscleforge.nl\/product\/trec-nutrition-aakg-powder-240g\/"},"modified":"2025-02-07T14:05:36","modified_gmt":"2025-02-07T13:05:36","slug":"trec-nutrition-aakg-powder-240g","status":"publish","type":"product","link":"https:\/\/muscleforge.nl\/pl\/produkt\/trec-nutrition-aakg-powder-240g\/","title":{"rendered":"Trec Nutrition AAKG Powder 240g"},"content":{"rendered":"<h1><strong>TREC NUTRITION AAKG POWDER<\/strong><\/h1>\n<p>Trec Nutrition AAKG Powder to zaawansowany suplement zawieraj\u0105cy alfa-ketoglutaran L-argininy (AAKG), kt\u00f3ry wspiera produkcj\u0119 tlenku azotu (NO), poprawiaj\u0105c ukrwienie i zwi\u0119kszaj\u0105c efekt &#8222;pompy mi\u0119\u015bniowej&#8221; podczas treningu. Dodatek witaminy B6 wspomaga metabolizm energetyczny i redukuje uczucie zm\u0119czenia.<\/p>\n<h4><strong>Zalety produktu<\/strong><\/h4>\n<ul>\n<li>Zawiera alfa-ketoglutaran L-argininy (AAKG) \u2013 wspomaga produkcj\u0119 tlenku azotu i poprawia ukrwienie<\/li>\n<li>Zwi\u0119ksza efekt pompy mi\u0119\u015bniowej i wspiera intensywne treningi<\/li>\n<li>Wspomaga transport tlenu i sk\u0142adnik\u00f3w od\u017cywczych do mi\u0119\u015bni<\/li>\n<li>Witamina B6 wspiera metabolizm energetyczny i redukuje zm\u0119czenie<\/li>\n<li>\u015awietna rozpuszczalno\u015b\u0107 i doskona\u0142y smak<\/li>\n<\/ul>\n<h4><\/h4>\n<p>AAKG to zaawansowana forma L-argininy, kt\u00f3ra cechuje si\u0119 lepsz\u0105 przyswajalno\u015bci\u0105 i skuteczno\u015bci\u0105 ni\u017c tradycyjna L-arginina. Bierze udzia\u0142 w syntezie tlenku azotu (NO), co poprawia przep\u0142yw krwi, zwi\u0119ksza pomp\u0119 mi\u0119\u015bniow\u0105 i poprawia dostarczanie tlenu oraz sk\u0142adnik\u00f3w od\u017cywczych do mi\u0119\u015bni. Efektem jest zwi\u0119kszona si\u0142a i wytrzyma\u0142o\u015b\u0107 podczas treningu.<\/p>\n<p>Witamina B6 dodatkowo wspiera metabolizm energetyczny, zmniejszaj\u0105c uczucie zm\u0119czenia i znu\u017cenia. Dzi\u0119ki temu AAKG Powder jest idealnym pre-workoutem dla sportowc\u00f3w, kt\u00f3rzy chc\u0105 maksymalnie poprawi\u0107 swoje osi\u0105gi.<\/p>\n<p>&nbsp;<\/p>\n<h3><strong>Spos\u00f3b u\u017cycia<\/strong><\/h3>\n<p>Jednorazow\u0105 porcj\u0119 produktu <strong>6 g (1 miarka)<\/strong> rozpu\u015bci\u0107 w <strong>200 ml wody<\/strong>. Spo\u017cywa\u0107 <strong>1 porcj\u0119 dziennie, 30 minut przed treningiem<\/strong>.<\/p>\n<p><strong>Zalecana dzienna porcja: 6 g.<\/strong><\/p>\n<p>&nbsp;<\/p>\n<h3><strong>Tabela warto\u015bci od\u017cywczych<\/strong><\/h3>\n<table>\n<thead>\n<tr>\n<th><strong>Sk\u0142adnik<\/strong><\/th>\n<th><strong>Na porcj\u0119 (6 g)<\/strong><\/th>\n<\/tr>\n<\/thead>\n<tbody>\n<tr>\n<td><strong>Alfa-Ketoglutaran L-Argininy (AAKG)<\/strong><\/td>\n<td>5200 mg<\/td>\n<\/tr>\n<tr>\n<td>&#8211; w tym L-Arginina<\/td>\n<td>3380 mg<\/td>\n<\/tr>\n<tr>\n<td><strong>Witamina B6<\/strong><\/td>\n<td>0,80 mg (57%*)<\/td>\n<\/tr>\n<\/tbody>\n<\/table>\n<p>*Referencyjna Warto\u015b\u0107 Spo\u017cycia (RWS) dla przeci\u0119tnej osoby doros\u0142ej.<\/p>\n<h4><strong>Sk\u0142adniki<\/strong><\/h4>\n<p>Alfa-ketoglutaran L-argininy (AAKG) (86,7%), regulator kwasowo\u015bci \u2013 kwas cytrynowy, aromaty, koncentrat soku z buraka dla smaku grejpfrutowego, substancja przeciwzbrylaj\u0105ca \u2013 dwutlenek krzemu, substancja s\u0142odz\u0105ca \u2013 sukraloza, barwnik dla smaku cytrynowego i pomara\u0144czowego \u2013 beta-karoten, s\u00f3l, chlorowodorek pirydoksyny (0,02%).<\/p>\n<h4><strong>Ostrze\u017cenia<\/strong><\/h4>\n<p>Nie nale\u017cy przekracza\u0107 zalecanej porcji do spo\u017cycia w ci\u0105gu dnia. Produkt nie mo\u017ce by\u0107 stosowany jako substytut zr\u00f3\u017cnicowanej diety. Preparat nie jest przeznaczony dla dzieci, kobiet w ci\u0105\u017cy oraz karmi\u0105cych. Zr\u00f3wnowa\u017cona dieta i zdrowy tryb \u017cycia s\u0105 wa\u017cne.<\/p>\n<p>Produkt mo\u017ce zawiera\u0107: mleko, soj\u0119, zbo\u017ca zawieraj\u0105ce gluten, ryby i orzeszki ziemne.<\/p>\n","protected":false},"excerpt":{"rendered":"<p>TREC NUTRITION AAKG POWDER Trec Nutrition AAKG Powder to zaawansowany suplement zawieraj\u0105cy alfa-ketoglutaran L-argininy (AAKG), kt\u00f3ry wspiera produkcj\u0119 tlenku azotu (NO), poprawiaj\u0105c ukrwienie i zwi\u0119kszaj\u0105c efekt &#8222;pompy mi\u0119\u015bniowej&#8221; podczas treningu. Dodatek witaminy B6 wspomaga metabolizm energetyczny i redukuje uczucie zm\u0119czenia. Zalety produktu Zawiera alfa-ketoglutaran L-argininy (AAKG) \u2013 wspomaga produkcj\u0119 tlenku azotu i poprawia ukrwienie Zwi\u0119ksza&#8230;<\/p>\n","protected":false},"featured_media":27637,"comment_status":"closed","ping_status":"closed","template":"","meta":[],"product_brand":[],"product_cat":[728,772,870],"product_tag":[],"class_list":{"0":"post-27642","1":"product","2":"type-product","3":"status-publish","4":"has-post-thumbnail","6":"product_cat-suplementy-diety","7":"product_cat-aakgarginina","8":"product_cat-na-pompe-miesniowa","10":"first","11":"instock","12":"taxable","13":"shipping-taxable","14":"purchasable","15":"product-type-variable"},"_links":{"self":[{"href":"https:\/\/muscleforge.nl\/pl\/wp-json\/wp\/v2\/product\/27642","targetHints":{"allow":["GET"]}}],"collection":[{"href":"https:\/\/muscleforge.nl\/pl\/wp-json\/wp\/v2\/product"}],"about":[{"href":"https:\/\/muscleforge.nl\/pl\/wp-json\/wp\/v2\/types\/product"}],"replies":[{"embeddable":true,"href":"https:\/\/muscleforge.nl\/pl\/wp-json\/wp\/v2\/comments?post=27642"}],"wp:featuredmedia":[{"embeddable":true,"href":"https:\/\/muscleforge.nl\/pl\/wp-json\/wp\/v2\/media\/27637"}],"wp:attachment":[{"href":"https:\/\/muscleforge.nl\/pl\/wp-json\/wp\/v2\/media?parent=27642"}],"wp:term":[{"taxonomy":"product_brand","embeddable":true,"href":"https:\/\/muscleforge.nl\/pl\/wp-json\/wp\/v2\/product_brand?post=27642"},{"taxonomy":"product_cat","embeddable":true,"href":"https:\/\/muscleforge.nl\/pl\/wp-json\/wp\/v2\/product_cat?post=27642"},{"taxonomy":"product_tag","embeddable":true,"href":"https:\/\/muscleforge.nl\/pl\/wp-json\/wp\/v2\/product_tag?post=27642"}],"curies":[{"name":"wp","href":"https:\/\/api.w.org\/{rel}","templated":true}]}}