{"id":27676,"date":"2022-02-03T19:05:16","date_gmt":"2022-02-03T18:05:16","guid":{"rendered":"https:\/\/muscleforge.nl\/product\/trec-nutrition-melatonin-90-cap\/"},"modified":"2024-04-12T17:14:53","modified_gmt":"2024-04-12T15:14:53","slug":"trec-nutrition-melatonin-90-cap","status":"publish","type":"product","link":"https:\/\/muscleforge.nl\/pl\/produkt\/trec-nutrition-melatonin-90-cap\/","title":{"rendered":"Trec Nutrition Melatonin 90 cap."},"content":{"rendered":"<h1>MELATONIN \u2013 melatonina \u2013 90 kapsu\u0142ek<\/h1>\n<ul>\n<li>Wspiera proces zasypiania<\/li>\n<li>Pomaga spokojnie przespa\u0107 noc<\/li>\n<li>\u0141agodzi skutki zmiany strefy czasowej<\/li>\n<li>Dla os\u00f3b pracuj\u0105cych zmianowo<\/li>\n<\/ul>\n<p>Vitality Melatonin to suplement diety, kt\u00f3ry w naturalny spos\u00f3b wspomaga zasypianie. To doskona\u0142a propozycja dla wszystkich, kt\u00f3rzy maj\u0105 k\u0142opoty ze spokojnym przespaniem nocy i nie potrafi\u0105 wieczorem zapa\u015b\u0107 w sen. Preparat wystarcza na 90 dni stosowania.<\/p>\n<h3>Dobry i zdrowy sen\u00a0przez ca\u0142\u0105 noc<\/h3>\n<p>Kolejny raz przewracasz si\u0119 z boku na bok, a sen nie nadchodzi. Po\u0142o\u017cy\u0107 si\u0119 na plecach, czy na boku? A mo\u017ce pod ko\u0142dr\u0105 jest mi za ciep\u0142o i dlatego nie mog\u0119 zasn\u0105\u0107? Trzy razy poprawi\u0142e\u015b ju\u017c poduszk\u0119, napi\u0142e\u015b si\u0119 wody, przewietrzy\u0142e\u015b sypialni\u0119 i dalej nic. Brzmi znajomo? Bezsenno\u015b\u0107 to bardzo m\u0119cz\u0105ca przypad\u0142o\u015b\u0107, przez kt\u00f3r\u0105 czujesz si\u0119 zm\u0119czony, a mimo to i tak nie mo\u017cesz zasn\u0105\u0107.\u00a0Na szcz\u0119\u015bcie nie musi tak by\u0107. Mo\u017cesz pom\u00f3c cia\u0142u wr\u00f3ci\u0107 na w\u0142a\u015bciwe tory dzi\u0119ki melatoninie.<\/p>\n<p>Melatonina to hormon, kt\u00f3ry naturalnie wyst\u0119puje w organizmie, jest nazywany hormonem snu. Jego st\u0119\u017cenie ro\u015bnie wraz z por\u0105 dnia, by wieczorem osi\u0105gn\u0105\u0107 maksymalne st\u0119\u017cenie &#8211; wtedy stajemy si\u0119 senni i \u0142atwo nam zasn\u0105\u0107. Im bli\u017cej rana, tym st\u0119\u017cenie hormonu maleje, dzi\u0119ki czemu czujemy si\u0119 wypocz\u0119ci i gotowi do dzia\u0142ania. Czasami jednak mechanizm dnia i nocy w organizmie zawodzi, co skutkuje bezsenno\u015bci\u0105 i k\u0142opotami z za\u015bni\u0119ciem.\u00a0<em>Mo\u017cna go jednak &#8222;naprawi\u0107&#8221; przyjmuj\u0105c melatonin\u0119 z zewn\u0105trz &#8211; suplementacj\u0105.<\/em>\u00a0Za\u017cywanie melatoniny przed snem pomaga uregulowa\u0107\u00a0wewn\u0119trzny zegar biologiczny\u00a0tak, by zasypianie by\u0142o prostsze.<\/p>\n<h3>Vitality Melatonin od Trec &#8211; na dobranoc<\/h3>\n<p>Na naturaln\u0105 produkcj\u0119 melatoniny mo\u017ce mie\u0107 wp\u0142yw wiele czynnik\u00f3w. Cz\u0119ste zarywanie nocy, praca zmianowa, stres &#8211; to wszystko oddzia\u0142uje na zegar biologiczny. R\u00f3wnie\u017c\u00a0osoby podr\u00f3\u017cuj\u0105ce mog\u0105 odczu\u0107 zaburzenia cyklu dnia i nocy, je\u015bli cz\u0119sto zmieniaj\u0105 strefy czasowe, w kt\u00f3rych przebywaj\u0105.\u00a0<strong>W takich przypadkach melatonina pozwala spokojnie zapa\u015b\u0107 w g\u0142\u0119boki sen, z kt\u00f3rego obudzisz si\u0119 wypocz\u0119ty.<\/strong>\u00a0Konsekwentnie stosowana, melatonina pomaga uregulowa\u0107 prac\u0119 zegara biologicznego. Mo\u017cesz si\u0119 wyspa\u0107 &#8211; si\u0119gnij po Vitality Melatonin i zapomnij o nocnych wybudzeniach.<\/p>\n<div id=\"pr_composition\">\n<p><strong>Sk\u0142adniki Vitality Melatonin:<\/strong>\u00a0maltodekstryna, otoczka kapsu\u0142ki (\u017celatyna, barwnik &#8211; dwutlenek tytanu), substancja przeciwzbrylaj\u0105ca &#8211; sole magnezowe kwas\u00f3w t\u0142uszczowych, melatonina (0,2%). Produkt mo\u017ce zawiera\u0107\u00a0<strong>mleko, soj\u0119, zbo\u017ca zawieraj\u0105ce gluten, jaja, orzeszki ziemne, orzechy.<\/strong><\/p>\n<table class=\"tableizer-table\">\n<thead>\n<tr class=\"tableizer-firstrow\">\n<th>Sk\u0142adniki aktywne<\/th>\n<th>1 cap<\/th>\n<\/tr>\n<\/thead>\n<tbody>\n<tr>\n<td>Melatonina<\/td>\n<td>1 mg<\/td>\n<\/tr>\n<\/tbody>\n<\/table>\n<p>*** Warto\u015bci od\u017cywcze podane w tabeli mog\u0105 nieznacznie r\u00f3\u017cni\u0107 si\u0119 w zale\u017cno\u015bci od partii. Strona jest na bie\u017c\u0105co aktualizowana, jednak zdarza si\u0119, \u017ce posiadamy na stanie kilka partii produktu.<br \/>\n* Referencyjna warto\u015b\u0107 spo\u017cycia dla przeci\u0119tnej osoby doros\u0142ej (8400 kJ\/2000 kcal)<\/p>\n<\/div>\n<div id=\"pr_dosage\">\n<p><strong>Spos\u00f3b u\u017cycia Vitality Melatonin:\u00a0<\/strong>Jednorazow\u0105 porcj\u0119 produktu &#8211; 1 kapsu\u0142k\u0119 popi\u0107 ok 150-200 ml wody. Stosowa\u0107 1 porcj\u0119 dziennie, najlepiej na 30 minut przed snem.<\/p>\n<p>Suplementy diety nie mog\u0105 by\u0107 stosowane jako substytut zr\u00f3\u017cnicowanej diety. Pami\u0119taj, \u017ce tylko zdrowy tryb \u017cycia i zr\u00f3wnowa\u017cony spos\u00f3b od\u017cywiania zapewniaj\u0105 prawid\u0142owe funkcjonowanie organizmu i zachowanie dobrej kondycji.<\/p>\n<p>Nie przekracza\u0107 zalecanej porcji do spo\u017cycia w ci\u0105gu dnia. Produkt nie mo\u017ce by\u0107 stosowany przez osoby uczulone na kt\u00f3rykolwiek z jego sk\u0142adnik\u00f3w. Przechowywa\u0107 w miejscu niedost\u0119pnym dla ma\u0142ych dzieci. Przechowywa\u0107 w miejscu suchym w temperaturze pokojowej w szczelnie zamkni\u0119tych opakowaniach.<\/p>\n<p>Nie nale\u017cy spo\u017cywa\u0107 alkoholu podczas podawania produktu. Melatonina spowalnia reakcje os\u00f3b prowadz\u0105cych samochody\u00a0 i innych os\u00f3b operuj\u0105cych maszynami podczas 5 godzin od podania.<\/p>\n<\/div>\n","protected":false},"excerpt":{"rendered":"<p>MELATONIN \u2013 melatonina \u2013 90 kapsu\u0142ek Wspiera proces zasypiania Pomaga spokojnie przespa\u0107 noc \u0141agodzi skutki zmiany strefy czasowej Dla os\u00f3b pracuj\u0105cych zmianowo Vitality Melatonin to suplement diety, kt\u00f3ry w naturalny spos\u00f3b wspomaga zasypianie. To doskona\u0142a propozycja dla wszystkich, kt\u00f3rzy maj\u0105 k\u0142opoty ze spokojnym przespaniem nocy i nie potrafi\u0105 wieczorem zapa\u015b\u0107 w sen. Preparat wystarcza na&#8230;<\/p>\n","protected":false},"featured_media":27674,"comment_status":"closed","ping_status":"closed","template":"","meta":[],"product_brand":[],"product_cat":[728,836],"product_tag":[],"class_list":{"0":"post-27676","1":"product","2":"type-product","3":"status-publish","4":"has-post-thumbnail","6":"product_cat-suplementy-diety","7":"product_cat-lepszy-sen","9":"first","10":"instock","11":"taxable","12":"shipping-taxable","13":"purchasable","14":"product-type-simple"},"_links":{"self":[{"href":"https:\/\/muscleforge.nl\/pl\/wp-json\/wp\/v2\/product\/27676","targetHints":{"allow":["GET"]}}],"collection":[{"href":"https:\/\/muscleforge.nl\/pl\/wp-json\/wp\/v2\/product"}],"about":[{"href":"https:\/\/muscleforge.nl\/pl\/wp-json\/wp\/v2\/types\/product"}],"replies":[{"embeddable":true,"href":"https:\/\/muscleforge.nl\/pl\/wp-json\/wp\/v2\/comments?post=27676"}],"wp:featuredmedia":[{"embeddable":true,"href":"https:\/\/muscleforge.nl\/pl\/wp-json\/wp\/v2\/media\/27674"}],"wp:attachment":[{"href":"https:\/\/muscleforge.nl\/pl\/wp-json\/wp\/v2\/media?parent=27676"}],"wp:term":[{"taxonomy":"product_brand","embeddable":true,"href":"https:\/\/muscleforge.nl\/pl\/wp-json\/wp\/v2\/product_brand?post=27676"},{"taxonomy":"product_cat","embeddable":true,"href":"https:\/\/muscleforge.nl\/pl\/wp-json\/wp\/v2\/product_cat?post=27676"},{"taxonomy":"product_tag","embeddable":true,"href":"https:\/\/muscleforge.nl\/pl\/wp-json\/wp\/v2\/product_tag?post=27676"}],"curies":[{"name":"wp","href":"https:\/\/api.w.org\/{rel}","templated":true}]}}