{"id":27769,"date":"2022-02-05T15:01:27","date_gmt":"2022-02-05T14:01:27","guid":{"rendered":"https:\/\/muscleforge.nl\/product\/scitec-nutrition-knee-support-bandage-grey\/"},"modified":"2024-04-12T17:14:26","modified_gmt":"2024-04-12T15:14:26","slug":"scitec-nutrition-knee-support-bandage-grey","status":"publish","type":"product","link":"https:\/\/muscleforge.nl\/pl\/produkt\/scitec-nutrition-knee-support-bandage-grey\/","title":{"rendered":"Scitec Nutrition Knee Support Bandage Grey"},"content":{"rendered":"<p><strong>Opaska usztywniaj\u0105ca staw kolanowy<\/strong>\u00a0znanej i cenionej marki\u00a0<a href=\"https:\/\/www.bodypak.pl\/pl\/98_scitec-nutrition\" target=\"_blank\" rel=\"noopener\">Scitec Nutrition<\/a>.\u00a0Nadaje si\u0119 zar\u00f3wno do\u00a0<strong>uprawiania sportu<\/strong>, jak i do\u00a0<strong>codziennego noszenia<\/strong>, a tak\u017ce do ka\u017cdej aktywno\u015bci sportowej powoduj\u0105cej\u00a0<strong>obci\u0105\u017cenia staw\u00f3w<\/strong>\u00a0np.: bieganie, koszyk\u00f3wka, jazda na rowerze,\u00a0strongman, tr\u00f3jb\u00f3j si\u0142owy. Mo\u017cna j\u0105 nosi\u0107 w ci\u0105gu dnia.<\/p>\n<p><strong>Zastosowane materia\u0142y:<\/strong><br \/>\nNylon 60%, guma 30%, spandex 10%.<\/p>\n","protected":false},"excerpt":{"rendered":"<p>Opaska usztywniaj\u0105ca staw kolanowy\u00a0znanej i cenionej marki\u00a0Scitec Nutrition.\u00a0Nadaje si\u0119 zar\u00f3wno do\u00a0uprawiania sportu, jak i do\u00a0codziennego noszenia, a tak\u017ce do ka\u017cdej aktywno\u015bci sportowej powoduj\u0105cej\u00a0obci\u0105\u017cenia staw\u00f3w\u00a0np.: bieganie, koszyk\u00f3wka, jazda na rowerze,\u00a0strongman, tr\u00f3jb\u00f3j si\u0142owy. Mo\u017cna j\u0105 nosi\u0107 w ci\u0105gu dnia. Zastosowane materia\u0142y: Nylon 60%, guma 30%, spandex 10%.<\/p>\n","protected":false},"featured_media":27768,"comment_status":"closed","ping_status":"closed","template":"","meta":[],"product_brand":[],"product_cat":[774,775,779],"product_tag":[],"class_list":{"0":"post-27769","1":"product","2":"type-product","3":"status-publish","4":"has-post-thumbnail","6":"product_cat-akcesoria","7":"product_cat-akcesoria-na-silownie","8":"product_cat-pasy-paki-i-inne","10":"first","11":"instock","12":"sale","13":"taxable","14":"shipping-taxable","15":"purchasable","16":"product-type-variable"},"_links":{"self":[{"href":"https:\/\/muscleforge.nl\/pl\/wp-json\/wp\/v2\/product\/27769","targetHints":{"allow":["GET"]}}],"collection":[{"href":"https:\/\/muscleforge.nl\/pl\/wp-json\/wp\/v2\/product"}],"about":[{"href":"https:\/\/muscleforge.nl\/pl\/wp-json\/wp\/v2\/types\/product"}],"replies":[{"embeddable":true,"href":"https:\/\/muscleforge.nl\/pl\/wp-json\/wp\/v2\/comments?post=27769"}],"wp:featuredmedia":[{"embeddable":true,"href":"https:\/\/muscleforge.nl\/pl\/wp-json\/wp\/v2\/media\/27768"}],"wp:attachment":[{"href":"https:\/\/muscleforge.nl\/pl\/wp-json\/wp\/v2\/media?parent=27769"}],"wp:term":[{"taxonomy":"product_brand","embeddable":true,"href":"https:\/\/muscleforge.nl\/pl\/wp-json\/wp\/v2\/product_brand?post=27769"},{"taxonomy":"product_cat","embeddable":true,"href":"https:\/\/muscleforge.nl\/pl\/wp-json\/wp\/v2\/product_cat?post=27769"},{"taxonomy":"product_tag","embeddable":true,"href":"https:\/\/muscleforge.nl\/pl\/wp-json\/wp\/v2\/product_tag?post=27769"}],"curies":[{"name":"wp","href":"https:\/\/api.w.org\/{rel}","templated":true}]}}