{"id":28118,"date":"2022-03-01T14:36:27","date_gmt":"2022-03-01T13:36:27","guid":{"rendered":"https:\/\/muscleforge.nl\/product\/gm-sport-pants-smoke-live-graphite\/"},"modified":"2024-04-12T17:13:43","modified_gmt":"2024-04-12T15:13:43","slug":"gm-sport-pants-smoke-live-graphite","status":"publish","type":"product","link":"https:\/\/muscleforge.nl\/pl\/produkt\/gm-sport-pants-smoke-live-graphite\/","title":{"rendered":"GM Sport Pants Smoke Live Graphite"},"content":{"rendered":"<h3>Spodnie dresowe marki Ganja Mafia<\/h3>\n<p>Materia\u0142: 90% bawe\u0142na, 10% poliester<br \/>\nGramatura: 280g<\/p>\n<p><strong>Cechy produktu:<\/strong><br \/>\nz przodu na obu nogawkach nadruk<br \/>\nu do\u0142u tylnej prawej nogawki ma\u0142y nadruk<br \/>\ndwie kieszenie przednie, jedna tylna<br \/>\nz ty\u0142u na kieszeni firmowa metka<br \/>\nkurczliwo\u015b\u0107 produktu mieszcz\u0105ca si\u0119 w normie 1-2 cm<\/p>\n<div class=\"product-column right\">\n<p>&nbsp;<\/p>\n<h3>TABELA ROZMIAR\u00d3W<\/h3>\n<div class=\"product-tab-content tab-content animate open\" data-id=\"Sizing\">\n<div id=\"Sizing\" class=\"product-tab-pane tab-pane\">\n<div class=\"product-sizing\">\n<div class=\"size-table-image\"><img decoding=\"async\" src=\"https:\/\/www.stephurt.pl\/img\/sizings\/ftp\/tabela.jpg\" \/><\/div>\n<div class=\"size-table\">\n<table>\n<thead>\n<tr>\n<th><\/th>\n<th>S<\/th>\n<th>M<\/th>\n<th>L<\/th>\n<th>XL<\/th>\n<th>2XL<\/th>\n<th>3XL<\/th>\n<\/tr>\n<\/thead>\n<tbody>\n<tr>\n<td>A<\/td>\n<td>93<\/td>\n<td>95<\/td>\n<td>98<\/td>\n<td>98<\/td>\n<td><\/td>\n<td><\/td>\n<\/tr>\n<tr>\n<td>B<\/td>\n<td>35<\/td>\n<td>37<\/td>\n<td>38<\/td>\n<td>40<\/td>\n<td><\/td>\n<td><\/td>\n<\/tr>\n<tr>\n<td>C<\/td>\n<td>65<\/td>\n<td>67<\/td>\n<td>68<\/td>\n<td>70<\/td>\n<td><\/td>\n<td><\/td>\n<\/tr>\n<tr>\n<td>D<\/td>\n<td>13<\/td>\n<td>13<\/td>\n<td>14<\/td>\n<td>15<\/td>\n<td><\/td>\n<\/tr>\n<\/tbody>\n<\/table>\n<\/div>\n<\/div>\n<\/div>\n<\/div>\n<\/div>\n","protected":false},"excerpt":{"rendered":"<p>Spodnie dresowe marki Ganja Mafia Materia\u0142: 90% bawe\u0142na, 10% poliester Gramatura: 280g Cechy produktu: z przodu na obu nogawkach nadruk u do\u0142u tylnej prawej nogawki ma\u0142y nadruk dwie kieszenie przednie, jedna tylna z ty\u0142u na kieszeni firmowa metka kurczliwo\u015b\u0107 produktu mieszcz\u0105ca si\u0119 w normie 1-2 cm &nbsp; TABELA ROZMIAR\u00d3W S M L XL 2XL 3XL&#8230;<\/p>\n","protected":false},"featured_media":28109,"comment_status":"closed","ping_status":"closed","template":"","meta":[],"product_brand":[],"product_cat":[798,799,800,801,803],"product_tag":[],"class_list":{"0":"post-28118","1":"product","2":"type-product","3":"status-publish","4":"has-post-thumbnail","6":"product_cat-odziez","7":"product_cat-dla-mezczyzn","8":"product_cat-promocja","9":"product_cat-spodnie","10":"product_cat-spodnie-dresowe","12":"first","13":"instock","14":"sale","15":"taxable","16":"shipping-taxable","17":"purchasable","18":"product-type-variable"},"_links":{"self":[{"href":"https:\/\/muscleforge.nl\/pl\/wp-json\/wp\/v2\/product\/28118","targetHints":{"allow":["GET"]}}],"collection":[{"href":"https:\/\/muscleforge.nl\/pl\/wp-json\/wp\/v2\/product"}],"about":[{"href":"https:\/\/muscleforge.nl\/pl\/wp-json\/wp\/v2\/types\/product"}],"replies":[{"embeddable":true,"href":"https:\/\/muscleforge.nl\/pl\/wp-json\/wp\/v2\/comments?post=28118"}],"wp:featuredmedia":[{"embeddable":true,"href":"https:\/\/muscleforge.nl\/pl\/wp-json\/wp\/v2\/media\/28109"}],"wp:attachment":[{"href":"https:\/\/muscleforge.nl\/pl\/wp-json\/wp\/v2\/media?parent=28118"}],"wp:term":[{"taxonomy":"product_brand","embeddable":true,"href":"https:\/\/muscleforge.nl\/pl\/wp-json\/wp\/v2\/product_brand?post=28118"},{"taxonomy":"product_cat","embeddable":true,"href":"https:\/\/muscleforge.nl\/pl\/wp-json\/wp\/v2\/product_cat?post=28118"},{"taxonomy":"product_tag","embeddable":true,"href":"https:\/\/muscleforge.nl\/pl\/wp-json\/wp\/v2\/product_tag?post=28118"}],"curies":[{"name":"wp","href":"https:\/\/api.w.org\/{rel}","templated":true}]}}