{"id":28157,"date":"2022-03-01T16:21:50","date_gmt":"2022-03-01T15:21:50","guid":{"rendered":"https:\/\/muscleforge.nl\/product\/p56-sport-pants-pale-tape-navy-blue\/"},"modified":"2024-04-12T17:13:10","modified_gmt":"2024-04-12T15:13:10","slug":"p56-sport-pants-pale-tape-navy-blue","status":"publish","type":"product","link":"https:\/\/muscleforge.nl\/pl\/produkt\/p56-sport-pants-pale-tape-navy-blue\/","title":{"rendered":"P56 Sport Pants Pale Tape Navy Blue"},"content":{"rendered":"<h3>Spodnie dresowe m\u0119skie marki Dudek P56<\/h3>\n<p>Gramatura: 280g<br \/>\nMateria\u0142: 90% bawe\u0142na, 10% poliester<\/p>\n<p><strong>Cechy produktu:<\/strong><br \/>\nz przodu na obu udach haftowane logotypy<br \/>\nwzd\u0142u\u017c nogawek breandowane lampasy<br \/>\ndwie boczne kieszenie zapinane na zamek, jedna tylna zapinana na rzep<br \/>\npas \u015bciagany gumk\u0105 oraz sznurkiem<br \/>\nwysoka jako\u015b\u0107 wykonania<\/p>\n","protected":false},"excerpt":{"rendered":"<p>Spodnie dresowe m\u0119skie marki Dudek P56 Gramatura: 280g Materia\u0142: 90% bawe\u0142na, 10% poliester Cechy produktu: z przodu na obu udach haftowane logotypy wzd\u0142u\u017c nogawek breandowane lampasy dwie boczne kieszenie zapinane na zamek, jedna tylna zapinana na rzep pas \u015bciagany gumk\u0105 oraz sznurkiem wysoka jako\u015b\u0107 wykonania<\/p>\n","protected":false},"featured_media":28147,"comment_status":"closed","ping_status":"closed","template":"","meta":[],"product_brand":[],"product_cat":[798,799,800,801,803],"product_tag":[],"class_list":{"0":"post-28157","1":"product","2":"type-product","3":"status-publish","4":"has-post-thumbnail","6":"product_cat-odziez","7":"product_cat-dla-mezczyzn","8":"product_cat-promocja","9":"product_cat-spodnie","10":"product_cat-spodnie-dresowe","12":"first","13":"instock","14":"sale","15":"taxable","16":"shipping-taxable","17":"purchasable","18":"product-type-variable"},"_links":{"self":[{"href":"https:\/\/muscleforge.nl\/pl\/wp-json\/wp\/v2\/product\/28157","targetHints":{"allow":["GET"]}}],"collection":[{"href":"https:\/\/muscleforge.nl\/pl\/wp-json\/wp\/v2\/product"}],"about":[{"href":"https:\/\/muscleforge.nl\/pl\/wp-json\/wp\/v2\/types\/product"}],"replies":[{"embeddable":true,"href":"https:\/\/muscleforge.nl\/pl\/wp-json\/wp\/v2\/comments?post=28157"}],"wp:featuredmedia":[{"embeddable":true,"href":"https:\/\/muscleforge.nl\/pl\/wp-json\/wp\/v2\/media\/28147"}],"wp:attachment":[{"href":"https:\/\/muscleforge.nl\/pl\/wp-json\/wp\/v2\/media?parent=28157"}],"wp:term":[{"taxonomy":"product_brand","embeddable":true,"href":"https:\/\/muscleforge.nl\/pl\/wp-json\/wp\/v2\/product_brand?post=28157"},{"taxonomy":"product_cat","embeddable":true,"href":"https:\/\/muscleforge.nl\/pl\/wp-json\/wp\/v2\/product_cat?post=28157"},{"taxonomy":"product_tag","embeddable":true,"href":"https:\/\/muscleforge.nl\/pl\/wp-json\/wp\/v2\/product_tag?post=28157"}],"curies":[{"name":"wp","href":"https:\/\/api.w.org\/{rel}","templated":true}]}}