{"id":28243,"date":"2022-03-01T18:11:22","date_gmt":"2022-03-01T17:11:22","guid":{"rendered":"https:\/\/muscleforge.nl\/product\/illegal-crewneck-gunray-black\/"},"modified":"2024-04-15T23:43:24","modified_gmt":"2024-04-15T21:43:24","slug":"illegal-crewneck-gunray-black","status":"publish","type":"product","link":"https:\/\/muscleforge.nl\/pl\/produkt\/illegal-crewneck-gunray-black\/","title":{"rendered":"Illegal Crewneck Gunray Black"},"content":{"rendered":"<h3>Bluza m\u0119ska klasyczna marki Illegal<\/h3>\n<p>Materia\u0142: 90% bawe\u0142na, 10% poliester<br \/>\nGramatura: 280g<br \/>\nWyprodukowano: w Polsce<\/p>\n<p><strong>Cechy produktu:<\/strong><br \/>\nz przodu nadruk<br \/>\nz ty\u0142u du\u017cy nadruk<br \/>\nwysoka jako\u015b\u0107 wykonania<\/p>\n","protected":false},"excerpt":{"rendered":"<p>Bluza m\u0119ska klasyczna marki Illegal Materia\u0142: 90% bawe\u0142na, 10% poliester Gramatura: 280g Wyprodukowano: w Polsce Cechy produktu: z przodu nadruk z ty\u0142u du\u017cy nadruk wysoka jako\u015b\u0107 wykonania<\/p>\n","protected":false},"featured_media":28234,"comment_status":"closed","ping_status":"closed","template":"","meta":[],"product_brand":[],"product_cat":[798,799,800,814,890],"product_tag":[],"class_list":{"0":"post-28243","1":"product","2":"type-product","3":"status-publish","4":"has-post-thumbnail","6":"product_cat-odziez","7":"product_cat-dla-mezczyzn","8":"product_cat-promocja","9":"product_cat-bez-kaptura","10":"product_cat-bluzy-pl-3","12":"first","13":"instock","14":"sale","15":"taxable","16":"shipping-taxable","17":"purchasable","18":"product-type-variable"},"_links":{"self":[{"href":"https:\/\/muscleforge.nl\/pl\/wp-json\/wp\/v2\/product\/28243","targetHints":{"allow":["GET"]}}],"collection":[{"href":"https:\/\/muscleforge.nl\/pl\/wp-json\/wp\/v2\/product"}],"about":[{"href":"https:\/\/muscleforge.nl\/pl\/wp-json\/wp\/v2\/types\/product"}],"replies":[{"embeddable":true,"href":"https:\/\/muscleforge.nl\/pl\/wp-json\/wp\/v2\/comments?post=28243"}],"wp:featuredmedia":[{"embeddable":true,"href":"https:\/\/muscleforge.nl\/pl\/wp-json\/wp\/v2\/media\/28234"}],"wp:attachment":[{"href":"https:\/\/muscleforge.nl\/pl\/wp-json\/wp\/v2\/media?parent=28243"}],"wp:term":[{"taxonomy":"product_brand","embeddable":true,"href":"https:\/\/muscleforge.nl\/pl\/wp-json\/wp\/v2\/product_brand?post=28243"},{"taxonomy":"product_cat","embeddable":true,"href":"https:\/\/muscleforge.nl\/pl\/wp-json\/wp\/v2\/product_cat?post=28243"},{"taxonomy":"product_tag","embeddable":true,"href":"https:\/\/muscleforge.nl\/pl\/wp-json\/wp\/v2\/product_tag?post=28243"}],"curies":[{"name":"wp","href":"https:\/\/api.w.org\/{rel}","templated":true}]}}