{"id":28529,"date":"2022-03-02T19:42:25","date_gmt":"2022-03-02T18:42:25","guid":{"rendered":"https:\/\/muscleforge.nl\/product\/chada-belt-ml78-red\/"},"modified":"2024-04-12T17:11:39","modified_gmt":"2024-04-12T15:11:39","slug":"chada-belt-ml78-red","status":"publish","type":"product","link":"https:\/\/muscleforge.nl\/pl\/produkt\/chada-belt-ml78-red\/","title":{"rendered":"Chada Belt ML78 Red"},"content":{"rendered":"<h3>Pasek parciany marki Proceder<\/h3>\n<p>Materia\u0142: 50% bawe\u0142na, 50% poliester<br \/>\nWyprodukowano: w Polsce<\/p>\n<p><strong>Cechy produktu:<\/strong><br \/>\nNa klamrze du\u017cy grawer<br \/>\nWymiary klamry: 4cm x 6 cm<br \/>\nObw\u00f3d paska: 120 cm<br \/>\nSzeroko\u015b\u0107 paska: ok. 4 cm<\/p>\n","protected":false},"excerpt":{"rendered":"<p>Pasek parciany marki Proceder Materia\u0142: 50% bawe\u0142na, 50% poliester Wyprodukowano: w Polsce Cechy produktu: Na klamrze du\u017cy grawer Wymiary klamry: 4cm x 6 cm Obw\u00f3d paska: 120 cm Szeroko\u015b\u0107 paska: ok. 4 cm<\/p>\n","protected":false},"featured_media":28528,"comment_status":"closed","ping_status":"closed","template":"","meta":[],"product_brand":[],"product_cat":[774,780,788],"product_tag":[],"class_list":{"0":"post-28529","1":"product","2":"type-product","3":"status-publish","4":"has-post-thumbnail","6":"product_cat-akcesoria","7":"product_cat-akcesoria-uliczne","8":"product_cat-paski","10":"first","11":"instock","12":"sale","13":"taxable","14":"shipping-taxable","15":"purchasable","16":"product-type-simple"},"_links":{"self":[{"href":"https:\/\/muscleforge.nl\/pl\/wp-json\/wp\/v2\/product\/28529","targetHints":{"allow":["GET"]}}],"collection":[{"href":"https:\/\/muscleforge.nl\/pl\/wp-json\/wp\/v2\/product"}],"about":[{"href":"https:\/\/muscleforge.nl\/pl\/wp-json\/wp\/v2\/types\/product"}],"replies":[{"embeddable":true,"href":"https:\/\/muscleforge.nl\/pl\/wp-json\/wp\/v2\/comments?post=28529"}],"wp:featuredmedia":[{"embeddable":true,"href":"https:\/\/muscleforge.nl\/pl\/wp-json\/wp\/v2\/media\/28528"}],"wp:attachment":[{"href":"https:\/\/muscleforge.nl\/pl\/wp-json\/wp\/v2\/media?parent=28529"}],"wp:term":[{"taxonomy":"product_brand","embeddable":true,"href":"https:\/\/muscleforge.nl\/pl\/wp-json\/wp\/v2\/product_brand?post=28529"},{"taxonomy":"product_cat","embeddable":true,"href":"https:\/\/muscleforge.nl\/pl\/wp-json\/wp\/v2\/product_cat?post=28529"},{"taxonomy":"product_tag","embeddable":true,"href":"https:\/\/muscleforge.nl\/pl\/wp-json\/wp\/v2\/product_tag?post=28529"}],"curies":[{"name":"wp","href":"https:\/\/api.w.org\/{rel}","templated":true}]}}