{"id":29075,"date":"2022-03-30T19:00:47","date_gmt":"2022-03-30T17:00:47","guid":{"rendered":"https:\/\/muscleforge.nl\/product\/trec-nutrition-chalk-powder-block-57g\/"},"modified":"2024-04-12T16:44:34","modified_gmt":"2024-04-12T14:44:34","slug":"trec-nutrition-chalk-powder-block-57g","status":"publish","type":"product","link":"https:\/\/muscleforge.nl\/pl\/produkt\/trec-nutrition-chalk-powder-block-57g\/","title":{"rendered":"Trec Nutrition Chalk Powder Block 57g."},"content":{"rendered":"<h1 class=\"mb1 f3 f2-l fw7 black-80\">Magnezja w kostce 57 g<\/h1>\n<p>&nbsp;<\/p>\n<p><strong>Magnezja w kostce<\/strong>\u00a0dla os\u00f3b, kt\u00f3re ze wzgl\u0119du na charakter swoich trening\u00f3w potrzebuj\u0105 przyczepnego chwytu.<\/p>\n<ul>\n<li>Gramatura 57 g;<\/li>\n<li>Rozkrusz b\u0105d\u017a potrzyj kostk\u0119;<\/li>\n<li>Szybko wysycha w kontakcie ze sk\u00f3r\u0105;<\/li>\n<li>\u015awietnie absorbuje wilgo\u0107.<\/li>\n<\/ul>\n<p>&nbsp;<\/p>\n<p>\u0141atwa w u\u017cyciu magnezja w formie kompaktowej kostki, kt\u00f3ra umo\u017cliwia aplikacj\u0119 magnezji w dw\u00f3ch formach: mo\u017cna j\u0105 rozgnie\u015b\u0107 b\u0105d\u017a stosowa\u0107 bezpo\u015brednio na d\u0142onie pocieraj\u0105c kostk\u0119. Produkt \u015bwietnie absorbuje wilgo\u0107 i zwi\u0119ksza tarcie, co skutkuje jednoczesnym zwi\u0119kszeniem przyczepno\u015bci d\u0142oni. Cho\u0107by najmniejsza porcja magnezji znacznie poprawi komfort i jako\u015b\u0107 nawet najbardziej wymagaj\u0105cych trening\u00f3w.<\/p>\n<p>&nbsp;<\/p>\n<h3>KOMU POLECAMY MAGNEZJ\u0118 W KOSTCE?<\/h3>\n<p>Ten produkt polecamy osobom, kt\u00f3re trenuj\u0105 gimnastyk\u0119 lub wspinaczk\u0119 ska\u0142kow\u0105 oraz sporty si\u0142owe, kt\u00f3rych treningi opieraj\u0105 si\u0119 na martwych ci\u0105gach, podci\u0105ganiu, kettlebell itp.<\/p>\n<p>&nbsp;<\/p>\n<p>&nbsp;<\/p>\n","protected":false},"excerpt":{"rendered":"<p>Magnezja w kostce 57 g &nbsp; Magnezja w kostce\u00a0dla os\u00f3b, kt\u00f3re ze wzgl\u0119du na charakter swoich trening\u00f3w potrzebuj\u0105 przyczepnego chwytu. Gramatura 57 g; Rozkrusz b\u0105d\u017a potrzyj kostk\u0119; Szybko wysycha w kontakcie ze sk\u00f3r\u0105; \u015awietnie absorbuje wilgo\u0107. &nbsp; \u0141atwa w u\u017cyciu magnezja w formie kompaktowej kostki, kt\u00f3ra umo\u017cliwia aplikacj\u0119 magnezji w dw\u00f3ch formach: mo\u017cna j\u0105 rozgnie\u015b\u0107&#8230;<\/p>\n","protected":false},"featured_media":29074,"comment_status":"closed","ping_status":"closed","template":"","meta":[],"product_brand":[],"product_cat":[774,775,779],"product_tag":[],"class_list":{"0":"post-29075","1":"product","2":"type-product","3":"status-publish","4":"has-post-thumbnail","6":"product_cat-akcesoria","7":"product_cat-akcesoria-na-silownie","8":"product_cat-pasy-paki-i-inne","10":"first","11":"instock","12":"taxable","13":"shipping-taxable","14":"purchasable","15":"product-type-simple"},"_links":{"self":[{"href":"https:\/\/muscleforge.nl\/pl\/wp-json\/wp\/v2\/product\/29075","targetHints":{"allow":["GET"]}}],"collection":[{"href":"https:\/\/muscleforge.nl\/pl\/wp-json\/wp\/v2\/product"}],"about":[{"href":"https:\/\/muscleforge.nl\/pl\/wp-json\/wp\/v2\/types\/product"}],"replies":[{"embeddable":true,"href":"https:\/\/muscleforge.nl\/pl\/wp-json\/wp\/v2\/comments?post=29075"}],"wp:featuredmedia":[{"embeddable":true,"href":"https:\/\/muscleforge.nl\/pl\/wp-json\/wp\/v2\/media\/29074"}],"wp:attachment":[{"href":"https:\/\/muscleforge.nl\/pl\/wp-json\/wp\/v2\/media?parent=29075"}],"wp:term":[{"taxonomy":"product_brand","embeddable":true,"href":"https:\/\/muscleforge.nl\/pl\/wp-json\/wp\/v2\/product_brand?post=29075"},{"taxonomy":"product_cat","embeddable":true,"href":"https:\/\/muscleforge.nl\/pl\/wp-json\/wp\/v2\/product_cat?post=29075"},{"taxonomy":"product_tag","embeddable":true,"href":"https:\/\/muscleforge.nl\/pl\/wp-json\/wp\/v2\/product_tag?post=29075"}],"curies":[{"name":"wp","href":"https:\/\/api.w.org\/{rel}","templated":true}]}}