{"id":29080,"date":"2022-03-30T19:09:28","date_gmt":"2022-03-30T17:09:28","guid":{"rendered":"https:\/\/muscleforge.nl\/product\/trec-nutrition-liquid-chalk-100ml\/"},"modified":"2024-04-12T16:44:24","modified_gmt":"2024-04-12T14:44:24","slug":"trec-nutrition-liquid-chalk-100ml","status":"publish","type":"product","link":"https:\/\/muscleforge.nl\/pl\/produkt\/trec-nutrition-liquid-chalk-100ml\/","title":{"rendered":"Trec Nutrition Liquid Chalk 100ml"},"content":{"rendered":"<h1 class=\"mb1 f3 f2-l fw7 black-80\">P\u0142ynna magnezja w tubce 100 ml LIQUID CHALK<\/h1>\n<div class=\"mb1 f3 f2-l fw7 black-80\"><strong>Magnezja w p\u0142ynie<\/strong>\u00a0dla os\u00f3b, kt\u00f3re ze wzgl\u0119du na charakter swoich trening\u00f3w potrzebuj\u0105 przyczepnego chwytu.<\/div>\n<div><\/div>\n<div><\/div>\n<div>\n<ul>\n<li>Pojemno\u015b\u0107 100 ml;<\/li>\n<li>Wygodne dozowanie;<\/li>\n<li>Szybko wysycha w kontakcie ze sk\u00f3r\u0105;<\/li>\n<li>\u015awietnie absorbuje wilgo\u0107;<\/li>\n<li>Doskona\u0142a baza r\u00f3wnie\u017c pod tradycyjn\u0105 magnezj\u0119.<\/li>\n<\/ul>\n<\/div>\n<p>Magnezja w tubce LIQUID CHALK 100 ml to odpowiednia opcja dla tych, kt\u00f3rzy potrzebuj\u0105 odpowiedniej przyczepno\u015bci d\u0142oni np. podczas treningu si\u0142owego. Wygodne opakowanie pozwala na \u0142atwe dozowanie produktu. Magnezja szybko wysycha w kontakcie ze sk\u00f3r\u0105 i \u015bwietnie absorbuje wilgo\u0107 oraz zwi\u0119ksza tarcie.<\/p>\n<p>Taka forma nadaje si\u0119 tak\u017ce jako baza pod tradycyjn\u0105 magnezj\u0119.<\/p>\n<p>&nbsp;<\/p>\n<h3>KOMU POLECAMY<strong>\u00a0MAGNEZJ\u0118 LIQUID CHALK W TUBCE<\/strong>?<\/h3>\n<p>Ten produkt polecamy osobom, kt\u00f3re trenuj\u0105 gimnastyk\u0119 lub wspinaczk\u0119 ska\u0142kow\u0105 oraz sporty si\u0142owe, kt\u00f3rych treningi opieraj\u0105 si\u0119 na martwych ci\u0105gach, podci\u0105ganiu, kettlebell itp.<\/p>\n","protected":false},"excerpt":{"rendered":"<p>P\u0142ynna magnezja w tubce 100 ml LIQUID CHALK Magnezja w p\u0142ynie\u00a0dla os\u00f3b, kt\u00f3re ze wzgl\u0119du na charakter swoich trening\u00f3w potrzebuj\u0105 przyczepnego chwytu. Pojemno\u015b\u0107 100 ml; Wygodne dozowanie; Szybko wysycha w kontakcie ze sk\u00f3r\u0105; \u015awietnie absorbuje wilgo\u0107; Doskona\u0142a baza r\u00f3wnie\u017c pod tradycyjn\u0105 magnezj\u0119. Magnezja w tubce LIQUID CHALK 100 ml to odpowiednia opcja dla tych, kt\u00f3rzy&#8230;<\/p>\n","protected":false},"featured_media":29079,"comment_status":"closed","ping_status":"closed","template":"","meta":[],"product_brand":[],"product_cat":[774,775,779],"product_tag":[],"class_list":{"0":"post-29080","1":"product","2":"type-product","3":"status-publish","4":"has-post-thumbnail","6":"product_cat-akcesoria","7":"product_cat-akcesoria-na-silownie","8":"product_cat-pasy-paki-i-inne","10":"first","11":"instock","12":"taxable","13":"shipping-taxable","14":"purchasable","15":"product-type-simple"},"_links":{"self":[{"href":"https:\/\/muscleforge.nl\/pl\/wp-json\/wp\/v2\/product\/29080","targetHints":{"allow":["GET"]}}],"collection":[{"href":"https:\/\/muscleforge.nl\/pl\/wp-json\/wp\/v2\/product"}],"about":[{"href":"https:\/\/muscleforge.nl\/pl\/wp-json\/wp\/v2\/types\/product"}],"replies":[{"embeddable":true,"href":"https:\/\/muscleforge.nl\/pl\/wp-json\/wp\/v2\/comments?post=29080"}],"wp:featuredmedia":[{"embeddable":true,"href":"https:\/\/muscleforge.nl\/pl\/wp-json\/wp\/v2\/media\/29079"}],"wp:attachment":[{"href":"https:\/\/muscleforge.nl\/pl\/wp-json\/wp\/v2\/media?parent=29080"}],"wp:term":[{"taxonomy":"product_brand","embeddable":true,"href":"https:\/\/muscleforge.nl\/pl\/wp-json\/wp\/v2\/product_brand?post=29080"},{"taxonomy":"product_cat","embeddable":true,"href":"https:\/\/muscleforge.nl\/pl\/wp-json\/wp\/v2\/product_cat?post=29080"},{"taxonomy":"product_tag","embeddable":true,"href":"https:\/\/muscleforge.nl\/pl\/wp-json\/wp\/v2\/product_tag?post=29080"}],"curies":[{"name":"wp","href":"https:\/\/api.w.org\/{rel}","templated":true}]}}