{"id":29866,"date":"2022-04-26T19:06:12","date_gmt":"2022-04-26T17:06:12","guid":{"rendered":"https:\/\/muscleforge.nl\/product\/patriotic-cls-swimming-shorts-black\/"},"modified":"2025-06-02T00:09:58","modified_gmt":"2025-06-01T22:09:58","slug":"patriotic-cls-swimming-shorts-black","status":"publish","type":"product","link":"https:\/\/muscleforge.nl\/pl\/produkt\/patriotic-cls-swimming-shorts-black\/","title":{"rendered":"Patriotic Cls Swimming Shorts Black"},"content":{"rendered":"<h3>Spodenki k\u0105pielowe marki Patriotic<\/h3>\n<p>Materia\u0142: 100% poliester<\/p>\n<p><strong>Cechy produktu:<\/strong><br \/>\nna lewej nogawce haftowany logotyp<br \/>\ndwie kieszenie przednie, jedna tylna<br \/>\nz ty\u0142u na kieszeni \u017cakardowa aplikacja oraz wywietrznik<br \/>\n\u015bci\u0105gacze w pasie<\/p>\n<p>&nbsp;<\/p>\n<div class=\"size-table-image\"><img decoding=\"async\" src=\"https:\/\/www.stephurt.pl\/img\/sizings\/tabela\/szorty.png\" \/><\/div>\n<div class=\"size-table\">\n<table>\n<thead>\n<tr>\n<th><\/th>\n<th>S<\/th>\n<th>M<\/th>\n<th>L<\/th>\n<th>XL<\/th>\n<th>2XL<\/th>\n<th>3XL<\/th>\n<\/tr>\n<\/thead>\n<tbody>\n<tr>\n<td>A<\/td>\n<td>47<\/td>\n<td>49<\/td>\n<td>50<\/td>\n<td>50<\/td>\n<td>50<\/td>\n<td><\/td>\n<\/tr>\n<tr>\n<td>B<\/td>\n<td>31\/42*<\/td>\n<td>33\/45*<\/td>\n<td>37\/49*<\/td>\n<td>39\/50*<\/td>\n<td>40\/53*<\/td>\n<td><\/td>\n<\/tr>\n<tr>\n<td>C<\/td>\n<td>33<\/td>\n<td>33<\/td>\n<td>35<\/td>\n<td>35<\/td>\n<td>38<\/td>\n<td><\/td>\n<\/tr>\n<tr>\n<td>D<\/td>\n<td>23<\/td>\n<td>23<\/td>\n<td>23<\/td>\n<td>22<\/td>\n<td>20<\/td>\n<td><\/td>\n<\/tr>\n<tr>\n<td>E<\/td>\n<td>29<\/td>\n<td>30<\/td>\n<td>31<\/td>\n<td>32<\/td>\n<td>33<\/td>\n<td><\/td>\n<\/tr>\n<\/tbody>\n<\/table>\n<p>przed\/po rozci\u0105gni\u0119ciu*<\/p>\n<\/div>\n","protected":false},"excerpt":{"rendered":"<p>Spodenki k\u0105pielowe marki Patriotic Materia\u0142: 100% poliester Cechy produktu: na lewej nogawce haftowany logotyp dwie kieszenie przednie, jedna tylna z ty\u0142u na kieszeni \u017cakardowa aplikacja oraz wywietrznik \u015bci\u0105gacze w pasie &nbsp; S M L XL 2XL 3XL A 47 49 50 50 50 B 31\/42* 33\/45* 37\/49* 39\/50* 40\/53* C 33 33 35 35 38&#8230;<\/p>\n","protected":false},"featured_media":29858,"comment_status":"open","ping_status":"closed","template":"","meta":[],"product_brand":[],"product_cat":[107],"product_tag":[],"class_list":{"0":"post-29866","1":"product","2":"type-product","3":"status-publish","4":"has-post-thumbnail","6":"product_cat-voedingssupplementen","8":"first","9":"outofstock","10":"taxable","11":"shipping-taxable","12":"product-type-variable"},"_links":{"self":[{"href":"https:\/\/muscleforge.nl\/pl\/wp-json\/wp\/v2\/product\/29866","targetHints":{"allow":["GET"]}}],"collection":[{"href":"https:\/\/muscleforge.nl\/pl\/wp-json\/wp\/v2\/product"}],"about":[{"href":"https:\/\/muscleforge.nl\/pl\/wp-json\/wp\/v2\/types\/product"}],"replies":[{"embeddable":true,"href":"https:\/\/muscleforge.nl\/pl\/wp-json\/wp\/v2\/comments?post=29866"}],"wp:featuredmedia":[{"embeddable":true,"href":"https:\/\/muscleforge.nl\/pl\/wp-json\/wp\/v2\/media\/29858"}],"wp:attachment":[{"href":"https:\/\/muscleforge.nl\/pl\/wp-json\/wp\/v2\/media?parent=29866"}],"wp:term":[{"taxonomy":"product_brand","embeddable":true,"href":"https:\/\/muscleforge.nl\/pl\/wp-json\/wp\/v2\/product_brand?post=29866"},{"taxonomy":"product_cat","embeddable":true,"href":"https:\/\/muscleforge.nl\/pl\/wp-json\/wp\/v2\/product_cat?post=29866"},{"taxonomy":"product_tag","embeddable":true,"href":"https:\/\/muscleforge.nl\/pl\/wp-json\/wp\/v2\/product_tag?post=29866"}],"curies":[{"name":"wp","href":"https:\/\/api.w.org\/{rel}","templated":true}]}}