{"id":30234,"date":"2022-05-21T19:21:37","date_gmt":"2022-05-21T17:21:37","guid":{"rendered":"https:\/\/muscleforge.nl\/product\/public-enemy-shorts-logo-h-gray\/"},"modified":"2025-06-02T00:09:53","modified_gmt":"2025-06-01T22:09:53","slug":"public-enemy-shorts-logo-h-gray","status":"publish","type":"product","link":"https:\/\/muscleforge.nl\/pl\/produkt\/public-enemy-shorts-logo-h-gray\/","title":{"rendered":"Public Enemy Shorts Logo H Gray"},"content":{"rendered":"<h3 style=\"font-style: inherit;font-weight: inherit\">\u00a0<span style=\"font-style: inherit;font-weight: inherit\">Public Enemy Logo Guma<\/span><\/h3>\n<p>&nbsp;<\/p>\n<p style=\"font-style: inherit;font-weight: inherit\"><b><span style=\"font-style: inherit\"><span style=\"font-style: inherit;font-weight: inherit\">Materia\u0142:<\/span><\/span><\/b>\u00a0100% bawe\u0142na<\/p>\n<p style=\"font-style: inherit;font-weight: inherit\"><b><span style=\"font-style: inherit\"><span style=\"font-style: inherit;font-weight: inherit\">Kolor:<\/span><\/span><\/b><span style=\"font-style: inherit;font-weight: inherit\">\u00a0szary<br \/>\n<\/span><\/p>\n<p style=\"font-style: inherit;font-weight: inherit\"><span style=\"font-style: inherit;font-weight: inherit\">Bardzo wysokiej jako\u015bci produkt\u00a0<b><span style=\"font-style: inherit\">w ca\u0142o\u015bci wykonany w Polsce !<br \/>\n<\/span><\/b><\/p>\n<p>Kr\u00f3tkie, bawe\u0142niane spodenki o sportowym kroju.<\/p>\n<p>Wzbogacone dyskretnym logo\u00a0 na lewej nogawce.<\/p>\n<p>Spodenki bardzo wygodne, zadowol\u0105 nawet najbardziej wymagaj\u0105cych u\u017cytkownik\u00f3w.<br \/>\n<\/span><\/p>\n<p style=\"font-style: inherit;font-weight: inherit\"><b><span style=\"font-style: inherit\"><span style=\"font-style: inherit;font-weight: inherit\">Gwarancja zadowolenia!<\/span><\/span><\/b><\/p>\n<p>&nbsp;<\/p>\n<p><img loading=\"lazy\" decoding=\"async\" class=\"alignnone wp-image-30221 size-full\" src=\"https:\/\/muscleforge.nl\/wp-content\/uploads\/2022\/05\/Public-Enemy-Shorts-Logo-H-Gray3.png\" alt=\"\" width=\"1366\" height=\"508\" srcset=\"https:\/\/muscleforge.nl\/wp-content\/uploads\/2022\/05\/Public-Enemy-Shorts-Logo-H-Gray3.png 1366w, https:\/\/muscleforge.nl\/wp-content\/uploads\/2022\/05\/Public-Enemy-Shorts-Logo-H-Gray3-300x112.png 300w, https:\/\/muscleforge.nl\/wp-content\/uploads\/2022\/05\/Public-Enemy-Shorts-Logo-H-Gray3-1024x381.png 1024w, https:\/\/muscleforge.nl\/wp-content\/uploads\/2022\/05\/Public-Enemy-Shorts-Logo-H-Gray3-768x286.png 768w, https:\/\/muscleforge.nl\/wp-content\/uploads\/2022\/05\/Public-Enemy-Shorts-Logo-H-Gray3-580x216.png 580w, https:\/\/muscleforge.nl\/wp-content\/uploads\/2022\/05\/Public-Enemy-Shorts-Logo-H-Gray3-860x320.png 860w, https:\/\/muscleforge.nl\/wp-content\/uploads\/2022\/05\/Public-Enemy-Shorts-Logo-H-Gray3-1160x431.png 1160w, https:\/\/muscleforge.nl\/wp-content\/uploads\/2022\/05\/Public-Enemy-Shorts-Logo-H-Gray3-600x223.png 600w\" sizes=\"auto, (max-width: 1366px) 100vw, 1366px\" \/><\/p>\n","protected":false},"excerpt":{"rendered":"<p>\u00a0Public Enemy Logo Guma &nbsp; Materia\u0142:\u00a0100% bawe\u0142na Kolor:\u00a0szary Bardzo wysokiej jako\u015bci produkt\u00a0w ca\u0142o\u015bci wykonany w Polsce ! Kr\u00f3tkie, bawe\u0142niane spodenki o sportowym kroju. Wzbogacone dyskretnym logo\u00a0 na lewej nogawce. Spodenki bardzo wygodne, zadowol\u0105 nawet najbardziej wymagaj\u0105cych u\u017cytkownik\u00f3w. Gwarancja zadowolenia! &nbsp;<\/p>\n","protected":false},"featured_media":30224,"comment_status":"open","ping_status":"closed","template":"","meta":[],"product_brand":[],"product_cat":[107],"product_tag":[],"class_list":{"0":"post-30234","1":"product","2":"type-product","3":"status-publish","4":"has-post-thumbnail","6":"product_cat-voedingssupplementen","8":"first","9":"outofstock","10":"taxable","11":"shipping-taxable","12":"product-type-variable"},"_links":{"self":[{"href":"https:\/\/muscleforge.nl\/pl\/wp-json\/wp\/v2\/product\/30234","targetHints":{"allow":["GET"]}}],"collection":[{"href":"https:\/\/muscleforge.nl\/pl\/wp-json\/wp\/v2\/product"}],"about":[{"href":"https:\/\/muscleforge.nl\/pl\/wp-json\/wp\/v2\/types\/product"}],"replies":[{"embeddable":true,"href":"https:\/\/muscleforge.nl\/pl\/wp-json\/wp\/v2\/comments?post=30234"}],"wp:featuredmedia":[{"embeddable":true,"href":"https:\/\/muscleforge.nl\/pl\/wp-json\/wp\/v2\/media\/30224"}],"wp:attachment":[{"href":"https:\/\/muscleforge.nl\/pl\/wp-json\/wp\/v2\/media?parent=30234"}],"wp:term":[{"taxonomy":"product_brand","embeddable":true,"href":"https:\/\/muscleforge.nl\/pl\/wp-json\/wp\/v2\/product_brand?post=30234"},{"taxonomy":"product_cat","embeddable":true,"href":"https:\/\/muscleforge.nl\/pl\/wp-json\/wp\/v2\/product_cat?post=30234"},{"taxonomy":"product_tag","embeddable":true,"href":"https:\/\/muscleforge.nl\/pl\/wp-json\/wp\/v2\/product_tag?post=30234"}],"curies":[{"name":"wp","href":"https:\/\/api.w.org\/{rel}","templated":true}]}}