{"id":30811,"date":"2022-06-09T15:05:41","date_gmt":"2022-06-09T13:05:41","guid":{"rendered":"https:\/\/muscleforge.nl\/product\/trec-nutrition-carbo-sport-375g\/"},"modified":"2025-06-02T00:09:41","modified_gmt":"2025-06-01T22:09:41","slug":"trec-nutrition-carbo-sport-375g","status":"publish","type":"product","link":"https:\/\/muscleforge.nl\/pl\/produkt\/trec-nutrition-carbo-sport-375g\/","title":{"rendered":"Trec Nutrition Carbo Sport 37,5g"},"content":{"rendered":"<h3><strong>Trec Endurance Carbo Saszetka 37,5g\u00a0<\/strong><\/h3>\n<p>&nbsp;<\/p>\n<p><strong>Trec Endurance Carbo Saszetka to\u00a0<\/strong>wysokoenergetyczna formu\u0142a w\u0119glowodanowo-mineralna CARBO SPORT\u00a0to doskonale rozpuszczalny kompleks zr\u00f3\u017cnicowanych w\u0119glowodan\u00f3w: oligo- i polisacharyd\u00f3w oraz dekstrozy, wzbogacony o pierwiastki elektrolitowe, witaminy i tauryn\u0119.<\/p>\n<p>Magnez i witamina B6 przyczyniaj\u0105 si\u0119 do\u00a0<strong>zmniejszenia uczucia zm\u0119czenia i znu\u017cenia<\/strong>. Ponadtowitamina D pomaga w<strong>\u00a0prawid\u0142owym funkcjonowaniu mi\u0119\u015bni<\/strong>, a tiamina przyczynia si\u0119 do utrzymania\u00a0<strong>prawid\u0142owego metabolizmu energetycznego<\/strong>.<\/p>\n<h3><strong>W\u0142a\u015bciwo\u015bci<\/strong><\/h3>\n<ul>\n<li>Wysokoenergetyczna formu\u0142a w\u0119glowodanowo-mineralna;<\/li>\n<li>Zawiera magnez i witamin\u0119 B6, kt\u00f3re przyczyniaj\u0105 si\u0119 do zmniejszenia uczucia zm\u0119czenia i znu\u017cenia;<\/li>\n<li>Zawarta w CARBO SPORT witamina D pomaga w\u00a0<strong>prawid\u0142owym funkcjonowaniu mi\u0119\u015bni<\/strong>;<\/li>\n<li>Dost\u0119pny w 4 smakach: landrynkowym, cytrynowym, pomara\u0144czowym i ananasowym.<\/li>\n<\/ul>\n<p><strong>Dawkowanie:<\/strong>\u00a0Jednorazow\u0105 porcj\u0119 produktu \u2013 75 g (2 miarki) &#8211; rozpu\u015bci\u0107 w 500 ml wody. Stosowa\u0107 3 porcje dziennie, najlepiej przed, w trakcie i po treningu.<\/p>\n<p>&nbsp;<\/p>\n<table border=\"3\">\n<thead>\n<tr>\n<td colspan=\"6\"><strong>Trec Endurance Carbo Sport &#8211; 37,5g<\/strong><br \/>\nZawiera substancje s\u0142odz\u0105ce.<\/td>\n<\/tr>\n<\/thead>\n<tbody>\n<tr>\n<td><strong>Porcja:<\/strong><\/td>\n<td>75 g<\/td>\n<td><\/td>\n<td><\/td>\n<td><\/td>\n<\/tr>\n<tr>\n<td><strong>Opakowanie:<\/strong><\/td>\n<td>37,5 g<\/td>\n<td><\/td>\n<td><\/td>\n<td><\/td>\n<\/tr>\n<tr>\n<td><strong>Masa netto :<\/strong><\/td>\n<td>37.50 g<\/td>\n<td><\/td>\n<td><\/td>\n<td><\/td>\n<\/tr>\n<tr>\n<td><strong>Warto\u015b\u0107 Od\u017cywcza \/ Informacja \u017bywieniowa:<\/strong><\/td>\n<td><strong>Na 225 g<\/strong><\/td>\n<td><strong>% RWS*<\/strong><\/td>\n<td><strong>Na 100 g<\/strong><\/td>\n<td><strong>% RWS*<\/strong><\/td>\n<\/tr>\n<tr>\n<td>Warto\u015b\u0107 Energetyczna (energia)<\/td>\n<td>3723 kJ \/ 876 kcal<\/td>\n<td>44%<\/td>\n<td>1649 kJ \/ 388 kcal<\/td>\n<td>19%<\/td>\n<\/tr>\n<tr>\n<td>T\u0142uszcz<\/td>\n<td>0 g<\/td>\n<td>0%<\/td>\n<td>0 g<\/td>\n<td>0%<\/td>\n<\/tr>\n<tr>\n<td>w tym kwasy t\u0142uszczowe nasycone<\/td>\n<td>0 g<\/td>\n<td>0%<\/td>\n<td>0 g<\/td>\n<td>0%<\/td>\n<\/tr>\n<tr>\n<td>W\u0119glowodany<\/td>\n<td>219 g<\/td>\n<td>84%<\/td>\n<td>97 g<\/td>\n<td>37%<\/td>\n<\/tr>\n<tr>\n<td>w tym cukry<\/td>\n<td>87 g<\/td>\n<td>97%<\/td>\n<td>39 g<\/td>\n<td>43%<\/td>\n<\/tr>\n<tr>\n<td>Bia\u0142ko<\/td>\n<td>0 g<\/td>\n<td>0%<\/td>\n<td>0 g<\/td>\n<td>0%<\/td>\n<\/tr>\n<tr>\n<td>S\u00f3l<\/td>\n<td>1.13 g<\/td>\n<td>19%<\/td>\n<td>0.5 g<\/td>\n<td>8%<\/td>\n<\/tr>\n<tr>\n<td>Potas<\/td>\n<td>900 mg<\/td>\n<td>45%<\/td>\n<td>400 mg<\/td>\n<td>20%<\/td>\n<\/tr>\n<tr>\n<td>Chlorek<\/td>\n<td>696 mg<\/td>\n<td>87%<\/td>\n<td>309.33 mg<\/td>\n<td>39%<\/td>\n<\/tr>\n<tr>\n<td>Wap\u0144<\/td>\n<td>361 mg<\/td>\n<td>45%<\/td>\n<td>160 mg<\/td>\n<td>20%<\/td>\n<\/tr>\n<tr>\n<td>Magnez<\/td>\n<td>170 mg<\/td>\n<td>45%<\/td>\n<td>76 mg<\/td>\n<td>20%<\/td>\n<\/tr>\n<tr>\n<td>Witamina B6<\/td>\n<td>0.63 mg<\/td>\n<td>45%<\/td>\n<td>0.28 mg<\/td>\n<td>20%<\/td>\n<\/tr>\n<tr>\n<td>Witamina B1<\/td>\n<td>0.48 mg<\/td>\n<td>44%<\/td>\n<td>0.21 mg<\/td>\n<td>19%<\/td>\n<\/tr>\n<tr>\n<td>Witamina D<\/td>\n<td>2.25 \u00b5g<\/td>\n<td>45%<\/td>\n<td>1 \u00b5g<\/td>\n<td>20%<\/td>\n<\/tr>\n<tr>\n<td>Maltodekstryna<\/td>\n<td>141 g<\/td>\n<td>&#8211;<\/td>\n<td>62.67 g<\/td>\n<td>&#8211;<\/td>\n<\/tr>\n<tr>\n<td>Dekstroza<\/td>\n<td>70.5 g<\/td>\n<td>&#8211;<\/td>\n<td>31.33 g<\/td>\n<td>&#8211;<\/td>\n<\/tr>\n<tr>\n<td>Tauryna<\/td>\n<td>600 mg<\/td>\n<td>&#8211;<\/td>\n<td>266.67 mg<\/td>\n<td>&#8211;<\/td>\n<\/tr>\n<tr>\n<td>S\u00f3d<\/td>\n<td>451 mg<\/td>\n<td>&#8211;<\/td>\n<td>200 mg<\/td>\n<\/tr>\n<\/tbody>\n<\/table>\n<p>&nbsp;<\/p>\n<h3>Sk\u0142adniki:<\/h3>\n<p>sacharoza, dekstroza, maltodekstryna, regulator kwasowo\u015bci (kwas cytrynowy), kompleks minera\u0142\u00f3w [cytrynian sodu, sole magnezowe kwasu cytrynowego, chlorek sodu, sole wapniowe kwasu ortofosforowego], aromat, tauryna, L-tyrozyna, winian L-kanityny, koncentrat soku z buraka dla smaku arbuzowego, kompleks witamin [witamina C (kwas L-askorbinowy), niacyna (nikotynamid), witamina E (octan DL-alfa-tokoferylu), kwas pantotenowy (D-pantotenian wapnia), witamina B6 (chlorowodorek pirydoksyny), ryboflawina, tiamina (monoazotan tiaminy), kwas foliowy (kwas pteroilomonoglutaminowy), biotyna (D-biotyna), witamina B12 (cyjanokobalamina)], barwnik dla smaku cytrynowego i pomara\u0144czowego (beta-karoten).<\/p>\n<p>Produkt mo\u017ce zawiera\u0107:\u00a0<b><u>mleko, soj\u0119, zbo\u017ca zawieraj\u0105ce gluten, jaja, orzeszki ziemne i orzechy.<\/u><\/b><\/p>\n","protected":false},"excerpt":{"rendered":"<p>Trec Endurance Carbo Saszetka 37,5g\u00a0 &nbsp; Trec Endurance Carbo Saszetka to\u00a0wysokoenergetyczna formu\u0142a w\u0119glowodanowo-mineralna CARBO SPORT\u00a0to doskonale rozpuszczalny kompleks zr\u00f3\u017cnicowanych w\u0119glowodan\u00f3w: oligo- i polisacharyd\u00f3w oraz dekstrozy, wzbogacony o pierwiastki elektrolitowe, witaminy i tauryn\u0119. Magnez i witamina B6 przyczyniaj\u0105 si\u0119 do\u00a0zmniejszenia uczucia zm\u0119czenia i znu\u017cenia. Ponadtowitamina D pomaga w\u00a0prawid\u0142owym funkcjonowaniu mi\u0119\u015bni, a tiamina przyczynia si\u0119 do utrzymania\u00a0prawid\u0142owego&#8230;<\/p>\n","protected":false},"featured_media":30806,"comment_status":"open","ping_status":"closed","template":"","meta":[],"product_brand":[],"product_cat":[728,862],"product_tag":[],"class_list":{"0":"post-30811","1":"product","2":"type-product","3":"status-publish","4":"has-post-thumbnail","6":"product_cat-suplementy-diety","7":"product_cat-przedtreningowki","9":"first","10":"instock","11":"taxable","12":"shipping-taxable","13":"purchasable","14":"product-type-variable"},"_links":{"self":[{"href":"https:\/\/muscleforge.nl\/pl\/wp-json\/wp\/v2\/product\/30811","targetHints":{"allow":["GET"]}}],"collection":[{"href":"https:\/\/muscleforge.nl\/pl\/wp-json\/wp\/v2\/product"}],"about":[{"href":"https:\/\/muscleforge.nl\/pl\/wp-json\/wp\/v2\/types\/product"}],"replies":[{"embeddable":true,"href":"https:\/\/muscleforge.nl\/pl\/wp-json\/wp\/v2\/comments?post=30811"}],"wp:featuredmedia":[{"embeddable":true,"href":"https:\/\/muscleforge.nl\/pl\/wp-json\/wp\/v2\/media\/30806"}],"wp:attachment":[{"href":"https:\/\/muscleforge.nl\/pl\/wp-json\/wp\/v2\/media?parent=30811"}],"wp:term":[{"taxonomy":"product_brand","embeddable":true,"href":"https:\/\/muscleforge.nl\/pl\/wp-json\/wp\/v2\/product_brand?post=30811"},{"taxonomy":"product_cat","embeddable":true,"href":"https:\/\/muscleforge.nl\/pl\/wp-json\/wp\/v2\/product_cat?post=30811"},{"taxonomy":"product_tag","embeddable":true,"href":"https:\/\/muscleforge.nl\/pl\/wp-json\/wp\/v2\/product_tag?post=30811"}],"curies":[{"name":"wp","href":"https:\/\/api.w.org\/{rel}","templated":true}]}}