{"id":31129,"date":"2022-06-24T15:19:10","date_gmt":"2022-06-24T13:19:10","guid":{"rendered":"https:\/\/muscleforge.nl\/product\/fa-xtreme-napalm-pre-contest-pumped-350g\/"},"modified":"2026-04-22T16:06:01","modified_gmt":"2026-04-22T14:06:01","slug":"fa-xtreme-napalm-pre-contest-pumped-350g","status":"publish","type":"product","link":"https:\/\/muscleforge.nl\/pl\/produkt\/fa-xtreme-napalm-pre-contest-pumped-350g\/","title":{"rendered":"FA Xtreme Napalm Pre-Contest Pumped 350g"},"content":{"rendered":"<h3 data-section-id=\"1seoaif\" data-start=\"277\" data-end=\"301\">\ud83d\udd25 Zalety produktu<\/h3>\n<p data-start=\"303\" data-end=\"687\">\ud83d\udcaa wspiera pomp\u0119 mi\u0119\u015bniow\u0105 i ukrwienie (cytrulina jab\u0142czan + glycerol)<br data-start=\"373\" data-end=\"376\" \/>\u26a1 beta-alanina wspiera wydolno\u015b\u0107 podczas intensywnego wysi\u0142ku<br data-start=\"437\" data-end=\"440\" \/>\u2615 kofeina zwi\u0119ksza poziom energii i koncentracji<br data-start=\"488\" data-end=\"491\" \/>\ud83e\udde0 wspiera funkcje poznawcze (cholina + L-tyrozyna)<br data-start=\"542\" data-end=\"545\" \/>\ud83c\udf3f zawiera ekstrakty ro\u015blinne (bakopa, ashwagandha, ginkgo biloba)<br data-start=\"611\" data-end=\"614\" \/>\ud83c\udfcb\ufe0f idealny do intensywnych trening\u00f3w si\u0142owych i przygotowa\u0144 startowych<\/p>\n<h3 data-section-id=\"dz02f6\" data-start=\"694\" data-end=\"716\">\ud83d\udc8a Opis produktu<\/h3>\n<p data-start=\"718\" data-end=\"860\">FA XTREME NAPALM PRE-CONTEST PUMPED to mocna formu\u0142a pre-workout stworzona dla os\u00f3b, kt\u00f3re chc\u0105 osi\u0105gn\u0105\u0107 maksymaln\u0105 intensywno\u015b\u0107 treningu \ud83d\udcaa<\/p>\n<p data-start=\"862\" data-end=\"1180\">Po\u0142\u0105czenie cytruliny jab\u0142czanu i glycerolu wspiera pomp\u0119 mi\u0119\u015bniow\u0105 oraz poprawia przep\u0142yw krwi podczas treningu co przek\u0142ada si\u0119 na lepsze osi\u0105gi i bardziej intensywny wysi\u0142ek \u26a1<br data-start=\"1039\" data-end=\"1042\" \/>Beta-alanina wspiera wydolno\u015b\u0107 podczas intensywnych \u0107wicze\u0144 natomiast kofeina i L-tyrozyna zwi\u0119kszaj\u0105 energi\u0119 koncentracj\u0119 i skupienie \u2615<\/p>\n<p data-start=\"1182\" data-end=\"1393\">Formu\u0142a zosta\u0142a wzbogacona o betain\u0119 cholin\u0119 oraz kompleks ekstrakt\u00f3w ro\u015blinnych takich jak bakopa ashwagandha i ginkgo biloba kt\u00f3re wspieraj\u0105 koncentracj\u0119 odporno\u015b\u0107 na stres oraz og\u00f3ln\u0105 wydajno\u015b\u0107 organizmu \ud83e\udde0<\/p>\n<p data-start=\"1395\" data-end=\"1542\">Regularne stosowanie mo\u017ce przyczyni\u0107 si\u0119 do poprawy wynik\u00f3w treningowych wi\u0119kszej intensywno\u015bci oraz maksymalnej koncentracji podczas treningu \ud83d\udd25<\/p>\n<h3 data-section-id=\"1wpz9to\" data-start=\"1549\" data-end=\"1571\">\ud83d\udd52 Spos\u00f3b u\u017cycia<\/h3>\n<p data-start=\"1573\" data-end=\"1699\">\ud83d\udca7 Wymieszaj 1 miark\u0119 (8,75 g) z 150\u2013200 ml wody stosuj 2 porcje dziennie jedn\u0105 rano oraz drug\u0105 30\u201345 minut przed treningiem<\/p>\n<h3 data-section-id=\"1yfz9k6\" data-start=\"1706\" data-end=\"1727\">\ud83d\udce6 Ilo\u015b\u0107 porcji<\/h3>\n<p data-start=\"1729\" data-end=\"1749\">\ud83d\udcca Oko\u0142o 40 porcji<\/p>\n<h3 data-section-id=\"wh691u\" data-start=\"1756\" data-end=\"1791\">\ud83d\udcca Tabela warto\u015bci od\u017cywczych<\/h3>\n<div class=\"TyagGW_tableContainer\">\n<div class=\"group TyagGW_tableWrapper flex flex-col-reverse w-fit\" tabindex=\"-1\">\n<table class=\"w-fit min-w-(--thread-content-width)\" data-start=\"1793\" data-end=\"2564\">\n<thead data-start=\"1793\" data-end=\"1823\">\n<tr data-start=\"1793\" data-end=\"1823\">\n<th class=\"\" data-start=\"1793\" data-end=\"1804\" data-col-size=\"md\">Sk\u0142adnik<\/th>\n<th class=\"\" data-start=\"1804\" data-end=\"1813\" data-col-size=\"sm\">8,75 g<\/th>\n<th class=\"\" data-start=\"1813\" data-end=\"1823\" data-col-size=\"sm\">17,5 g<\/th>\n<\/tr>\n<\/thead>\n<tbody data-start=\"1855\" data-end=\"2564\">\n<tr data-start=\"1855\" data-end=\"1897\">\n<td data-start=\"1855\" data-end=\"1876\" data-col-size=\"md\">Cytrulina jab\u0142czan<\/td>\n<td data-start=\"1876\" data-end=\"1886\" data-col-size=\"sm\">3000 mg<\/td>\n<td data-start=\"1886\" data-end=\"1897\" data-col-size=\"sm\">6000 mg<\/td>\n<\/tr>\n<tr data-start=\"1898\" data-end=\"1937\">\n<td data-start=\"1898\" data-end=\"1916\" data-col-size=\"md\">w tym cytrulina<\/td>\n<td data-start=\"1916\" data-end=\"1926\" data-col-size=\"sm\">2000 mg<\/td>\n<td data-start=\"1926\" data-end=\"1937\" data-col-size=\"sm\">4000 mg<\/td>\n<\/tr>\n<tr data-start=\"1938\" data-end=\"1974\">\n<td data-start=\"1938\" data-end=\"1953\" data-col-size=\"md\">Beta-alanina<\/td>\n<td data-start=\"1953\" data-end=\"1963\" data-col-size=\"sm\">1600 mg<\/td>\n<td data-start=\"1963\" data-end=\"1974\" data-col-size=\"sm\">3200 mg<\/td>\n<\/tr>\n<tr data-start=\"1975\" data-end=\"2005\">\n<td data-start=\"1975\" data-end=\"1985\" data-col-size=\"md\">Betaina<\/td>\n<td data-start=\"1985\" data-end=\"1994\" data-col-size=\"sm\">750 mg<\/td>\n<td data-start=\"1994\" data-end=\"2005\" data-col-size=\"sm\">1500 mg<\/td>\n<\/tr>\n<tr data-start=\"2006\" data-end=\"2053\">\n<td data-start=\"2006\" data-end=\"2033\" data-col-size=\"md\">Monostearynian glicerolu<\/td>\n<td data-start=\"2033\" data-end=\"2042\" data-col-size=\"sm\">750 mg<\/td>\n<td data-start=\"2042\" data-end=\"2053\" data-col-size=\"sm\">1500 mg<\/td>\n<\/tr>\n<tr data-start=\"2054\" data-end=\"2093\">\n<td data-start=\"2054\" data-end=\"2074\" data-col-size=\"md\">Cholina bitartrat<\/td>\n<td data-start=\"2074\" data-end=\"2083\" data-col-size=\"sm\">275 mg<\/td>\n<td data-start=\"2083\" data-end=\"2093\" data-col-size=\"sm\">550 mg<\/td>\n<\/tr>\n<tr data-start=\"2094\" data-end=\"2129\">\n<td data-start=\"2094\" data-end=\"2110\" data-col-size=\"md\">w tym cholina<\/td>\n<td data-start=\"2110\" data-end=\"2119\" data-col-size=\"sm\">113 mg<\/td>\n<td data-start=\"2119\" data-end=\"2129\" data-col-size=\"sm\">226 mg<\/td>\n<\/tr>\n<tr data-start=\"2130\" data-end=\"2162\">\n<td data-start=\"2130\" data-end=\"2143\" data-col-size=\"md\">L-tyrozyna<\/td>\n<td data-start=\"2143\" data-end=\"2152\" data-col-size=\"sm\">250 mg<\/td>\n<td data-start=\"2152\" data-end=\"2162\" data-col-size=\"sm\">500 mg<\/td>\n<\/tr>\n<tr data-start=\"2163\" data-end=\"2192\">\n<td data-start=\"2163\" data-end=\"2173\" data-col-size=\"md\">Kofeina<\/td>\n<td data-start=\"2173\" data-end=\"2182\" data-col-size=\"sm\">200 mg<\/td>\n<td data-start=\"2182\" data-end=\"2192\" data-col-size=\"sm\">400 mg<\/td>\n<\/tr>\n<tr data-start=\"2193\" data-end=\"2254\">\n<td data-start=\"2193\" data-end=\"2236\" data-col-size=\"md\">Ekstrakt bacopa monnieri (50% bakozyd\u00f3w)<\/td>\n<td data-start=\"2236\" data-end=\"2244\" data-col-size=\"sm\">60 mg<\/td>\n<td data-start=\"2244\" data-end=\"2254\" data-col-size=\"sm\">120 mg<\/td>\n<\/tr>\n<tr data-start=\"2255\" data-end=\"2291\">\n<td data-start=\"2255\" data-end=\"2273\" data-col-size=\"md\">Glukuronolakton<\/td>\n<td data-start=\"2273\" data-end=\"2281\" data-col-size=\"sm\">50 mg<\/td>\n<td data-start=\"2281\" data-end=\"2291\" data-col-size=\"sm\">100 mg<\/td>\n<\/tr>\n<tr data-start=\"2292\" data-end=\"2333\">\n<td data-start=\"2292\" data-end=\"2315\" data-col-size=\"md\">Ekstrakt ashwagandha<\/td>\n<td data-start=\"2315\" data-end=\"2323\" data-col-size=\"sm\">50 mg<\/td>\n<td data-start=\"2323\" data-end=\"2333\" data-col-size=\"sm\">100 mg<\/td>\n<\/tr>\n<tr data-start=\"2334\" data-end=\"2376\">\n<td data-start=\"2334\" data-end=\"2359\" data-col-size=\"md\">Ekstrakt ginkgo biloba<\/td>\n<td data-start=\"2359\" data-end=\"2367\" data-col-size=\"sm\">40 mg<\/td>\n<td data-start=\"2367\" data-end=\"2376\" data-col-size=\"sm\">80 mg<\/td>\n<\/tr>\n<tr data-start=\"2377\" data-end=\"2410\">\n<td data-start=\"2377\" data-end=\"2387\" data-col-size=\"md\">Niacyna<\/td>\n<td data-start=\"2387\" data-end=\"2398\" data-col-size=\"sm\">32 mg NE<\/td>\n<td data-start=\"2398\" data-end=\"2410\" data-col-size=\"sm\">64 mg NE<\/td>\n<\/tr>\n<tr data-start=\"2411\" data-end=\"2441\">\n<td data-start=\"2411\" data-end=\"2425\" data-col-size=\"md\">Witamina B6<\/td>\n<td data-start=\"2425\" data-end=\"2432\" data-col-size=\"sm\">9 mg<\/td>\n<td data-start=\"2432\" data-end=\"2441\" data-col-size=\"sm\">18 mg<\/td>\n<\/tr>\n<tr data-start=\"2442\" data-end=\"2502\">\n<td data-start=\"2442\" data-end=\"2485\" data-col-size=\"md\">Ekstrakt czarnego pieprzu (95% piperyny)<\/td>\n<td data-start=\"2485\" data-end=\"2494\" data-col-size=\"sm\">2,5 mg<\/td>\n<td data-start=\"2494\" data-end=\"2502\" data-col-size=\"sm\">5 mg<\/td>\n<\/tr>\n<tr data-start=\"2503\" data-end=\"2564\">\n<td data-start=\"2503\" data-end=\"2547\" data-col-size=\"md\">Ekstrakt pieprzu cayenne (10% kapsaicyny)<\/td>\n<td data-start=\"2547\" data-end=\"2556\" data-col-size=\"sm\">2,5 mg<\/td>\n<td data-start=\"2556\" data-end=\"2564\" data-col-size=\"sm\">5 mg<\/td>\n<\/tr>\n<\/tbody>\n<\/table>\n<\/div>\n<\/div>\n<h3 data-section-id=\"1sk1do\" data-start=\"2571\" data-end=\"2589\">\ud83e\uddfe Sk\u0142adniki<\/h3>\n<p data-start=\"2591\" data-end=\"3156\">cytrulina jab\u0142czan, beta-alanina, betaina bezwodna, stabilizator (monostearynian glicerolu), aromaty, substancja przeciwzbrylaj\u0105ca (E551), regulator kwasowo\u015bci (E500(ii)), cholina bitartrat, L-tyrozyna, kofeina bezwodna, kompleks ekstrakt\u00f3w ro\u015blinnych (ekstrakt z li\u015bci bacopa monnieri, ekstrakt z korzenia ashwagandha, ekstrakt z li\u015bci ginkgo biloba), ekstrakt z owoc\u00f3w pieprzu czarnego, ekstrakt z pieprzu cayenne, glukuronolakton, niacyna, witamina B6, s\u00f3l, koncentrat soku z buraka, substancje s\u0142odz\u0105ce (acesulfam K, sukraloza, glikozydy stewiolowe), barwniki<\/p>\n<h3 data-section-id=\"1d6gtwm\" data-start=\"3163\" data-end=\"3180\">\u26a0\ufe0f Alergeny<\/h3>\n<p data-start=\"3182\" data-end=\"3246\">mo\u017ce mie\u0107 negatywny wp\u0142yw na aktywno\u015b\u0107 i koncentracj\u0119 u dzieci<\/p>\n<h3 data-section-id=\"xbuiim\" data-start=\"3253\" data-end=\"3276\">\ud83d\udce6 Przechowywanie<\/h3>\n<p data-start=\"3278\" data-end=\"3362\">przechowywa\u0107 w suchym miejscu chroni\u0107 przed \u015bwiat\u0142em trzyma\u0107 poza zasi\u0119giem dzieci<\/p>\n","protected":false},"excerpt":{"rendered":"<p><img loading=\"lazy\" decoding=\"async\" class=\"alignnone wp-image-54520 size-full\" src=\"https:\/\/muscleforge.nl\/wp-content\/uploads\/2026\/04\/a06f6032-f6fd-488a-8da4-4ef40261566f.png\" alt=\"\" width=\"1254\" height=\"1254\" srcset=\"https:\/\/muscleforge.nl\/wp-content\/uploads\/2026\/04\/a06f6032-f6fd-488a-8da4-4ef40261566f.png 1254w, https:\/\/muscleforge.nl\/wp-content\/uploads\/2026\/04\/a06f6032-f6fd-488a-8da4-4ef40261566f-300x300.png 300w, https:\/\/muscleforge.nl\/wp-content\/uploads\/2026\/04\/a06f6032-f6fd-488a-8da4-4ef40261566f-1024x1024.png 1024w, https:\/\/muscleforge.nl\/wp-content\/uploads\/2026\/04\/a06f6032-f6fd-488a-8da4-4ef40261566f-150x150.png 150w, https:\/\/muscleforge.nl\/wp-content\/uploads\/2026\/04\/a06f6032-f6fd-488a-8da4-4ef40261566f-768x768.png 768w, https:\/\/muscleforge.nl\/wp-content\/uploads\/2026\/04\/a06f6032-f6fd-488a-8da4-4ef40261566f-70x70.png 70w, https:\/\/muscleforge.nl\/wp-content\/uploads\/2026\/04\/a06f6032-f6fd-488a-8da4-4ef40261566f-360x360.png 360w, https:\/\/muscleforge.nl\/wp-content\/uploads\/2026\/04\/a06f6032-f6fd-488a-8da4-4ef40261566f-580x580.png 580w, https:\/\/muscleforge.nl\/wp-content\/uploads\/2026\/04\/a06f6032-f6fd-488a-8da4-4ef40261566f-860x860.png 860w, https:\/\/muscleforge.nl\/wp-content\/uploads\/2026\/04\/a06f6032-f6fd-488a-8da4-4ef40261566f-1160x1160.png 1160w, https:\/\/muscleforge.nl\/wp-content\/uploads\/2026\/04\/a06f6032-f6fd-488a-8da4-4ef40261566f-540x540.png 540w, https:\/\/muscleforge.nl\/wp-content\/uploads\/2026\/04\/a06f6032-f6fd-488a-8da4-4ef40261566f-600x600.png 600w, https:\/\/muscleforge.nl\/wp-content\/uploads\/2026\/04\/a06f6032-f6fd-488a-8da4-4ef40261566f-100x100.png 100w\" sizes=\"auto, (max-width: 1254px) 100vw, 1254px\" \/><\/p>\n<p data-start=\"87\" data-end=\"221\"><strong>Suplement przedtreningowy z jab\u0142czanem cytruliny , beta-alanin\u0105 i kofein\u0105 wspieraj\u0105cy pomp\u0119 mi\u0119\u015bniow\u0105, energi\u0119, koncentracj\u0119 i wydolno\u015b\u0107 treningow\u0105.<\/strong><\/p>\n","protected":false},"featured_media":54348,"comment_status":"open","ping_status":"closed","template":"","meta":[],"product_brand":[992],"product_cat":[728,870,862],"product_tag":[],"class_list":{"0":"post-31129","1":"product","2":"type-product","3":"status-publish","4":"has-post-thumbnail","6":"product_brand-fitness-authority","7":"product_cat-suplementy-diety","8":"product_cat-na-pompe-miesniowa","9":"product_cat-przedtreningowki","11":"first","12":"instock","13":"taxable","14":"shipping-taxable","15":"purchasable","16":"product-type-variable"},"_links":{"self":[{"href":"https:\/\/muscleforge.nl\/pl\/wp-json\/wp\/v2\/product\/31129","targetHints":{"allow":["GET"]}}],"collection":[{"href":"https:\/\/muscleforge.nl\/pl\/wp-json\/wp\/v2\/product"}],"about":[{"href":"https:\/\/muscleforge.nl\/pl\/wp-json\/wp\/v2\/types\/product"}],"replies":[{"embeddable":true,"href":"https:\/\/muscleforge.nl\/pl\/wp-json\/wp\/v2\/comments?post=31129"}],"wp:featuredmedia":[{"embeddable":true,"href":"https:\/\/muscleforge.nl\/pl\/wp-json\/wp\/v2\/media\/54348"}],"wp:attachment":[{"href":"https:\/\/muscleforge.nl\/pl\/wp-json\/wp\/v2\/media?parent=31129"}],"wp:term":[{"taxonomy":"product_brand","embeddable":true,"href":"https:\/\/muscleforge.nl\/pl\/wp-json\/wp\/v2\/product_brand?post=31129"},{"taxonomy":"product_cat","embeddable":true,"href":"https:\/\/muscleforge.nl\/pl\/wp-json\/wp\/v2\/product_cat?post=31129"},{"taxonomy":"product_tag","embeddable":true,"href":"https:\/\/muscleforge.nl\/pl\/wp-json\/wp\/v2\/product_tag?post=31129"}],"curies":[{"name":"wp","href":"https:\/\/api.w.org\/{rel}","templated":true}]}}