{"id":31568,"date":"2022-07-16T16:24:15","date_gmt":"2022-07-16T14:24:15","guid":{"rendered":"https:\/\/muscleforge.nl\/product\/trec-nutrition-triple-magnesium-complex-120cap\/"},"modified":"2025-06-02T00:09:37","modified_gmt":"2025-06-01T22:09:37","slug":"trec-nutrition-triple-magnesium-complex-120cap","status":"publish","type":"product","link":"https:\/\/muscleforge.nl\/pl\/produkt\/trec-nutrition-triple-magnesium-complex-120cap\/","title":{"rendered":"TREC NUTRITION TRIPLE MAGNESIUM COMPLEX 120cap"},"content":{"rendered":"<h1><strong>TREC NUTRITION TRIPLE MAGNESIUM COMPLEX<\/strong><\/h1>\n<p>Trec Nutrition Triple Magnesium Complex to <strong>zaawansowana formu\u0142a magnezu<\/strong>, kt\u00f3ra \u0142\u0105czy <strong>trzy wysoko przyswajalne formy magnezu<\/strong>: <strong>chlorek, cytrynian i mleczan magnezu<\/strong>, zapewniaj\u0105c maksymaln\u0105 biodost\u0119pno\u015b\u0107 i skuteczne dzia\u0142anie.<\/p>\n<h3><strong>Zalety produktu<\/strong><\/h3>\n<ul>\n<li><strong>Trzy formy magnezu<\/strong> \u2013 chlorek, cytrynian i mleczan dla lepszej przyswajalno\u015bci<\/li>\n<li><strong>Wspiera prawid\u0142owe funkcjonowanie mi\u0119\u015bni i uk\u0142adu nerwowego<\/strong><\/li>\n<li><strong>Zmniejsza uczucie zm\u0119czenia i znu\u017cenia<\/strong><\/li>\n<li><strong>Pomaga utrzyma\u0107 zdrowe ko\u015bci i z\u0119by<\/strong><\/li>\n<li><strong>Uczestniczy w syntezie bia\u0142ek i metabolizmie energetycznym<\/strong><\/li>\n<\/ul>\n<p>Magnez jest niezb\u0119dnym minera\u0142em, kt\u00f3ry odgrywa kluczow\u0105 rol\u0119 w funkcjonowaniu organizmu i wspomaga prawid\u0142ow\u0105 prac\u0119 mi\u0119\u015bni, uk\u0142adu nerwowego i metabolizmu energetycznego. Niedob\u00f3r magnezu mo\u017ce prowadzi\u0107 do skurcz\u00f3w mi\u0119\u015bni, os\u0142abienia, zm\u0119czenia oraz problem\u00f3w ze snem<\/p>\n<p>Trec Nutrition Triple Magnesium Complex zawiera trzy wysoko przyswajalne formy magnezu, kt\u00f3re skutecznie uzupe\u0142niaj\u0105 niedobory tego pierwiastka w organizmie. Chlorek magnezu to doskonale przyswajalna forma, pomagaj\u0105ca w regulacji gospodarki wodno-elektrolitowej. Cytrynian magnezu wspiera funkcjonowanie mi\u0119\u015bni i uk\u0142adu nerwowego. Mleczan magnezu jest \u0142agodny dla \u017co\u0142\u0105dka i efektywnie wch\u0142aniany przez organizm<\/p>\n<p>To idealne rozwi\u0105zanie dla os\u00f3b aktywnych fizycznie, sportowc\u00f3w oraz wszystkich, kt\u00f3rzy chc\u0105 zadba\u0107 o prawid\u0142owy poziom magnezu w organizmie<\/p>\n<p>&nbsp;<\/p>\n<h3><strong>D<\/strong><strong>awkowanie:<\/strong><\/h3>\n<div><span style=\"font-size: 16px\">Jednorazow\u0105 porcj\u0119 produktu &#8211; 2 kapsu\u0142ki popi\u0107 300 ml wody. Stosowa\u0107 2 porcje dziennie, najlepiej podczas posi\u0142ku.<\/span><\/div>\n<div><\/div>\n<h3><strong>Tabela warto\u015bci od\u017cywczych<\/strong><\/h3>\n<table>\n<thead>\n<tr>\n<th>Sk\u0142adnik<\/th>\n<th>Na porcj\u0119 (2 kapsu\u0142ki)<\/th>\n<th>Na porcj\u0119 (4 kapsu\u0142ki)<\/th>\n<th>% RWS* (4 kapsu\u0142ki)<\/th>\n<\/tr>\n<\/thead>\n<tbody>\n<tr>\n<td>Magnez<\/td>\n<td>130,6 mg<\/td>\n<td>261,2 mg<\/td>\n<td>70%*<\/td>\n<\/tr>\n<\/tbody>\n<\/table>\n<p>*Referencyjna Warto\u015b\u0107 Spo\u017cycia (RWS) dla przeci\u0119tnej osoby doros\u0142ej.<\/p>\n<h3>Sk\u0142adniki:<\/h3>\n<p>magnez [chlorek magnezu, sole magnezowe kwasu cytrynowego, mleczan magnezu] (97,2 %), otoczka kapsu\u0142ki [\u017celatyna]<sup>B<\/sup>\u00a0\/ [substancja glazuruj\u0105ca (hydroksypropylometyloceluloza)]<sup>C<\/sup>\u00a0\/ [\u017celatyna, barwnik (dwutlenek tytanu)]<sup>D<\/sup>, substancja przeciwzbrylaj\u0105ca (sole magnezowe kwas\u00f3w t\u0142uszczowych).<\/p>\n<p><sup>B,C,D<\/sup>\u00a0Patrz symbol za numerem partii produkcyjnej.<\/p>\n<p>Produkt mo\u017ce zawiera\u0107:\u00a0<b><u>mleko, soj\u0119, zbo\u017ca zawieraj\u0105ce gluten, jaja, orzeszki ziemne i orzechy.<\/u><\/b><\/p>\n","protected":false},"excerpt":{"rendered":"<p>TREC NUTRITION TRIPLE MAGNESIUM COMPLEX Trec Nutrition Triple Magnesium Complex to zaawansowana formu\u0142a magnezu, kt\u00f3ra \u0142\u0105czy trzy wysoko przyswajalne formy magnezu: chlorek, cytrynian i mleczan magnezu, zapewniaj\u0105c maksymaln\u0105 biodost\u0119pno\u015b\u0107 i skuteczne dzia\u0142anie. Zalety produktu Trzy formy magnezu \u2013 chlorek, cytrynian i mleczan dla lepszej przyswajalno\u015bci Wspiera prawid\u0142owe funkcjonowanie mi\u0119\u015bni i uk\u0142adu nerwowego Zmniejsza uczucie zm\u0119czenia&#8230;<\/p>\n","protected":false},"featured_media":31567,"comment_status":"open","ping_status":"closed","template":"","meta":[],"product_brand":[],"product_cat":[728,869,850],"product_tag":[],"class_list":{"0":"post-31568","1":"product","2":"type-product","3":"status-publish","4":"has-post-thumbnail","6":"product_cat-suplementy-diety","7":"product_cat-witaminy-i-mineraly","8":"product_cat-zdrowie-i-odpornosc","10":"first","11":"instock","12":"taxable","13":"shipping-taxable","14":"purchasable","15":"product-type-simple"},"_links":{"self":[{"href":"https:\/\/muscleforge.nl\/pl\/wp-json\/wp\/v2\/product\/31568","targetHints":{"allow":["GET"]}}],"collection":[{"href":"https:\/\/muscleforge.nl\/pl\/wp-json\/wp\/v2\/product"}],"about":[{"href":"https:\/\/muscleforge.nl\/pl\/wp-json\/wp\/v2\/types\/product"}],"replies":[{"embeddable":true,"href":"https:\/\/muscleforge.nl\/pl\/wp-json\/wp\/v2\/comments?post=31568"}],"wp:featuredmedia":[{"embeddable":true,"href":"https:\/\/muscleforge.nl\/pl\/wp-json\/wp\/v2\/media\/31567"}],"wp:attachment":[{"href":"https:\/\/muscleforge.nl\/pl\/wp-json\/wp\/v2\/media?parent=31568"}],"wp:term":[{"taxonomy":"product_brand","embeddable":true,"href":"https:\/\/muscleforge.nl\/pl\/wp-json\/wp\/v2\/product_brand?post=31568"},{"taxonomy":"product_cat","embeddable":true,"href":"https:\/\/muscleforge.nl\/pl\/wp-json\/wp\/v2\/product_cat?post=31568"},{"taxonomy":"product_tag","embeddable":true,"href":"https:\/\/muscleforge.nl\/pl\/wp-json\/wp\/v2\/product_tag?post=31568"}],"curies":[{"name":"wp","href":"https:\/\/api.w.org\/{rel}","templated":true}]}}