{"id":31591,"date":"2022-07-18T14:50:32","date_gmt":"2022-07-18T12:50:32","guid":{"rendered":"https:\/\/muscleforge.nl\/product\/pit-bull-tank-top-san-diego-dog-190-gsm-black-2\/"},"modified":"2025-06-02T00:09:37","modified_gmt":"2025-06-01T22:09:37","slug":"pit-bull-tank-top-san-diego-dog-190-gsm-black-2","status":"publish","type":"product","link":"https:\/\/muscleforge.nl\/pl\/produkt\/pit-bull-tank-top-san-diego-dog-190-gsm-black-2\/","title":{"rendered":"PIT BULL TANK TOP SAN DIEGO DOG 190 GSM BLACK"},"content":{"rendered":"<div class=\" product-block product-block--title product-block--first \">\n<h1 class=\"product_name\">TANK TOP SAN DIEGO DOG BLACK<\/h1>\n<\/div>\n<p>Tank Top m\u0119ski z najnowszej kolekcji marki PIT BULL WEST COAST \u2013 San Diego Dog SERIA MIDDLE WEIGHT 190 SPANDEX<\/p>\n<p>&#8211; fason typu slim fit podkre\u015blaj\u0105cy sylwetk\u0119<\/p>\n<p>&#8211; klasyczny okr\u0105g\u0142y dekolt<\/p>\n<p>&#8211; Tank Top wykonany z najwy\u017cszej jako\u015bci elastycznej tkaniny o gramaturze 190 g\/m2<\/p>\n<p>&#8211; dekolt oraz otwory na r\u0119ce obszyte lam\u00f3wk\u0105<\/p>\n<p>&#8211; du\u017cy nadruk z przodu<\/p>\n<p>&#8211; du\u017ca tkana naszywka z logo marki PIT BULL WEST COAST u do\u0142u koszulki<\/p>\n<p>&#8211; kolor koszulki: czarny<\/p>\n<p>&#8211; sk\u0142ad materia\u0142u: 95% bawe\u0142na \/ 5 % elastan<\/p>\n<p>&nbsp;<\/p>\n<div class=\" product-block product-block--description \">\n<p><img loading=\"lazy\" decoding=\"async\" class=\"alignnone wp-image-31581 size-full\" src=\"https:\/\/muscleforge.nl\/wp-content\/uploads\/2022\/07\/PIT-BULL-TANK-TOP-SAN-DIEGO-DOG-190-GSM-BLACK-1.png\" alt=\"\" width=\"1188\" height=\"434\" srcset=\"https:\/\/muscleforge.nl\/wp-content\/uploads\/2022\/07\/PIT-BULL-TANK-TOP-SAN-DIEGO-DOG-190-GSM-BLACK-1.png 1188w, https:\/\/muscleforge.nl\/wp-content\/uploads\/2022\/07\/PIT-BULL-TANK-TOP-SAN-DIEGO-DOG-190-GSM-BLACK-1-300x110.png 300w, https:\/\/muscleforge.nl\/wp-content\/uploads\/2022\/07\/PIT-BULL-TANK-TOP-SAN-DIEGO-DOG-190-GSM-BLACK-1-1024x374.png 1024w, https:\/\/muscleforge.nl\/wp-content\/uploads\/2022\/07\/PIT-BULL-TANK-TOP-SAN-DIEGO-DOG-190-GSM-BLACK-1-768x281.png 768w, https:\/\/muscleforge.nl\/wp-content\/uploads\/2022\/07\/PIT-BULL-TANK-TOP-SAN-DIEGO-DOG-190-GSM-BLACK-1-580x212.png 580w, https:\/\/muscleforge.nl\/wp-content\/uploads\/2022\/07\/PIT-BULL-TANK-TOP-SAN-DIEGO-DOG-190-GSM-BLACK-1-860x314.png 860w, https:\/\/muscleforge.nl\/wp-content\/uploads\/2022\/07\/PIT-BULL-TANK-TOP-SAN-DIEGO-DOG-190-GSM-BLACK-1-1160x424.png 1160w, https:\/\/muscleforge.nl\/wp-content\/uploads\/2022\/07\/PIT-BULL-TANK-TOP-SAN-DIEGO-DOG-190-GSM-BLACK-1-600x219.png 600w\" sizes=\"auto, (max-width: 1188px) 100vw, 1188px\" \/><\/p>\n<\/div>\n","protected":false},"excerpt":{"rendered":"<p>TANK TOP SAN DIEGO DOG BLACK Tank Top m\u0119ski z najnowszej kolekcji marki PIT BULL WEST COAST \u2013 San Diego Dog SERIA MIDDLE WEIGHT 190 SPANDEX &#8211; fason typu slim fit podkre\u015blaj\u0105cy sylwetk\u0119 &#8211; klasyczny okr\u0105g\u0142y dekolt &#8211; Tank Top wykonany z najwy\u017cszej jako\u015bci elastycznej tkaniny o gramaturze 190 g\/m2 &#8211; dekolt oraz otwory na&#8230;<\/p>\n","protected":false},"featured_media":31584,"comment_status":"open","ping_status":"closed","template":"","meta":[],"product_brand":[],"product_cat":[798,799,800,809,813],"product_tag":[],"class_list":{"0":"post-31591","1":"product","2":"type-product","3":"status-publish","4":"has-post-thumbnail","6":"product_cat-odziez","7":"product_cat-dla-mezczyzn","8":"product_cat-promocja","9":"product_cat-koszulki","10":"product_cat-tank-tops-pl","12":"first","13":"instock","14":"sale","15":"taxable","16":"shipping-taxable","17":"purchasable","18":"product-type-variable"},"_links":{"self":[{"href":"https:\/\/muscleforge.nl\/pl\/wp-json\/wp\/v2\/product\/31591","targetHints":{"allow":["GET"]}}],"collection":[{"href":"https:\/\/muscleforge.nl\/pl\/wp-json\/wp\/v2\/product"}],"about":[{"href":"https:\/\/muscleforge.nl\/pl\/wp-json\/wp\/v2\/types\/product"}],"replies":[{"embeddable":true,"href":"https:\/\/muscleforge.nl\/pl\/wp-json\/wp\/v2\/comments?post=31591"}],"wp:featuredmedia":[{"embeddable":true,"href":"https:\/\/muscleforge.nl\/pl\/wp-json\/wp\/v2\/media\/31584"}],"wp:attachment":[{"href":"https:\/\/muscleforge.nl\/pl\/wp-json\/wp\/v2\/media?parent=31591"}],"wp:term":[{"taxonomy":"product_brand","embeddable":true,"href":"https:\/\/muscleforge.nl\/pl\/wp-json\/wp\/v2\/product_brand?post=31591"},{"taxonomy":"product_cat","embeddable":true,"href":"https:\/\/muscleforge.nl\/pl\/wp-json\/wp\/v2\/product_cat?post=31591"},{"taxonomy":"product_tag","embeddable":true,"href":"https:\/\/muscleforge.nl\/pl\/wp-json\/wp\/v2\/product_tag?post=31591"}],"curies":[{"name":"wp","href":"https:\/\/api.w.org\/{rel}","templated":true}]}}