{"id":31780,"date":"2022-07-20T15:47:25","date_gmt":"2022-07-20T13:47:25","guid":{"rendered":"https:\/\/muscleforge.nl\/product\/patriotic-shoulder-bag-futura-double-line-black\/"},"modified":"2025-06-02T00:09:30","modified_gmt":"2025-06-01T22:09:30","slug":"patriotic-shoulder-bag-futura-double-line-black","status":"publish","type":"product","link":"https:\/\/muscleforge.nl\/pl\/produkt\/patriotic-shoulder-bag-futura-double-line-black\/","title":{"rendered":"Patriotic Shoulder Bag Futura Double Line Black"},"content":{"rendered":"<h3>Listonoszka na rami\u0119 marki Patriotic<\/h3>\n<p><strong>Cechy produktu:<\/strong><br \/>\nListonoszka w klasycznej czerni, urozmaicona nadrukiem z dyskretnie ulokowanym, bia\u0142ym logo.<br \/>\nWyposa\u017cona w wytrzyma\u0142e zamki oraz pasek o regulowanej d\u0142ugo\u015bci.<br \/>\nG\u0142\u00f3wna kiesze\u0144 pomie\u015bci wszystkie najpotrzebniejsze rzeczy, kt\u00f3re warto mie\u0107 pod r\u0119k\u0105 (np. telefon, portfel, klucze).<br \/>\nTylna kiesze\u0144 idealnie sprawdzi si\u0119 do bezpiecznego przechowywania dokument\u00f3w.<br \/>\nOptymalnie pojemna, wykonana z wysokiej jako\u015bci, \u0142atwoczyszcz\u0105cego si\u0119 materia\u0142u.<\/p>\n","protected":false},"excerpt":{"rendered":"<p>Listonoszka na rami\u0119 marki Patriotic Cechy produktu: Listonoszka w klasycznej czerni, urozmaicona nadrukiem z dyskretnie ulokowanym, bia\u0142ym logo. Wyposa\u017cona w wytrzyma\u0142e zamki oraz pasek o regulowanej d\u0142ugo\u015bci. G\u0142\u00f3wna kiesze\u0144 pomie\u015bci wszystkie najpotrzebniejsze rzeczy, kt\u00f3re warto mie\u0107 pod r\u0119k\u0105 (np. telefon, portfel, klucze). Tylna kiesze\u0144 idealnie sprawdzi si\u0119 do bezpiecznego przechowywania dokument\u00f3w. Optymalnie pojemna, wykonana z&#8230;<\/p>\n","protected":false},"featured_media":31779,"comment_status":"open","ping_status":"closed","template":"","meta":[],"product_brand":[],"product_cat":[774,780,793],"product_tag":[],"class_list":{"0":"post-31780","1":"product","2":"type-product","3":"status-publish","4":"has-post-thumbnail","6":"product_cat-akcesoria","7":"product_cat-akcesoria-uliczne","8":"product_cat-listonoszki","10":"first","11":"instock","12":"sale","13":"taxable","14":"shipping-taxable","15":"purchasable","16":"product-type-simple"},"_links":{"self":[{"href":"https:\/\/muscleforge.nl\/pl\/wp-json\/wp\/v2\/product\/31780","targetHints":{"allow":["GET"]}}],"collection":[{"href":"https:\/\/muscleforge.nl\/pl\/wp-json\/wp\/v2\/product"}],"about":[{"href":"https:\/\/muscleforge.nl\/pl\/wp-json\/wp\/v2\/types\/product"}],"replies":[{"embeddable":true,"href":"https:\/\/muscleforge.nl\/pl\/wp-json\/wp\/v2\/comments?post=31780"}],"wp:featuredmedia":[{"embeddable":true,"href":"https:\/\/muscleforge.nl\/pl\/wp-json\/wp\/v2\/media\/31779"}],"wp:attachment":[{"href":"https:\/\/muscleforge.nl\/pl\/wp-json\/wp\/v2\/media?parent=31780"}],"wp:term":[{"taxonomy":"product_brand","embeddable":true,"href":"https:\/\/muscleforge.nl\/pl\/wp-json\/wp\/v2\/product_brand?post=31780"},{"taxonomy":"product_cat","embeddable":true,"href":"https:\/\/muscleforge.nl\/pl\/wp-json\/wp\/v2\/product_cat?post=31780"},{"taxonomy":"product_tag","embeddable":true,"href":"https:\/\/muscleforge.nl\/pl\/wp-json\/wp\/v2\/product_tag?post=31780"}],"curies":[{"name":"wp","href":"https:\/\/api.w.org\/{rel}","templated":true}]}}