{"id":31892,"date":"2022-07-21T13:29:59","date_gmt":"2022-07-21T11:29:59","guid":{"rendered":"https:\/\/muscleforge.nl\/product\/patriotic-cls-s-webbing-belt-red\/"},"modified":"2025-06-02T00:09:27","modified_gmt":"2025-06-01T22:09:27","slug":"patriotic-cls-s-webbing-belt-red","status":"publish","type":"product","link":"https:\/\/muscleforge.nl\/pl\/produkt\/patriotic-cls-s-webbing-belt-red\/","title":{"rendered":"Patriotic CLS S Webbing Belt Red"},"content":{"rendered":"<h3>Pasek parciany marki Patriotic<\/h3>\n<p>Materia\u0142: 50% bawe\u0142na, 50% poliester<br \/>\nWyprodukowano: w Polsce<\/p>\n<p><strong>Cechy produktu:<\/strong><br \/>\nCzarny pasek zapinany klamr\u0105, uatrakcyjnion\u0105 oryginalnym grawerem Patriotic.<br \/>\nPas jest szeroki na oko\u0142o 4 cm, a jego d\u0142ugo\u015b\u0107 to 120 cm<\/p>\n","protected":false},"excerpt":{"rendered":"<p>Pasek parciany marki Patriotic Materia\u0142: 50% bawe\u0142na, 50% poliester Wyprodukowano: w Polsce Cechy produktu: Czarny pasek zapinany klamr\u0105, uatrakcyjnion\u0105 oryginalnym grawerem Patriotic. Pas jest szeroki na oko\u0142o 4 cm, a jego d\u0142ugo\u015b\u0107 to 120 cm<\/p>\n","protected":false},"featured_media":31891,"comment_status":"open","ping_status":"closed","template":"","meta":[],"product_brand":[],"product_cat":[774,780,788],"product_tag":[],"class_list":{"0":"post-31892","1":"product","2":"type-product","3":"status-publish","4":"has-post-thumbnail","6":"product_cat-akcesoria","7":"product_cat-akcesoria-uliczne","8":"product_cat-paski","10":"first","11":"instock","12":"sale","13":"taxable","14":"shipping-taxable","15":"purchasable","16":"product-type-simple"},"_links":{"self":[{"href":"https:\/\/muscleforge.nl\/pl\/wp-json\/wp\/v2\/product\/31892","targetHints":{"allow":["GET"]}}],"collection":[{"href":"https:\/\/muscleforge.nl\/pl\/wp-json\/wp\/v2\/product"}],"about":[{"href":"https:\/\/muscleforge.nl\/pl\/wp-json\/wp\/v2\/types\/product"}],"replies":[{"embeddable":true,"href":"https:\/\/muscleforge.nl\/pl\/wp-json\/wp\/v2\/comments?post=31892"}],"wp:featuredmedia":[{"embeddable":true,"href":"https:\/\/muscleforge.nl\/pl\/wp-json\/wp\/v2\/media\/31891"}],"wp:attachment":[{"href":"https:\/\/muscleforge.nl\/pl\/wp-json\/wp\/v2\/media?parent=31892"}],"wp:term":[{"taxonomy":"product_brand","embeddable":true,"href":"https:\/\/muscleforge.nl\/pl\/wp-json\/wp\/v2\/product_brand?post=31892"},{"taxonomy":"product_cat","embeddable":true,"href":"https:\/\/muscleforge.nl\/pl\/wp-json\/wp\/v2\/product_cat?post=31892"},{"taxonomy":"product_tag","embeddable":true,"href":"https:\/\/muscleforge.nl\/pl\/wp-json\/wp\/v2\/product_tag?post=31892"}],"curies":[{"name":"wp","href":"https:\/\/api.w.org\/{rel}","templated":true}]}}