{"id":31941,"date":"2022-07-21T14:57:11","date_gmt":"2022-07-21T12:57:11","guid":{"rendered":"https:\/\/muscleforge.nl\/product\/p56-wallet-pale-sobie-grass-dark-navy\/"},"modified":"2025-06-02T00:09:25","modified_gmt":"2025-06-01T22:09:25","slug":"p56-wallet-pale-sobie-grass-dark-navy","status":"publish","type":"product","link":"https:\/\/muscleforge.nl\/pl\/produkt\/p56-wallet-pale-sobie-grass-dark-navy\/","title":{"rendered":"P56 Wallet Pal\u0119 Sobie Grass Dark Navy"},"content":{"rendered":"<h3>Portfel marki Dudek P56<\/h3>\n<p>materia\u0142: cordura\/satyna<\/p>\n<p><strong>Cechy produktu:<\/strong><br \/>\nz przodu naszyta ork\u0105g\u0142a aplikacja<br \/>\nportfel zamykany na rzep<br \/>\nw \u015brodku:<br \/>\n&#8211; dwie du\u017ce przegrody na pieni\u0105dze papierowe<br \/>\n&#8211; kieszonka na drobne, zamykana na zamek b\u0142yskawiczny<br \/>\n&#8211; na \u015brodku przezroczysta kieszonka na dokumenty<br \/>\nprze\u015bwituj\u0105ca przegroda<br \/>\n&#8211; dodatkowo cztery przegrody po lewej i jedna po prawej stronie na karty, wizyt\u00f3wki itp.<\/p>\n","protected":false},"excerpt":{"rendered":"<p>Portfel marki Dudek P56 materia\u0142: cordura\/satyna Cechy produktu: z przodu naszyta ork\u0105g\u0142a aplikacja portfel zamykany na rzep w \u015brodku: &#8211; dwie du\u017ce przegrody na pieni\u0105dze papierowe &#8211; kieszonka na drobne, zamykana na zamek b\u0142yskawiczny &#8211; na \u015brodku przezroczysta kieszonka na dokumenty prze\u015bwituj\u0105ca przegroda &#8211; dodatkowo cztery przegrody po lewej i jedna po prawej stronie na&#8230;<\/p>\n","protected":false},"featured_media":31940,"comment_status":"open","ping_status":"closed","template":"","meta":[],"product_brand":[],"product_cat":[774,780,787],"product_tag":[],"class_list":{"0":"post-31941","1":"product","2":"type-product","3":"status-publish","4":"has-post-thumbnail","6":"product_cat-akcesoria","7":"product_cat-akcesoria-uliczne","8":"product_cat-portfele","10":"first","11":"instock","12":"sale","13":"taxable","14":"shipping-taxable","15":"purchasable","16":"product-type-simple"},"_links":{"self":[{"href":"https:\/\/muscleforge.nl\/pl\/wp-json\/wp\/v2\/product\/31941","targetHints":{"allow":["GET"]}}],"collection":[{"href":"https:\/\/muscleforge.nl\/pl\/wp-json\/wp\/v2\/product"}],"about":[{"href":"https:\/\/muscleforge.nl\/pl\/wp-json\/wp\/v2\/types\/product"}],"replies":[{"embeddable":true,"href":"https:\/\/muscleforge.nl\/pl\/wp-json\/wp\/v2\/comments?post=31941"}],"wp:featuredmedia":[{"embeddable":true,"href":"https:\/\/muscleforge.nl\/pl\/wp-json\/wp\/v2\/media\/31940"}],"wp:attachment":[{"href":"https:\/\/muscleforge.nl\/pl\/wp-json\/wp\/v2\/media?parent=31941"}],"wp:term":[{"taxonomy":"product_brand","embeddable":true,"href":"https:\/\/muscleforge.nl\/pl\/wp-json\/wp\/v2\/product_brand?post=31941"},{"taxonomy":"product_cat","embeddable":true,"href":"https:\/\/muscleforge.nl\/pl\/wp-json\/wp\/v2\/product_cat?post=31941"},{"taxonomy":"product_tag","embeddable":true,"href":"https:\/\/muscleforge.nl\/pl\/wp-json\/wp\/v2\/product_tag?post=31941"}],"curies":[{"name":"wp","href":"https:\/\/api.w.org\/{rel}","templated":true}]}}