{"id":32206,"date":"2022-07-30T15:32:41","date_gmt":"2022-07-30T13:32:41","guid":{"rendered":"https:\/\/muscleforge.nl\/product\/metal-key-opener-pretorian-drink-motherf-ker\/"},"modified":"2025-06-02T00:09:22","modified_gmt":"2025-06-01T22:09:22","slug":"metal-key-opener-pretorian-drink-motherf-ker","status":"publish","type":"product","link":"https:\/\/muscleforge.nl\/pl\/produkt\/metal-key-opener-pretorian-drink-motherf-ker\/","title":{"rendered":"METAL KEY OPENER PRETORIAN DRINK MOTHERF * :) KER!"},"content":{"rendered":"<p>Metalowy otwieracz do piwa typu brelok. Bardzo solidnie wykonany produkt, kt\u00f3ry b\u0119dzie idealnym gad\u017cetem dla ka\u017cdego mi\u0142o\u015bnika ulicznego stylu.<br \/>\nOtwieracz wykonano z metalu, posiada k\u00f3\u0142ko umo\u017cliwiaj\u0105ce bezpo\u015brednie przymocowanie do kluczy dzi\u0119ki czemu w ka\u017cdej sytuacji b\u0119dziemy przygotowani! \ud83d\ude42<br \/>\nWymiary otwiaracza bez \u0142a\u0144cucha i k\u00f3\u0142ka: 7 x 4 cm<\/p>\n<p><strong>Wyprodukowano w Polsce.<\/strong><\/p>\n","protected":false},"excerpt":{"rendered":"<p>Metalowy otwieracz do piwa typu brelok. Bardzo solidnie wykonany produkt, kt\u00f3ry b\u0119dzie idealnym gad\u017cetem dla ka\u017cdego mi\u0142o\u015bnika ulicznego stylu. Otwieracz wykonano z metalu, posiada k\u00f3\u0142ko umo\u017cliwiaj\u0105ce bezpo\u015brednie przymocowanie do kluczy dzi\u0119ki czemu w ka\u017cdej sytuacji b\u0119dziemy przygotowani! \ud83d\ude42 Wymiary otwiaracza bez \u0142a\u0144cucha i k\u00f3\u0142ka: 7 x 4 cm Wyprodukowano w Polsce.<\/p>\n","protected":false},"featured_media":32202,"comment_status":"open","ping_status":"closed","template":"","meta":[],"product_brand":[],"product_cat":[780,789],"product_tag":[],"class_list":{"0":"post-32206","1":"product","2":"type-product","3":"status-publish","4":"has-post-thumbnail","6":"product_cat-akcesoria-uliczne","7":"product_cat-smycze-na-klucze","9":"first","10":"instock","11":"taxable","12":"shipping-taxable","13":"purchasable","14":"product-type-simple"},"_links":{"self":[{"href":"https:\/\/muscleforge.nl\/pl\/wp-json\/wp\/v2\/product\/32206","targetHints":{"allow":["GET"]}}],"collection":[{"href":"https:\/\/muscleforge.nl\/pl\/wp-json\/wp\/v2\/product"}],"about":[{"href":"https:\/\/muscleforge.nl\/pl\/wp-json\/wp\/v2\/types\/product"}],"replies":[{"embeddable":true,"href":"https:\/\/muscleforge.nl\/pl\/wp-json\/wp\/v2\/comments?post=32206"}],"wp:featuredmedia":[{"embeddable":true,"href":"https:\/\/muscleforge.nl\/pl\/wp-json\/wp\/v2\/media\/32202"}],"wp:attachment":[{"href":"https:\/\/muscleforge.nl\/pl\/wp-json\/wp\/v2\/media?parent=32206"}],"wp:term":[{"taxonomy":"product_brand","embeddable":true,"href":"https:\/\/muscleforge.nl\/pl\/wp-json\/wp\/v2\/product_brand?post=32206"},{"taxonomy":"product_cat","embeddable":true,"href":"https:\/\/muscleforge.nl\/pl\/wp-json\/wp\/v2\/product_cat?post=32206"},{"taxonomy":"product_tag","embeddable":true,"href":"https:\/\/muscleforge.nl\/pl\/wp-json\/wp\/v2\/product_tag?post=32206"}],"curies":[{"name":"wp","href":"https:\/\/api.w.org\/{rel}","templated":true}]}}