{"id":33082,"date":"2022-10-05T14:08:03","date_gmt":"2022-10-05T12:08:03","guid":{"rendered":"https:\/\/muscleforge.nl\/product\/pit-bull-backpack-hilltop-black-black\/"},"modified":"2025-06-02T00:09:15","modified_gmt":"2025-06-01T22:09:15","slug":"pit-bull-backpack-hilltop-black-black","status":"publish","type":"product","link":"https:\/\/muscleforge.nl\/pl\/produkt\/pit-bull-backpack-hilltop-black-black\/","title":{"rendered":"PIT BULL BACKPACK HILLTOP BLACK-BLACK"},"content":{"rendered":"<h3>Plecak sportowy z najnowszej kolekcji firmy PIT BULL WEST COAST \u2013 Hilltop<\/h3>\n<p>&nbsp;<\/p>\n<p>&#8211; wykonany wytrzyma\u0142ej tkaniny poliestrowej<\/p>\n<p>&#8211; bardzo pojemny i praktyczny, przez co ma uniwersalne zastosowanie<\/p>\n<p>&#8211; idealny na co dzie\u0144, na treningi, do zastosowa\u0144 turystycznych jak i do szko\u0142y<\/p>\n<p>&#8211; trzy g\u0142\u00f3wne komory zamykane na zamki<\/p>\n<p>&#8211; dodatkowa komora na spodzie plecaka idealna na obuwie<\/p>\n<p>&#8211; wewn\u0105trz g\u0142\u00f3wnej komory przek\u0142adka na laptopa<\/p>\n<p>&#8211; wszystkie kieszenie zamykane na zamki YKK z zawieszkami u\u0142atwiaj\u0105cymi rozpinanie<\/p>\n<p>&#8211; dwie siateczkowe otwarte kieszenie boczne na drobiazgi i butelk\u0119<\/p>\n<p>&#8211; mi\u0119kkie regulowane pasy na ramiona z odblaskowym paskiem<\/p>\n<p>&#8211; wzmocniony i mi\u0119kki ty\u0142 dla wi\u0119kszej wygodny<\/p>\n<p>&#8211; wytrzyma\u0142y, odporny na \u015bcieranie panel dolny<\/p>\n<p>-du\u017cy nadruk Pit Bull na froncie<\/p>\n<p>&#8211; wymiary: 52 cm \u00d7 35 cm &#8211; pojemno\u015b\u0107: 28 litr\u00f3w. &#8211; 100% poliester<\/p>\n","protected":false},"excerpt":{"rendered":"<p>Plecak sportowy z najnowszej kolekcji firmy PIT BULL WEST COAST \u2013 Hilltop &nbsp; &#8211; wykonany wytrzyma\u0142ej tkaniny poliestrowej &#8211; bardzo pojemny i praktyczny, przez co ma uniwersalne zastosowanie &#8211; idealny na co dzie\u0144, na treningi, do zastosowa\u0144 turystycznych jak i do szko\u0142y &#8211; trzy g\u0142\u00f3wne komory zamykane na zamki &#8211; dodatkowa komora na spodzie plecaka&#8230;<\/p>\n","protected":false},"featured_media":33078,"comment_status":"open","ping_status":"closed","template":"","meta":[],"product_brand":[],"product_cat":[774,780,792],"product_tag":[],"class_list":{"0":"post-33082","1":"product","2":"type-product","3":"status-publish","4":"has-post-thumbnail","6":"product_cat-akcesoria","7":"product_cat-akcesoria-uliczne","8":"product_cat-plecaki","10":"first","11":"instock","12":"sale","13":"taxable","14":"shipping-taxable","15":"purchasable","16":"product-type-simple"},"_links":{"self":[{"href":"https:\/\/muscleforge.nl\/pl\/wp-json\/wp\/v2\/product\/33082","targetHints":{"allow":["GET"]}}],"collection":[{"href":"https:\/\/muscleforge.nl\/pl\/wp-json\/wp\/v2\/product"}],"about":[{"href":"https:\/\/muscleforge.nl\/pl\/wp-json\/wp\/v2\/types\/product"}],"replies":[{"embeddable":true,"href":"https:\/\/muscleforge.nl\/pl\/wp-json\/wp\/v2\/comments?post=33082"}],"wp:featuredmedia":[{"embeddable":true,"href":"https:\/\/muscleforge.nl\/pl\/wp-json\/wp\/v2\/media\/33078"}],"wp:attachment":[{"href":"https:\/\/muscleforge.nl\/pl\/wp-json\/wp\/v2\/media?parent=33082"}],"wp:term":[{"taxonomy":"product_brand","embeddable":true,"href":"https:\/\/muscleforge.nl\/pl\/wp-json\/wp\/v2\/product_brand?post=33082"},{"taxonomy":"product_cat","embeddable":true,"href":"https:\/\/muscleforge.nl\/pl\/wp-json\/wp\/v2\/product_cat?post=33082"},{"taxonomy":"product_tag","embeddable":true,"href":"https:\/\/muscleforge.nl\/pl\/wp-json\/wp\/v2\/product_tag?post=33082"}],"curies":[{"name":"wp","href":"https:\/\/api.w.org\/{rel}","templated":true}]}}