{"id":33679,"date":"2022-10-31T12:38:17","date_gmt":"2022-10-31T11:38:17","guid":{"rendered":"https:\/\/muscleforge.nl\/product\/tiger-energy-drink-250ml\/"},"modified":"2025-06-02T00:09:06","modified_gmt":"2025-06-01T22:09:06","slug":"tiger-energy-drink-250ml","status":"publish","type":"product","link":"https:\/\/muscleforge.nl\/pl\/produkt\/tiger-energy-drink-250ml\/","title":{"rendered":"Tiger Energy Drink 250ml"},"content":{"rendered":"<h3>TIGER<\/h3>\n<p><strong>TIGER to energetycznie orze\u017awiaj\u0105ce napoje, kt\u00f3re w ka\u017cdym obudz\u0105 si\u0142\u0119 Tygrysa.<\/strong>\u00a0Dzi\u0119ki wysokiej zawarto\u015bci kofeiny, tauryny i witamin z grupy B, TIGER Energy Drink to odpowiednia dawka wzmocnienia. Pomaga osi\u0105ga\u0107 wi\u0119cej \u2013 zwyci\u0119\u017ca\u0107 w pracy, sporcie i w trakcie zabawy.<\/p>\n<p>&nbsp;<\/p>\n<h3>Sk\u0142adniki:<\/h3>\n<p>woda, cukier (D) i\/lub syrop glukozowo-fruktozowy (G), regulatory kwasowo\u015bci: kwas cytrynowy i cytryniany sodu, dwutlenek w\u0119gla, tauryna (0,4%), aromat, kofeina (0,03%), inozytol (0,02%), barwniki: E 101 i E 150d, witaminy: niacyna, kwas pantotenowy, B6, B12, D, G &#8211; w zale\u017cno\u015bci od u\u017cytego sk\u0142adnika: patrz nadruk na spodzie puszki.<\/p>\n<p>&nbsp;<\/p>\n<h3>Ostrze\u017cenie dotycz\u0105ce bezpiecze\u0144stwa:<\/h3>\n<p><b>Wysoka zawarto\u015b\u0107 kofeiny<\/b>; nie zaleca si\u0119 stosowania u dzieci, kobiet w ci\u0105\u017cy i kobiet karmi\u0105cych piersi\u0105 (32 mg\/100 ml). Spo\u017cywa\u0107 z umiarem. Nie miesza\u0107 z alkoholem.<\/p>\n","protected":false},"excerpt":{"rendered":"<p>TIGER TIGER to energetycznie orze\u017awiaj\u0105ce napoje, kt\u00f3re w ka\u017cdym obudz\u0105 si\u0142\u0119 Tygrysa.\u00a0Dzi\u0119ki wysokiej zawarto\u015bci kofeiny, tauryny i witamin z grupy B, TIGER Energy Drink to odpowiednia dawka wzmocnienia. Pomaga osi\u0105ga\u0107 wi\u0119cej \u2013 zwyci\u0119\u017ca\u0107 w pracy, sporcie i w trakcie zabawy. &nbsp; Sk\u0142adniki: woda, cukier (D) i\/lub syrop glukozowo-fruktozowy (G), regulatory kwasowo\u015bci: kwas cytrynowy i cytryniany&#8230;<\/p>\n","protected":false},"featured_media":33677,"comment_status":"open","ping_status":"closed","template":"","meta":[],"product_brand":[],"product_cat":[107],"product_tag":[],"class_list":{"0":"post-33679","1":"product","2":"type-product","3":"status-publish","4":"has-post-thumbnail","6":"product_cat-voedingssupplementen","8":"first","9":"outofstock","10":"taxable","11":"shipping-taxable","12":"purchasable","13":"product-type-simple"},"_links":{"self":[{"href":"https:\/\/muscleforge.nl\/pl\/wp-json\/wp\/v2\/product\/33679","targetHints":{"allow":["GET"]}}],"collection":[{"href":"https:\/\/muscleforge.nl\/pl\/wp-json\/wp\/v2\/product"}],"about":[{"href":"https:\/\/muscleforge.nl\/pl\/wp-json\/wp\/v2\/types\/product"}],"replies":[{"embeddable":true,"href":"https:\/\/muscleforge.nl\/pl\/wp-json\/wp\/v2\/comments?post=33679"}],"wp:featuredmedia":[{"embeddable":true,"href":"https:\/\/muscleforge.nl\/pl\/wp-json\/wp\/v2\/media\/33677"}],"wp:attachment":[{"href":"https:\/\/muscleforge.nl\/pl\/wp-json\/wp\/v2\/media?parent=33679"}],"wp:term":[{"taxonomy":"product_brand","embeddable":true,"href":"https:\/\/muscleforge.nl\/pl\/wp-json\/wp\/v2\/product_brand?post=33679"},{"taxonomy":"product_cat","embeddable":true,"href":"https:\/\/muscleforge.nl\/pl\/wp-json\/wp\/v2\/product_cat?post=33679"},{"taxonomy":"product_tag","embeddable":true,"href":"https:\/\/muscleforge.nl\/pl\/wp-json\/wp\/v2\/product_tag?post=33679"}],"curies":[{"name":"wp","href":"https:\/\/api.w.org\/{rel}","templated":true}]}}