{"id":33775,"date":"2022-10-31T15:41:26","date_gmt":"2022-10-31T14:41:26","guid":{"rendered":"https:\/\/muscleforge.nl\/product\/pit-bull-crewneck-born-in-1989-black\/"},"modified":"2025-06-02T00:09:04","modified_gmt":"2025-06-01T22:09:04","slug":"pit-bull-crewneck-born-in-1989-black","status":"publish","type":"product","link":"https:\/\/muscleforge.nl\/pl\/produkt\/pit-bull-crewneck-born-in-1989-black\/","title":{"rendered":"PIT BULL CREWNECK BORN IN 1989 BLACK"},"content":{"rendered":"<div class=\" product-block product-block--title product-block--first \"><\/div>\n<div class=\" product-block product-block--description \">\n<div class=\"description\">\n<h3>Bluza m\u0119ska z najnowszej kolekcji firmy PIT BULL WEST COAST \u2013 Bloodline<\/h3>\n<p>SERIA REGULAR<\/p>\n<p>&#8211; klasyczny fason z okr\u0105g\u0142ym dekoltem<\/p>\n<p>&#8211; wykonana z wysokogatunkowej grubej bawe\u0142ny 400 g\/m2<\/p>\n<p>&#8211; tkanina od wewn\u0119trznej strony jest szczotkowana i przyjemna w dotyku<\/p>\n<p>&#8211; mocne \u017cebrowane \u015bci\u0105gacze na r\u0119kawach oraz u do\u0142u bluzy<\/p>\n<p>&#8211; \u017cebrowany ko\u0142nierz<\/p>\n<p>&#8211; \u015bci\u0105gacze r\u0119kaw\u00f3w dodatkowo posiadaj\u0105 otwory na kciuk<\/p>\n<p>&#8211; od wewn\u0119trznej strony lam\u00f3wka przy karku chroni\u0105ca przed otarciami<\/p>\n<p>&#8211; du\u017cy nadruk na plecach oraz mniejszy na klatce piersiowej<\/p>\n<p>&#8211; silikonowa naszywka z logo marki Pit Bull na lewym r\u0119kawie<\/p>\n<p>&#8211; wszystkie nadruki wykonane s\u0105 specjalistyczn\u0105 technologi\u0105 sitodruku przez co s\u0105 bardzo trwa\u0142e<\/p>\n<p>&#8211; sk\u0142ad materia\u0142u: 80% bawe\u0142na \/ 20% poliester<\/p>\n<p>&nbsp;<\/p>\n<\/div>\n<h1 class=\"product_name\"><img loading=\"lazy\" decoding=\"async\" class=\"alignnone wp-image-33771 size-full\" src=\"https:\/\/muscleforge.nl\/wp-content\/uploads\/2022\/10\/Crewneck1-3.png\" alt=\"\" width=\"858\" height=\"665\" srcset=\"https:\/\/muscleforge.nl\/wp-content\/uploads\/2022\/10\/Crewneck1-3.png 858w, https:\/\/muscleforge.nl\/wp-content\/uploads\/2022\/10\/Crewneck1-3-300x233.png 300w, https:\/\/muscleforge.nl\/wp-content\/uploads\/2022\/10\/Crewneck1-3-768x595.png 768w, https:\/\/muscleforge.nl\/wp-content\/uploads\/2022\/10\/Crewneck1-3-580x450.png 580w, https:\/\/muscleforge.nl\/wp-content\/uploads\/2022\/10\/Crewneck1-3-600x465.png 600w\" sizes=\"auto, (max-width: 858px) 100vw, 858px\" \/><\/h1>\n<h1 class=\"product_name\"><img loading=\"lazy\" decoding=\"async\" class=\"alignnone wp-image-33774 size-full\" src=\"https:\/\/muscleforge.nl\/wp-content\/uploads\/2022\/10\/PIT-BULL-CREWNECK-BORN-IN-1989-BLACK9-1.png\" alt=\"\" width=\"674\" height=\"331\" srcset=\"https:\/\/muscleforge.nl\/wp-content\/uploads\/2022\/10\/PIT-BULL-CREWNECK-BORN-IN-1989-BLACK9-1.png 674w, https:\/\/muscleforge.nl\/wp-content\/uploads\/2022\/10\/PIT-BULL-CREWNECK-BORN-IN-1989-BLACK9-1-300x147.png 300w, https:\/\/muscleforge.nl\/wp-content\/uploads\/2022\/10\/PIT-BULL-CREWNECK-BORN-IN-1989-BLACK9-1-580x285.png 580w, https:\/\/muscleforge.nl\/wp-content\/uploads\/2022\/10\/PIT-BULL-CREWNECK-BORN-IN-1989-BLACK9-1-600x295.png 600w\" sizes=\"auto, (max-width: 674px) 100vw, 674px\" \/><\/h1>\n<\/div>\n","protected":false},"excerpt":{"rendered":"<p>Bluza m\u0119ska z najnowszej kolekcji firmy PIT BULL WEST COAST \u2013 Bloodline SERIA REGULAR &#8211; klasyczny fason z okr\u0105g\u0142ym dekoltem &#8211; wykonana z wysokogatunkowej grubej bawe\u0142ny 400 g\/m2 &#8211; tkanina od wewn\u0119trznej strony jest szczotkowana i przyjemna w dotyku &#8211; mocne \u017cebrowane \u015bci\u0105gacze na r\u0119kawach oraz u do\u0142u bluzy &#8211; \u017cebrowany ko\u0142nierz &#8211; \u015bci\u0105gacze r\u0119kaw\u00f3w&#8230;<\/p>\n","protected":false},"featured_media":33751,"comment_status":"open","ping_status":"closed","template":"","meta":[],"product_brand":[],"product_cat":[798,799,800,814,890],"product_tag":[],"class_list":{"0":"post-33775","1":"product","2":"type-product","3":"status-publish","4":"has-post-thumbnail","6":"product_cat-odziez","7":"product_cat-dla-mezczyzn","8":"product_cat-promocja","9":"product_cat-bez-kaptura","10":"product_cat-bluzy-pl-3","12":"first","13":"instock","14":"sale","15":"taxable","16":"shipping-taxable","17":"purchasable","18":"product-type-variable"},"_links":{"self":[{"href":"https:\/\/muscleforge.nl\/pl\/wp-json\/wp\/v2\/product\/33775","targetHints":{"allow":["GET"]}}],"collection":[{"href":"https:\/\/muscleforge.nl\/pl\/wp-json\/wp\/v2\/product"}],"about":[{"href":"https:\/\/muscleforge.nl\/pl\/wp-json\/wp\/v2\/types\/product"}],"replies":[{"embeddable":true,"href":"https:\/\/muscleforge.nl\/pl\/wp-json\/wp\/v2\/comments?post=33775"}],"wp:featuredmedia":[{"embeddable":true,"href":"https:\/\/muscleforge.nl\/pl\/wp-json\/wp\/v2\/media\/33751"}],"wp:attachment":[{"href":"https:\/\/muscleforge.nl\/pl\/wp-json\/wp\/v2\/media?parent=33775"}],"wp:term":[{"taxonomy":"product_brand","embeddable":true,"href":"https:\/\/muscleforge.nl\/pl\/wp-json\/wp\/v2\/product_brand?post=33775"},{"taxonomy":"product_cat","embeddable":true,"href":"https:\/\/muscleforge.nl\/pl\/wp-json\/wp\/v2\/product_cat?post=33775"},{"taxonomy":"product_tag","embeddable":true,"href":"https:\/\/muscleforge.nl\/pl\/wp-json\/wp\/v2\/product_tag?post=33775"}],"curies":[{"name":"wp","href":"https:\/\/api.w.org\/{rel}","templated":true}]}}