{"id":33837,"date":"2022-10-31T17:34:52","date_gmt":"2022-10-31T16:34:52","guid":{"rendered":"https:\/\/muscleforge.nl\/product\/pit-bull-mens-hooded-sweatshirt-keep-rolling-black\/"},"modified":"2025-06-02T00:09:02","modified_gmt":"2025-06-01T22:09:02","slug":"pit-bull-mens-hooded-sweatshirt-keep-rolling-black","status":"publish","type":"product","link":"https:\/\/muscleforge.nl\/pl\/produkt\/pit-bull-mens-hooded-sweatshirt-keep-rolling-black\/","title":{"rendered":"PIT BULL MEN&#8217;S HOODED SWEATSHIRT KEEP ROLLING BLACK"},"content":{"rendered":"<h3>Bluza m\u0119ska z kapturem z najnowszej kolekcji firmy PIT BULL WEST COAST \u2013 Keep Rolling<\/h3>\n<p>&#8211; klasyczny sportowy fason<\/p>\n<p>&#8211; wykonana z wysokogatunkowej grubej bawe\u0142ny 400 gr\/m2<\/p>\n<p>&#8211; tkanina od wewn\u0119trznej strony jest szczotkowana i przyjemna w dotyku<\/p>\n<p>&#8211; mocne \u017cebrowane \u015bci\u0105gacze na r\u0119kawach oraz u do\u0142u bluzy<\/p>\n<p>&#8211; regulacja kaptura za pomoc\u0105 szerokiego sznurka z metalowym wyko\u0144czeniem<\/p>\n<p>&#8211; \u015bci\u0105gacze r\u0119kaw\u00f3w posiadaj\u0105 otwory na kciuki<\/p>\n<p>&#8211; lam\u00f3wka przy karku chroni\u0105ca przed otarciami<\/p>\n<p>&#8211; na lewym r\u0119kawie silikonowa naszywka z logo marki<\/p>\n<p>&#8211; du\u017ca przednia kiesze\u0144 typu kangurka<\/p>\n<p>&#8211; wysokiej jako\u015bci nie\u015bcieralne nadruki wykonane specjalistyczn\u0105 technologi\u0105 sitodruku<\/p>\n<p>&#8211; sk\u0142ad materia\u0142u: 80% bawe\u0142na \/ 20% polyester<\/p>\n<p><img loading=\"lazy\" decoding=\"async\" class=\"alignnone wp-image-33822 size-full\" src=\"https:\/\/muscleforge.nl\/wp-content\/uploads\/2022\/10\/2022-10-31-5-1.png\" alt=\"\" width=\"527\" height=\"584\" srcset=\"https:\/\/muscleforge.nl\/wp-content\/uploads\/2022\/10\/2022-10-31-5-1.png 527w, https:\/\/muscleforge.nl\/wp-content\/uploads\/2022\/10\/2022-10-31-5-1-271x300.png 271w\" sizes=\"auto, (max-width: 527px) 100vw, 527px\" \/><\/p>\n<p><img loading=\"lazy\" decoding=\"async\" class=\"alignnone wp-image-33825 size-full\" src=\"https:\/\/muscleforge.nl\/wp-content\/uploads\/2022\/10\/PIT-BULL-MENS-HOODED-SWEATSHIRT-KEEP-ROLLING-BLACK9.png\" alt=\"\" width=\"644\" height=\"332\" srcset=\"https:\/\/muscleforge.nl\/wp-content\/uploads\/2022\/10\/PIT-BULL-MENS-HOODED-SWEATSHIRT-KEEP-ROLLING-BLACK9.png 644w, https:\/\/muscleforge.nl\/wp-content\/uploads\/2022\/10\/PIT-BULL-MENS-HOODED-SWEATSHIRT-KEEP-ROLLING-BLACK9-300x155.png 300w, https:\/\/muscleforge.nl\/wp-content\/uploads\/2022\/10\/PIT-BULL-MENS-HOODED-SWEATSHIRT-KEEP-ROLLING-BLACK9-580x299.png 580w, https:\/\/muscleforge.nl\/wp-content\/uploads\/2022\/10\/PIT-BULL-MENS-HOODED-SWEATSHIRT-KEEP-ROLLING-BLACK9-600x309.png 600w\" sizes=\"auto, (max-width: 644px) 100vw, 644px\" \/><\/p>\n","protected":false},"excerpt":{"rendered":"<p>Bluza m\u0119ska z kapturem z najnowszej kolekcji firmy PIT BULL WEST COAST \u2013 Keep Rolling &#8211; klasyczny sportowy fason &#8211; wykonana z wysokogatunkowej grubej bawe\u0142ny 400 gr\/m2 &#8211; tkanina od wewn\u0119trznej strony jest szczotkowana i przyjemna w dotyku &#8211; mocne \u017cebrowane \u015bci\u0105gacze na r\u0119kawach oraz u do\u0142u bluzy &#8211; regulacja kaptura za pomoc\u0105 szerokiego sznurka&#8230;<\/p>\n","protected":false},"featured_media":33831,"comment_status":"open","ping_status":"closed","template":"","meta":[],"product_brand":[],"product_cat":[798,799,800,814,891],"product_tag":[],"class_list":{"0":"post-33837","1":"product","2":"type-product","3":"status-publish","4":"has-post-thumbnail","6":"product_cat-odziez","7":"product_cat-dla-mezczyzn","8":"product_cat-promocja","9":"product_cat-bez-kaptura","10":"product_cat-z-kapturem-pl-2","12":"first","13":"instock","14":"sale","15":"taxable","16":"shipping-taxable","17":"purchasable","18":"product-type-variable"},"_links":{"self":[{"href":"https:\/\/muscleforge.nl\/pl\/wp-json\/wp\/v2\/product\/33837","targetHints":{"allow":["GET"]}}],"collection":[{"href":"https:\/\/muscleforge.nl\/pl\/wp-json\/wp\/v2\/product"}],"about":[{"href":"https:\/\/muscleforge.nl\/pl\/wp-json\/wp\/v2\/types\/product"}],"replies":[{"embeddable":true,"href":"https:\/\/muscleforge.nl\/pl\/wp-json\/wp\/v2\/comments?post=33837"}],"wp:featuredmedia":[{"embeddable":true,"href":"https:\/\/muscleforge.nl\/pl\/wp-json\/wp\/v2\/media\/33831"}],"wp:attachment":[{"href":"https:\/\/muscleforge.nl\/pl\/wp-json\/wp\/v2\/media?parent=33837"}],"wp:term":[{"taxonomy":"product_brand","embeddable":true,"href":"https:\/\/muscleforge.nl\/pl\/wp-json\/wp\/v2\/product_brand?post=33837"},{"taxonomy":"product_cat","embeddable":true,"href":"https:\/\/muscleforge.nl\/pl\/wp-json\/wp\/v2\/product_cat?post=33837"},{"taxonomy":"product_tag","embeddable":true,"href":"https:\/\/muscleforge.nl\/pl\/wp-json\/wp\/v2\/product_tag?post=33837"}],"curies":[{"name":"wp","href":"https:\/\/api.w.org\/{rel}","templated":true}]}}