{"id":33967,"date":"2022-11-09T15:00:28","date_gmt":"2022-11-09T14:00:28","guid":{"rendered":"https:\/\/muscleforge.nl\/product\/trec-nutrition-cm3-pro-360-cap\/"},"modified":"2025-06-02T00:09:01","modified_gmt":"2025-06-01T22:09:01","slug":"trec-nutrition-cm3-pro-360-cap","status":"publish","type":"product","link":"https:\/\/muscleforge.nl\/pl\/produkt\/trec-nutrition-cm3-pro-360-cap\/","title":{"rendered":"Trec Nutrition CM3 PRO+ 360 CAP"},"content":{"rendered":"<div class=\"mpof_ki myre_zn myre_8v_l _0d3bd_YrWCD\">\n<div class=\"mp4t_16_s mryx_16_s mr3m_1 mli2_1 mh85_56 mh85_0_l\">\n<div class=\"mgn2_16 _0d3bd_5pK0q\">\n<h1>TREC CM3 PRO +<\/h1>\n<p>&nbsp;<\/p>\n<h3>Dobrze rozpuszczalna i stabilna forma Kreatyny<\/h3>\n<h3>Maksymalna dawka jab\u0142czanu kreatyny<\/h3>\n<\/div>\n<\/div>\n<div class=\"mp4t_16_s mryx_16_s mr3m_1 mli2_1 mh85_56 mh85_0_l\">\n<div class=\"mg9e_8 mg9e_0_s mvrt_0_s mj7a_8 mj7a_0_s mh36_0_s mzmg_6m munh_16_l m3h2_16_l\">\n<div class=\"mp4t_0 mryx_0 munh_56 m3h2_56\">\n<div class=\"mp7g_oh\"><\/div>\n<\/div>\n<\/div>\n<\/div>\n<\/div>\n<div class=\"mpof_ki myre_zn myre_8v_l _0d3bd_YrWCD\">\n<div class=\"mp4t_16_s mryx_16_s mr3m_1 mli2_1 mh85_56 mh85_0_l\">\n<div class=\"mgn2_16 _0d3bd_5pK0q\">\n<p>CM3 1250 jest preparatem zawieraj\u0105cym w swoim sk\u0142adzie udoskonalon\u0105 formu\u0142\u0119 kreatyny w jej najbardziej bio &#8211; dost\u0119pnej postaci jak\u0105 jest 100% jab\u0142czan kreatyny (tri &#8211; creatine malate). Od wielu lat kreatyna jest jedn\u0105 z najbardziej popularnych i efektywnych substancji u\u017cywanych w kulturystyce oraz innych sportach wyczynowych w okresie budowania si\u0142y i masy mi\u0119\u015bniowej. W por\u00f3wnaniu do tradycyjnego monohydratu kreatyny, jab\u0142czan kreatyny charakteryzuje si\u0119 lepsz\u0105 stabilno\u015bci\u0105 (nie ulega szybkiemu rozk\u0142adowi w kwa\u015bnym \u015brodowisku soku kwasu \u017co\u0142\u0105dkowego do bezskutecznej kreatyniny), oraz przyswajalno\u015bci\u0105 (znacznie szybciej wch\u0142ania si\u0119 do krwioobiegu) co powoduje, \u017ce znacznie wi\u0119ksza dawka kreatyny magazynowana jest w kom\u00f3rce mi\u0119\u015bniowej. W efekcie przyczynia si\u0119 to do wykorzystywania przez organizm jeszcze wi\u0119kszych dawek sk\u0142adnik\u00f3w o dzia\u0142aniu anabolicznym i erogenicznym, co daje jeszcze lepsze efekty w przyro\u015bcie si\u0142y i masy mi\u0119\u015bniowej w por\u00f3wnaniu z tradycyjnym monohydratem kreatyny.<\/p>\n<\/div>\n<\/div>\n<\/div>\n<div class=\"mpof_ki myre_zn myre_8v_l _0d3bd_YrWCD\">\n<div class=\"mp4t_16_s mryx_16_s mr3m_1 mli2_1 mh85_56 mh85_0_l\">\n<div class=\"mgn2_16 _0d3bd_5pK0q\"><\/div>\n<\/div>\n<\/div>\n<h3 dir=\"ltr\"><strong>Kwas alfa liponowy i inozyna<\/strong><\/h3>\n<p dir=\"ltr\"><strong>Kwas ALA<\/strong>\u00a0jest naturaln\u0105 substancj\u0105, kt\u00f3ra zwi\u0119ksza insulinowra\u017cliwo\u015b\u0107 i chroni przed nadmiernym dzia\u0142aniem wolnych rodnik\u00f3w. Nasila retencj\u0119 glikogenu w kom\u00f3rkach mi\u0119\u015bniowych, przez co dzia\u0142a synergistycznie z kreatyn\u0105.<\/p>\n<p dir=\"ltr\"><strong>Inozyna<\/strong>\u00a0jest nukleozydem purynowym. Stanowi mediator w procesach sygnalizacyjnych, zwi\u0119ksza aktywno\u015b\u0107 immunologiczn\u0105 i wspiera procesy wytwarzania energii. Podlega przemianie do adenozyny, kt\u00f3ra stanowi cz\u0119\u015b\u0107 moleku\u0142y adenozynotrifosforanu &#8211; ATP.<\/p>\n<p dir=\"ltr\"><strong>TREC CM3 PRO+<\/strong>\u00a0to produkt, kt\u00f3ry dostarcza wysoce efektywn\u0105 form\u0119 kreatyny, uzupe\u0142nion\u0105 o substancje amplifikuj\u0105ce jej dzia\u0142anie.<\/p>\n<h3>Dawkowanie:<\/h3>\n<p>Jednorazow\u0105 porcj\u0119 &#8211; 3 kapsu\u0142ki popi\u0107 300 ml wody. Stosowa\u0107 3 porcje dziennie na oko\u0142o 30 minut przed posi\u0142kiem.<\/p>\n<p>&nbsp;<\/p>\n<table id=\"product_composition\" class=\"table table-bordered table-striped table-hover\" width=\"100%\">\n<tbody>\n<tr class=\"even table-header\">\n<td class=\"col0\"><b>Sk\u0142adniki aktywne<\/b><\/td>\n<td class=\"col1\"><strong>w porcji (3 kapsu\u0142ki)<\/strong><\/td>\n<td class=\"col2\"><\/td>\n<td class=\"col3\"><\/td>\n<\/tr>\n<tr class=\"even\">\n<td class=\"col0\">Jab\u0142czan Trikreatyny<\/p>\n<p>&#8211; w tym kreatyna<\/td>\n<td class=\"col1\">2052 mg<\/p>\n<p>1539 mg<\/td>\n<td class=\"col2\"><\/td>\n<td class=\"col3\"><\/td>\n<\/tr>\n<tr class=\"odd\">\n<td class=\"col0\">Inozyna<\/td>\n<td class=\"col1\">300 mg<\/td>\n<td class=\"col2\"><\/td>\n<td class=\"col3\"><\/td>\n<\/tr>\n<tr class=\"odd\">\n<td class=\"col0\">Kwas Alfa-Liponowy<\/td>\n<td class=\"col1\">90 mg<\/td>\n<td class=\"col2\"><\/td>\n<td class=\"col3\"><\/td>\n<\/tr>\n<\/tbody>\n<\/table>\n<h3><strong>Sk\u0142adniki:<\/strong><\/h3>\n<p>Jab\u0142czan trikreatyny, otoczka kapsu\u0142ki (\u017celatyna, barwnik \u2013 tlenki i wodorotlenki \u017celaza),\u00a0(substancja glazuruj\u0105ca \u2013 hydroksypropylometyloceluloza, barwnik \u2013 tlenki i wodorotlenki \u017celaza),\u00a0\u00a0(\u017celatyna, barwniki \u2013 tlenki i wodorotlenki \u017celaza, dwutlenek tytanu),\u00a0inozyna, kwas alfa-liponowy; substancja przeciwzbrylaj\u0105ca (sole magnezowe kwas\u00f3w t\u0142uszczowych).<\/p>\n","protected":false},"excerpt":{"rendered":"<p>TREC CM3 PRO + &nbsp; Dobrze rozpuszczalna i stabilna forma Kreatyny Maksymalna dawka jab\u0142czanu kreatyny CM3 1250 jest preparatem zawieraj\u0105cym w swoim sk\u0142adzie udoskonalon\u0105 formu\u0142\u0119 kreatyny w jej najbardziej bio &#8211; dost\u0119pnej postaci jak\u0105 jest 100% jab\u0142czan kreatyny (tri &#8211; creatine malate). Od wielu lat kreatyna jest jedn\u0105 z najbardziej popularnych i efektywnych substancji u\u017cywanych&#8230;<\/p>\n","protected":false},"featured_media":33952,"comment_status":"open","ping_status":"closed","template":"","meta":[],"product_brand":[],"product_cat":[728,841],"product_tag":[],"class_list":{"0":"post-33967","1":"product","2":"type-product","3":"status-publish","4":"has-post-thumbnail","6":"product_cat-suplementy-diety","7":"product_cat-jablczan-kreatyny","9":"first","10":"instock","11":"taxable","12":"shipping-taxable","13":"purchasable","14":"product-type-simple"},"_links":{"self":[{"href":"https:\/\/muscleforge.nl\/pl\/wp-json\/wp\/v2\/product\/33967","targetHints":{"allow":["GET"]}}],"collection":[{"href":"https:\/\/muscleforge.nl\/pl\/wp-json\/wp\/v2\/product"}],"about":[{"href":"https:\/\/muscleforge.nl\/pl\/wp-json\/wp\/v2\/types\/product"}],"replies":[{"embeddable":true,"href":"https:\/\/muscleforge.nl\/pl\/wp-json\/wp\/v2\/comments?post=33967"}],"wp:featuredmedia":[{"embeddable":true,"href":"https:\/\/muscleforge.nl\/pl\/wp-json\/wp\/v2\/media\/33952"}],"wp:attachment":[{"href":"https:\/\/muscleforge.nl\/pl\/wp-json\/wp\/v2\/media?parent=33967"}],"wp:term":[{"taxonomy":"product_brand","embeddable":true,"href":"https:\/\/muscleforge.nl\/pl\/wp-json\/wp\/v2\/product_brand?post=33967"},{"taxonomy":"product_cat","embeddable":true,"href":"https:\/\/muscleforge.nl\/pl\/wp-json\/wp\/v2\/product_cat?post=33967"},{"taxonomy":"product_tag","embeddable":true,"href":"https:\/\/muscleforge.nl\/pl\/wp-json\/wp\/v2\/product_tag?post=33967"}],"curies":[{"name":"wp","href":"https:\/\/api.w.org\/{rel}","templated":true}]}}