{"id":34341,"date":"2022-11-26T16:30:10","date_gmt":"2022-11-26T15:30:10","guid":{"rendered":"https:\/\/muscleforge.nl\/product\/scitec-nutrition-superhero-285g\/"},"modified":"2025-06-02T00:08:57","modified_gmt":"2025-06-01T22:08:57","slug":"scitec-nutrition-superhero-285g","status":"publish","type":"product","link":"https:\/\/muscleforge.nl\/pl\/produkt\/scitec-nutrition-superhero-285g\/","title":{"rendered":"Scitec Nutrition Superhero 285g"},"content":{"rendered":"<h1>Scitec Nutrition Superhero<\/h1>\n<p>&nbsp;<\/p>\n<p><strong>SUPERHERO<\/strong>\u00a0to suplement diety zawieraj\u0105cy aminokwasy, beta alanin\u0119, L-cytrulin\u0119, ekstrakty ro\u015blinne, witamin\u0119 C oraz substancje s\u0142odz\u0105ce.\u00a0<strong>SUPERHERO<\/strong>\u00a0to najnowsza, rewolucyjna mieszanka przedterningowa z nowej linii produkt\u00f3w Pro Line od Scitec. Dzi\u0119ki jeszcze nie u\u017cywanym nigdy wcze\u015bniej substancjom o bogatej zawarto\u015bci markowych sk\u0142adnik\u00f3w aktywnych wysokiej jako\u015bci\u00a0<strong>SUPERHERO<\/strong>\u00a0jest produktem ca\u0142kowicie bezkonkurencyjnym, kt\u00f3ry koniecznie nale\u017cy wypr\u00f3bowa\u0107! Opatentowany ekstrakt SABEET\u2122 z korzeni buraka jest \u017ar\u00f3d\u0142em azotan\u00f3w niezb\u0119dnych podczas przemian w organizmie, w wyniku kt\u00f3rych wytwarzany zostaje tlenek azotu. W po\u0142\u0105czeniu z czyst\u0105 L-cytrulin\u0105, kt\u00f3ra pobudza przemiany argininy i wzmaga syntez\u0119 tlenku azotu wynik jest spektakularny. Zawarty w produkcie Cognizin\u00ae marki Kyowa to Cytocholina, kt\u00f3ra jest nieb\u0119dnym substratem w syntezie podstawowego fosfolipidu b\u0142on kom\u00f3rkowych \u2013 Fosfatydylocholiny. Cytocholina zostaje aktywowana przez centralny uk\u0142ad cholinergiczny. Mieszanka AstraGin \u2122 sk\u0142ada si\u0119 z wysoko frakcjonowanych ekstrakt\u00f3w z Astragalus membranaceus oraz Panax notoginseng, kt\u00f3re maj\u0105 synergiczne dzia\u0142anie z innymi sk\u0142adnikami aktywnymi wchodz\u0105cymi w sk\u0142ad produktu SUPERHERO. Glutation jest niezb\u0119dnym dla organizmu przeciwutleniaczem. Witamina C wspiera funkcjonowanie uk\u0142adu odporno\u015bciowego zar\u00f3wno podczas, jak i po zako\u0144czonej intensywnej sesji treningowej*. Wysoka zawarto\u015b\u0107 kofeiny w produkcie spowodowana przez zawarto\u015b\u0107 ekstrakt\u00f3w b\u0119d\u0105cych \u017ar\u00f3d\u0142em ro\u015blinnych zwi\u0105zk\u00f3w chemicznych zapewnia efekt stymuluj\u0105cy, energetyzuj\u0105cy oraz poprawia skupienie uwagi i skraca czas reakcji.<\/p>\n<p><b>SUPERHERO<\/b>\u00a0jest produktem ca\u0142kowicie bezkonkurencyjnym, kt\u00f3ry koniecznie nale\u017cy wypr\u00f3bowa\u0107!<\/p>\n<p>&nbsp;<\/p>\n<h3>Spos\u00f3b u\u017cycia:<\/h3>\n<p>Rozpu\u015bci\u0107 jedn\u0105 porcj\u0119 produktu (9,5 g = 1 miarka) w 350 ml wody. Spo\u017cywa\u0107 raz dziennie, przed treningiem. Nie nale\u017cy przekracza\u0107 zalecanej dziennej porcji do spo\u017cycia!<\/p>\n<p>&nbsp;<\/p>\n<table id=\"product_composition\" class=\"table table-bordered table-striped table-hover\" width=\"200\">\n<tbody>\n<tr class=\"even table-header\">\n<td class=\"col1\"><strong>Sk\u0142adniki<\/strong>:<\/td>\n<td class=\"col2\"><strong>Zawarto\u015b\u0107 jednej porcji (9,5 g):<\/strong><\/td>\n<td class=\"col3\"><strong>ZDS%*<\/strong><\/td>\n<td class=\"col4\"><\/td>\n<td class=\"col5\"><\/td>\n<td class=\"col6\"><\/td>\n<\/tr>\n<tr class=\"even\">\n<td class=\"col0\"><\/td>\n<td class=\"col1\">Witamina C<\/td>\n<td class=\"col2\">200 mg<\/td>\n<td class=\"col3\">250%<\/td>\n<td class=\"col4\"><\/td>\n<td class=\"col5\"><\/td>\n<td class=\"col6\"><\/td>\n<\/tr>\n<tr class=\"odd\">\n<td class=\"col0\"><\/td>\n<td class=\"col1\">L-Glutamina<\/td>\n<td class=\"col2\">2000 mg<\/td>\n<td class=\"col3\"><\/td>\n<td class=\"col4\"><\/td>\n<td class=\"col5\"><\/td>\n<td class=\"col6\"><\/td>\n<\/tr>\n<tr class=\"even\">\n<td class=\"col0\"><\/td>\n<td class=\"col1\">Beta-Alanina<\/td>\n<td class=\"col2\">1600 mg<\/td>\n<td class=\"col3\"><\/td>\n<td class=\"col4\"><\/td>\n<td class=\"col5\"><\/td>\n<td class=\"col6\"><\/td>\n<\/tr>\n<tr class=\"odd\">\n<td class=\"col0\"><\/td>\n<td class=\"col1\">L-Cytrulina<\/td>\n<td class=\"col2\">1000 mg<\/td>\n<td class=\"col3\"><\/td>\n<td class=\"col4\"><\/td>\n<td class=\"col5\"><\/td>\n<td class=\"col6\"><\/td>\n<\/tr>\n<tr class=\"even\">\n<td class=\"col0\"><\/td>\n<td class=\"col1\">Tauryna<\/td>\n<td class=\"col2\">900 mg<\/td>\n<td class=\"col3\"><\/td>\n<td class=\"col4\"><\/td>\n<td class=\"col5\"><\/td>\n<td class=\"col6\"><\/td>\n<\/tr>\n<tr class=\"odd\">\n<td class=\"col0\"><\/td>\n<td class=\"col1\">Mikronizowana L-Arginina<\/td>\n<td class=\"col2\">500 mg<\/td>\n<td class=\"col3\"><\/td>\n<td class=\"col4\"><\/td>\n<td class=\"col5\"><\/td>\n<td class=\"col6\"><\/td>\n<\/tr>\n<tr class=\"even\">\n<td class=\"col0\"><\/td>\n<td class=\"col1\">Kofeina<\/td>\n<td class=\"col2\">282,5 mg<\/td>\n<td class=\"col3\"><\/td>\n<td class=\"col4\"><\/td>\n<td class=\"col5\"><\/td>\n<td class=\"col6\"><\/td>\n<\/tr>\n<tr class=\"odd\">\n<td class=\"col0\"><\/td>\n<td class=\"col1\">Acetyl-L-Karnityny<\/td>\n<td class=\"col2\">383 mg<\/td>\n<td class=\"col3\"><\/td>\n<td class=\"col4\"><\/td>\n<td class=\"col5\"><\/td>\n<td class=\"col6\"><\/td>\n<\/tr>\n<tr class=\"even\">\n<td class=\"col0\"><\/td>\n<td class=\"col1\">Ekstrakt z zielonej herbaty<\/td>\n<td class=\"col2\">250 mg<\/td>\n<td class=\"col3\"><\/td>\n<td class=\"col4\"><\/td>\n<td class=\"col5\"><\/td>\n<td class=\"col6\"><\/td>\n<\/tr>\n<tr class=\"odd\">\n<td class=\"col0\"><\/td>\n<td class=\"col1\">\u00a0\u00a0\u00a0\u00a0\u00a0\u00a0\u00a0\u00a0\u00a0\u00a0\u00a0\u00a0 &#8211; Teakryna (5%)<\/td>\n<td class=\"col2\">12,5 mg<\/td>\n<td class=\"col3\"><\/td>\n<td class=\"col4\"><\/td>\n<td class=\"col5\"><\/td>\n<td class=\"col6\"><\/td>\n<\/tr>\n<tr class=\"even\">\n<td class=\"col0\"><\/td>\n<td class=\"col1\">\u00a0\u00a0\u00a0\u00a0\u00a0\u00a0\u00a0\u00a0\u00a0\u00a0\u00a0\u00a0 &#8211; EGCG (15%)<\/td>\n<td class=\"col2\">37,5 mg<\/td>\n<td class=\"col3\"><\/td>\n<td class=\"col4\"><\/td>\n<td class=\"col5\"><\/td>\n<td class=\"col6\"><\/td>\n<\/tr>\n<tr class=\"odd\">\n<td class=\"col0\"><\/td>\n<td class=\"col1\">\u00a0\u00a0\u00a0\u00a0\u00a0\u00a0\u00a0\u00a0\u00a0\u00a0\u00a0\u00a0 &#8211; Kofeina (7%)<\/td>\n<td class=\"col2\">17,5 mg<\/td>\n<td class=\"col3\"><\/td>\n<td class=\"col4\"><\/td>\n<td class=\"col5\"><\/td>\n<td class=\"col6\"><\/td>\n<\/tr>\n<tr class=\"even\">\n<td class=\"col0\"><\/td>\n<td class=\"col1\">Opatentowany ekstrakt SABEET<strong>\u2122<\/strong>\u00a0(z korzeni Buraka korzeniowego)<\/td>\n<td class=\"col2\">250 mg<\/td>\n<td class=\"col3\"><\/td>\n<td class=\"col4\"><\/td>\n<td class=\"col5\"><\/td>\n<td class=\"col6\"><\/td>\n<\/tr>\n<tr class=\"odd\">\n<td class=\"col0\"><\/td>\n<td class=\"col1\">N-Acetyl-L-Tyrozyny<\/td>\n<td class=\"col2\">150 mg<\/td>\n<td class=\"col3\"><\/td>\n<td class=\"col4\"><\/td>\n<td class=\"col5\"><\/td>\n<td class=\"col6\"><\/td>\n<\/tr>\n<tr class=\"even\">\n<td class=\"col0\"><\/td>\n<td class=\"col1\">Cognizin<strong>\u00ae<\/strong>\u00a0(Cytocholina)<\/td>\n<td class=\"col2\">125 mg<\/td>\n<td class=\"col3\"><\/td>\n<td class=\"col4\"><\/td>\n<td class=\"col5\"><\/td>\n<td class=\"col6\"><\/td>\n<\/tr>\n<tr class=\"odd\">\n<td class=\"col0\"><\/td>\n<td class=\"col1\">L-Teanina<\/td>\n<td class=\"col2\">100 mg<\/td>\n<td class=\"col3\"><\/td>\n<td class=\"col4\"><\/td>\n<td class=\"col5\"><\/td>\n<td class=\"col6\"><\/td>\n<\/tr>\n<tr class=\"even\">\n<td class=\"col0\"><\/td>\n<td class=\"col1\">Ekstrakt z nasion Kakaowca<\/td>\n<td class=\"col2\">86 mg<\/td>\n<td class=\"col3\"><\/td>\n<td class=\"col4\"><\/td>\n<td class=\"col5\"><\/td>\n<td class=\"col6\"><\/td>\n<\/tr>\n<tr class=\"odd\">\n<td class=\"col0\"><\/td>\n<td class=\"col1\">\u00a0\u00a0\u00a0\u00a0\u00a0\u00a0\u00a0\u00a0\u00a0\u00a0\u00a0\u00a0 &#8211; Teobromina (7%)<\/td>\n<td class=\"col2\">6 mg<\/td>\n<td class=\"col3\"><\/td>\n<td class=\"col4\"><\/td>\n<td class=\"col5\"><\/td>\n<td class=\"col6\"><\/td>\n<\/tr>\n<tr class=\"even\">\n<td class=\"col0\"><\/td>\n<td class=\"col1\">Mieszanka AstraGin<strong>\u2122**<\/strong><\/td>\n<td class=\"col2\">50 mg<\/td>\n<td class=\"col3\"><\/td>\n<td class=\"col4\"><\/td>\n<td class=\"col5\"><\/td>\n<td class=\"col6\"><\/td>\n<\/tr>\n<tr class=\"odd\">\n<td class=\"col0\"><\/td>\n<td class=\"col1\">L-Glutation<\/td>\n<td class=\"col2\">50 mg<\/td>\n<td class=\"col3\"><\/td>\n<td class=\"col4\"><\/td>\n<td class=\"col5\"><\/td>\n<td class=\"col6\"><\/td>\n<\/tr>\n<tr class=\"even\">\n<td class=\"col0\"><\/td>\n<td class=\"col1\">Ca\u0142kowita zawarto\u015b\u0107 kofeiny (ze wszystkich \u017ar\u00f3de\u0142)<\/td>\n<td class=\"col2\">300 mg<\/td>\n<td class=\"col3\"><\/td>\n<td class=\"col4\"><\/td>\n<td class=\"col5\"><\/td>\n<td class=\"col6\"><\/td>\n<\/tr>\n<\/tbody>\n<\/table>\n<div>*ZDS% &#8211; zalecane dzienne spo\u017cycie<\/div>\n<div><\/div>\n<div>** AstraGin\u2122 [Ekstrakt z korzeni \u017be\u0144-szenia (Panax notoginseng) 10:1, Ekstrakt z korzeni Traganka b\u0142oniastego (Astragalus membranaceous) 50:1]<\/div>\n<p>&nbsp;<\/p>\n<h3>Sk\u0142adniki:<\/h3>\n<p>L-glutamina, Beta-alanina, L-cytrulina, Tauryna, aromaty (cola, cytrynowy), Mikronizowana L-arginina, Chlorowodorek acetyl-L-karnityny, regulator kwasowo\u015bci (Kwas cytrynowy), Kofeina bezwodna, Ekstrakt z li\u015bci Herbaty (Camellia sinensis L.) 8:1, Ekstrakt z korzeni Buraka korzeniowego (Beta vulgaris L.) 20-25:1, Kwas DL-jab\u0142kowy, substancje s\u0142odz\u0105ce (Suklaroza, Acesulfam K), Kwas L-askorbinowy, barwnik (Karmel amoniakalno-siarczynowy), N-acetyl-L-tyrozyna, Cognizin\u00ae (Cytocholina), L-teanina, Ekstrakt z nasion Kakaowca w\u0142a\u015bciwego (Theobroma cacao L.) o 7% zawarto\u015bci Teobrominy, Opatentowana mieszanka AstraGin\u2122 [Ekstrakt z korzeni \u017be\u0144-szenia (Panax notoginseng) 10:1, Ekstrakt z korzeni Traganka b\u0142oniastego (Astragalus membranaceous) 50:1], L-glutation<\/p>\n<p><strong>Informacje alergiczne<\/strong><br \/>\nProdukt mo\u017ce zawiera\u0107 mleko, jaja, zbo\u017ca zawieraj\u0105ce gluten, soj\u0119, orzechy, seler, skorupiaki i ryby oraz ich produkty pochodne.<\/p>\n<p><strong>Uwaga!<\/strong><br \/>\nProdukt zawiera kofein\u0119 (300 mg w zalecanej porcji dziennej); nie zaleca si\u0119 stosowania u dzieci i kobiet w ci\u0105\u017cy. Beta-alanina mo\u017ce powodowa\u0107 przemijaj\u0105ce uczucie k\u0142ucia lub mrowienia na sk\u00f3rze. Produkt nie mo\u017ce by\u0107 stosowany jako substytut (zamiennik) zr\u00f3\u017cnicowanej diety.<\/p>\n<p>&nbsp;<\/p>\n","protected":false},"excerpt":{"rendered":"<p>Scitec Nutrition Superhero &nbsp; SUPERHERO\u00a0to suplement diety zawieraj\u0105cy aminokwasy, beta alanin\u0119, L-cytrulin\u0119, ekstrakty ro\u015blinne, witamin\u0119 C oraz substancje s\u0142odz\u0105ce.\u00a0SUPERHERO\u00a0to najnowsza, rewolucyjna mieszanka przedterningowa z nowej linii produkt\u00f3w Pro Line od Scitec. Dzi\u0119ki jeszcze nie u\u017cywanym nigdy wcze\u015bniej substancjom o bogatej zawarto\u015bci markowych sk\u0142adnik\u00f3w aktywnych wysokiej jako\u015bci\u00a0SUPERHERO\u00a0jest produktem ca\u0142kowicie bezkonkurencyjnym, kt\u00f3ry koniecznie nale\u017cy wypr\u00f3bowa\u0107! Opatentowany ekstrakt&#8230;<\/p>\n","protected":false},"featured_media":35939,"comment_status":"open","ping_status":"closed","template":"","meta":[],"product_brand":[],"product_cat":[728,862],"product_tag":[],"class_list":{"0":"post-34341","1":"product","2":"type-product","3":"status-publish","4":"has-post-thumbnail","6":"product_cat-suplementy-diety","7":"product_cat-przedtreningowki","9":"first","10":"instock","11":"taxable","12":"shipping-taxable","13":"purchasable","14":"product-type-variable"},"_links":{"self":[{"href":"https:\/\/muscleforge.nl\/pl\/wp-json\/wp\/v2\/product\/34341","targetHints":{"allow":["GET"]}}],"collection":[{"href":"https:\/\/muscleforge.nl\/pl\/wp-json\/wp\/v2\/product"}],"about":[{"href":"https:\/\/muscleforge.nl\/pl\/wp-json\/wp\/v2\/types\/product"}],"replies":[{"embeddable":true,"href":"https:\/\/muscleforge.nl\/pl\/wp-json\/wp\/v2\/comments?post=34341"}],"wp:featuredmedia":[{"embeddable":true,"href":"https:\/\/muscleforge.nl\/pl\/wp-json\/wp\/v2\/media\/35939"}],"wp:attachment":[{"href":"https:\/\/muscleforge.nl\/pl\/wp-json\/wp\/v2\/media?parent=34341"}],"wp:term":[{"taxonomy":"product_brand","embeddable":true,"href":"https:\/\/muscleforge.nl\/pl\/wp-json\/wp\/v2\/product_brand?post=34341"},{"taxonomy":"product_cat","embeddable":true,"href":"https:\/\/muscleforge.nl\/pl\/wp-json\/wp\/v2\/product_cat?post=34341"},{"taxonomy":"product_tag","embeddable":true,"href":"https:\/\/muscleforge.nl\/pl\/wp-json\/wp\/v2\/product_tag?post=34341"}],"curies":[{"name":"wp","href":"https:\/\/api.w.org\/{rel}","templated":true}]}}