{"id":34489,"date":"2022-12-01T16:49:10","date_gmt":"2022-12-01T15:49:10","guid":{"rendered":"https:\/\/muscleforge.nl\/product\/pit-bull-trackjacket-tape-logo-terry-group-black\/"},"modified":"2025-06-02T00:08:54","modified_gmt":"2025-06-01T22:08:54","slug":"pit-bull-trackjacket-tape-logo-terry-group-black","status":"publish","type":"product","link":"https:\/\/muscleforge.nl\/pl\/produkt\/pit-bull-trackjacket-tape-logo-terry-group-black\/","title":{"rendered":"PIT BULL TRACKJACKET TAPE LOGO TERRY GROUP BLACK"},"content":{"rendered":"<div class=\" product-block product-block--title product-block--first \">\n<h1 class=\"product_name\">TAPE LOGO BLACK ZIP SWEATSHIRT<\/h1>\n<\/div>\n<p>&nbsp;<\/p>\n<p>Rozpinana bluza m\u0119ska z najnowszej kolekcji firmy PIT BULL WEST COAST &#8211; Oldschool Tape Logo SERIA OLDSCHOOL POLY-TERRY<\/p>\n<p>&#8211; klasyczny sportowy fason<\/p>\n<p>&#8211; wykonana z wysokogatunkowej tkaniny poliestrowej o gramaturze 320 g\/m2<\/p>\n<p>&#8211; g\u0142adki i jednocze\u015bnie matowy materia\u0142 w stylu oldschool<\/p>\n<p>&#8211; szerokie \u017cebrowane mocne \u015bci\u0105gacze na r\u0119kawach oraz u do\u0142u bluzy<\/p>\n<p>&#8211; wysoka \u017cebrowana st\u00f3jka<\/p>\n<p>&#8211; kontrastowe paski od wewn\u0119trznej strony ko\u0142nierza<\/p>\n<p>&#8211; du\u017ce otwarte kieszenie boczne<\/p>\n<p>&#8211; metalowy zamek<\/p>\n<p>&#8211; przeszycie na plecach<\/p>\n<p>&#8211; tkane szerokie \u017cakardowe lampasy z napisem Pit Bull na ca\u0142ej d\u0142ugo\u015bci r\u0119kaw\u00f3w<\/p>\n<p>&#8211; ma\u0142e silikonowe logo marki Pit Bull na piersi<\/p>\n<p>&#8211; sk\u0142ad materia\u0142u: 100% poliester<\/p>\n<p>&nbsp;<\/p>\n<p><img loading=\"lazy\" decoding=\"async\" class=\"alignnone wp-image-34467 size-full\" src=\"https:\/\/muscleforge.nl\/wp-content\/uploads\/2022\/12\/2022-12-01-2.png\" alt=\"\" width=\"529\" height=\"607\" srcset=\"https:\/\/muscleforge.nl\/wp-content\/uploads\/2022\/12\/2022-12-01-2.png 529w, https:\/\/muscleforge.nl\/wp-content\/uploads\/2022\/12\/2022-12-01-2-261x300.png 261w\" sizes=\"auto, (max-width: 529px) 100vw, 529px\" \/><\/p>\n<p><img loading=\"lazy\" decoding=\"async\" class=\"alignnone wp-image-34470 size-full\" src=\"https:\/\/muscleforge.nl\/wp-content\/uploads\/2022\/12\/PIT-BULL-TRACKJACKET-TAPE-LOGO-TERRY-GROUP-BLACK.png\" alt=\"\" width=\"642\" height=\"325\" srcset=\"https:\/\/muscleforge.nl\/wp-content\/uploads\/2022\/12\/PIT-BULL-TRACKJACKET-TAPE-LOGO-TERRY-GROUP-BLACK.png 642w, https:\/\/muscleforge.nl\/wp-content\/uploads\/2022\/12\/PIT-BULL-TRACKJACKET-TAPE-LOGO-TERRY-GROUP-BLACK-300x152.png 300w, https:\/\/muscleforge.nl\/wp-content\/uploads\/2022\/12\/PIT-BULL-TRACKJACKET-TAPE-LOGO-TERRY-GROUP-BLACK-580x294.png 580w, https:\/\/muscleforge.nl\/wp-content\/uploads\/2022\/12\/PIT-BULL-TRACKJACKET-TAPE-LOGO-TERRY-GROUP-BLACK-600x304.png 600w\" sizes=\"auto, (max-width: 642px) 100vw, 642px\" \/><\/p>\n","protected":false},"excerpt":{"rendered":"<p>TAPE LOGO BLACK ZIP SWEATSHIRT &nbsp; Rozpinana bluza m\u0119ska z najnowszej kolekcji firmy PIT BULL WEST COAST &#8211; Oldschool Tape Logo SERIA OLDSCHOOL POLY-TERRY &#8211; klasyczny sportowy fason &#8211; wykonana z wysokogatunkowej tkaniny poliestrowej o gramaturze 320 g\/m2 &#8211; g\u0142adki i jednocze\u015bnie matowy materia\u0142 w stylu oldschool &#8211; szerokie \u017cebrowane mocne \u015bci\u0105gacze na r\u0119kawach oraz&#8230;<\/p>\n","protected":false},"featured_media":34482,"comment_status":"open","ping_status":"closed","template":"","meta":[],"product_brand":[],"product_cat":[798,799,814,890,892],"product_tag":[],"class_list":{"0":"post-34489","1":"product","2":"type-product","3":"status-publish","4":"has-post-thumbnail","6":"product_cat-odziez","7":"product_cat-dla-mezczyzn","8":"product_cat-bez-kaptura","9":"product_cat-bluzy-pl-3","10":"product_cat-z-zasuwakiem-pl","12":"first","13":"outofstock","14":"taxable","15":"shipping-taxable","16":"product-type-variable"},"_links":{"self":[{"href":"https:\/\/muscleforge.nl\/pl\/wp-json\/wp\/v2\/product\/34489","targetHints":{"allow":["GET"]}}],"collection":[{"href":"https:\/\/muscleforge.nl\/pl\/wp-json\/wp\/v2\/product"}],"about":[{"href":"https:\/\/muscleforge.nl\/pl\/wp-json\/wp\/v2\/types\/product"}],"replies":[{"embeddable":true,"href":"https:\/\/muscleforge.nl\/pl\/wp-json\/wp\/v2\/comments?post=34489"}],"wp:featuredmedia":[{"embeddable":true,"href":"https:\/\/muscleforge.nl\/pl\/wp-json\/wp\/v2\/media\/34482"}],"wp:attachment":[{"href":"https:\/\/muscleforge.nl\/pl\/wp-json\/wp\/v2\/media?parent=34489"}],"wp:term":[{"taxonomy":"product_brand","embeddable":true,"href":"https:\/\/muscleforge.nl\/pl\/wp-json\/wp\/v2\/product_brand?post=34489"},{"taxonomy":"product_cat","embeddable":true,"href":"https:\/\/muscleforge.nl\/pl\/wp-json\/wp\/v2\/product_cat?post=34489"},{"taxonomy":"product_tag","embeddable":true,"href":"https:\/\/muscleforge.nl\/pl\/wp-json\/wp\/v2\/product_tag?post=34489"}],"curies":[{"name":"wp","href":"https:\/\/api.w.org\/{rel}","templated":true}]}}