{"id":34541,"date":"2022-12-02T13:17:35","date_gmt":"2022-12-02T12:17:35","guid":{"rendered":"https:\/\/muscleforge.nl\/product\/pit-bull-phoenix-shorts-olive\/"},"modified":"2025-06-02T00:08:53","modified_gmt":"2025-06-01T22:08:53","slug":"pit-bull-phoenix-shorts-olive","status":"publish","type":"product","link":"https:\/\/muscleforge.nl\/pl\/produkt\/pit-bull-phoenix-shorts-olive\/","title":{"rendered":"PIT BULL PHOENIX SHORTS OLIVE"},"content":{"rendered":"<div class=\" product-block product-block--title product-block--first \">\n<h1 class=\"product_name\">SHORTS PHOENIX OLIVE<\/h1>\n<p>&nbsp;<\/p>\n<\/div>\n<div class=\" product-block product-block--description \">\n<div class=\"description\">\n<p>Szorty dresowe m\u0119skie z najnowszej kolekcji marki PIT BULL WEST COAST \u2013 Phoenix<\/p>\n<p>&#8211; profesjonalna linia Performance Pro+<\/p>\n<p>&#8211; bardziej dopasowany sportowy fason ze zw\u0119\u017canymi nogawkami<\/p>\n<p>&#8211; spodenki wykonane z wysokogatunkowej mieszanki bawe\u0142ny z poliestrem o gramaturze 400 g\/m2<\/p>\n<p>&#8211; tkanina jest g\u0142adka i lekko elastyczna dzi\u0119ki czemu nie kr\u0119puje ruch\u00f3w<\/p>\n<p>&#8211; dwie kieszenie boczne zamykane na zamki<\/p>\n<p>&#8211; szeroki elastyczny \u017cebrowany pas dodatkowo regulowany gumo-sznurkiem ze stoperami<\/p>\n<p>&#8211; pionowy nadruk Pitbull West Coast w g\u00f3rnej cz\u0119\u015bci lewej nogawki<\/p>\n<p>&#8211; silikonowy napis Performance Pro+ na biodrze<\/p>\n<p>&#8211; nogawki wyko\u0144czone w\u0105sk\u0105 lam\u00f3wk\u0105<\/p>\n<p>&#8211; kolor szort\u00f3w: oliwkowy<\/p>\n<p>&#8211; sk\u0142ad materia\u0142u: 60% bawe\u0142na \/ 40% poliester<\/p>\n<\/div>\n<\/div>\n<p>&nbsp;<\/p>\n<p><img loading=\"lazy\" decoding=\"async\" class=\"alignnone wp-image-34526 size-full\" src=\"https:\/\/muscleforge.nl\/wp-content\/uploads\/2022\/12\/PIT-BULL-PHOENIX-SHORTS-OLIVE9-2.png\" alt=\"\" width=\"517\" height=\"493\" srcset=\"https:\/\/muscleforge.nl\/wp-content\/uploads\/2022\/12\/PIT-BULL-PHOENIX-SHORTS-OLIVE9-2.png 517w, https:\/\/muscleforge.nl\/wp-content\/uploads\/2022\/12\/PIT-BULL-PHOENIX-SHORTS-OLIVE9-2-300x286.png 300w\" sizes=\"auto, (max-width: 517px) 100vw, 517px\" \/><\/p>\n<p><img loading=\"lazy\" decoding=\"async\" class=\"alignnone wp-image-34529 size-full\" src=\"https:\/\/muscleforge.nl\/wp-content\/uploads\/2022\/12\/PIT-BULL-PHOENIX-SHORTS-OLIVE9.png\" alt=\"\" width=\"782\" height=\"345\" srcset=\"https:\/\/muscleforge.nl\/wp-content\/uploads\/2022\/12\/PIT-BULL-PHOENIX-SHORTS-OLIVE9.png 782w, https:\/\/muscleforge.nl\/wp-content\/uploads\/2022\/12\/PIT-BULL-PHOENIX-SHORTS-OLIVE9-300x132.png 300w, https:\/\/muscleforge.nl\/wp-content\/uploads\/2022\/12\/PIT-BULL-PHOENIX-SHORTS-OLIVE9-768x339.png 768w, https:\/\/muscleforge.nl\/wp-content\/uploads\/2022\/12\/PIT-BULL-PHOENIX-SHORTS-OLIVE9-580x256.png 580w, https:\/\/muscleforge.nl\/wp-content\/uploads\/2022\/12\/PIT-BULL-PHOENIX-SHORTS-OLIVE9-600x265.png 600w\" sizes=\"auto, (max-width: 782px) 100vw, 782px\" \/><\/p>\n","protected":false},"excerpt":{"rendered":"<p>SHORTS PHOENIX OLIVE &nbsp; Szorty dresowe m\u0119skie z najnowszej kolekcji marki PIT BULL WEST COAST \u2013 Phoenix &#8211; profesjonalna linia Performance Pro+ &#8211; bardziej dopasowany sportowy fason ze zw\u0119\u017canymi nogawkami &#8211; spodenki wykonane z wysokogatunkowej mieszanki bawe\u0142ny z poliestrem o gramaturze 400 g\/m2 &#8211; tkanina jest g\u0142adka i lekko elastyczna dzi\u0119ki czemu nie kr\u0119puje ruch\u00f3w&#8230;<\/p>\n","protected":false},"featured_media":34534,"comment_status":"open","ping_status":"closed","template":"","meta":[],"product_brand":[],"product_cat":[798,799,800,807],"product_tag":[],"class_list":{"0":"post-34541","1":"product","2":"type-product","3":"status-publish","4":"has-post-thumbnail","6":"product_cat-odziez","7":"product_cat-dla-mezczyzn","8":"product_cat-promocja","9":"product_cat-kr","11":"first","12":"instock","13":"sale","14":"taxable","15":"shipping-taxable","16":"purchasable","17":"product-type-variable"},"_links":{"self":[{"href":"https:\/\/muscleforge.nl\/pl\/wp-json\/wp\/v2\/product\/34541","targetHints":{"allow":["GET"]}}],"collection":[{"href":"https:\/\/muscleforge.nl\/pl\/wp-json\/wp\/v2\/product"}],"about":[{"href":"https:\/\/muscleforge.nl\/pl\/wp-json\/wp\/v2\/types\/product"}],"replies":[{"embeddable":true,"href":"https:\/\/muscleforge.nl\/pl\/wp-json\/wp\/v2\/comments?post=34541"}],"wp:featuredmedia":[{"embeddable":true,"href":"https:\/\/muscleforge.nl\/pl\/wp-json\/wp\/v2\/media\/34534"}],"wp:attachment":[{"href":"https:\/\/muscleforge.nl\/pl\/wp-json\/wp\/v2\/media?parent=34541"}],"wp:term":[{"taxonomy":"product_brand","embeddable":true,"href":"https:\/\/muscleforge.nl\/pl\/wp-json\/wp\/v2\/product_brand?post=34541"},{"taxonomy":"product_cat","embeddable":true,"href":"https:\/\/muscleforge.nl\/pl\/wp-json\/wp\/v2\/product_cat?post=34541"},{"taxonomy":"product_tag","embeddable":true,"href":"https:\/\/muscleforge.nl\/pl\/wp-json\/wp\/v2\/product_tag?post=34541"}],"curies":[{"name":"wp","href":"https:\/\/api.w.org\/{rel}","templated":true}]}}