{"id":34573,"date":"2022-12-02T13:49:53","date_gmt":"2022-12-02T12:49:53","guid":{"rendered":"https:\/\/muscleforge.nl\/product\/pit-bull-hooded-jacket-spinnaker-2-red\/"},"modified":"2025-06-02T00:08:52","modified_gmt":"2025-06-01T22:08:52","slug":"pit-bull-hooded-jacket-spinnaker-2-red","status":"publish","type":"product","link":"https:\/\/muscleforge.nl\/pl\/produkt\/pit-bull-hooded-jacket-spinnaker-2-red\/","title":{"rendered":"PIT BULL HOODED JACKET SPINNAKER 2 RED"},"content":{"rendered":"<h3 class=\" product-block product-block--title product-block--first \">Kurtka zimowa m\u0119ska z najnowszej kolekcji firmy PIT BULL WEST COAST \u2013 Spinnaker II<\/h3>\n<div class=\" product-block product-block--description \">\n<div class=\"description\">\n<p>&nbsp;<\/p>\n<p>&#8211; klasyczny fason do bioder<\/p>\n<p>&#8211; wykonana z wysokiej jako\u015bci grubszej matowej tkaniny nylonowej typu taslon<\/p>\n<p>&#8211; tkanina jest odporna na wiatr, \u015bnieg i deszcz jednocze\u015bnie zachowuj\u0105c w\u0142a\u015bciwo\u015bci oddychaj\u0105ce<\/p>\n<p>&#8211; ca\u0142o\u015b\u0107 kurtki jest ocieplana z pikowan\u0105 poliestrow\u0105 podszewk\u0105 w kolorze kurtki<\/p>\n<p>&#8211; ocieplany zintegrowany kaptur z wysok\u0105 st\u00f3jk\u0105 regulowany gumo-sznurkiem ze stoperami<\/p>\n<p>&#8211; dwie boczne otwarte kieszenie z dodatkowymi wszytymi na zamki<\/p>\n<p>&#8211; zapinana na zamek pionowa kiesze\u0144 na klatce piersiowej<\/p>\n<p>&#8211; wszystkie zamki z zawieszkami na suwakach u\u0142atwiaj\u0105cymi rozpinanie<\/p>\n<p>&#8211; dwie praktyczne kieszenie wewn\u0105trz kurtki<\/p>\n<p>&#8211; na piersi nadrukowany napis Pit Bull West Coast<\/p>\n<p>&#8211; prostok\u0105tna silikonowa naszywka z logo marki Pit Bull na lewym r\u0119kawie<\/p>\n<p>&#8211; mocne szerokie \u017cebrowane \u015bci\u0105gacze na r\u0119kawach oraz u do\u0142u kurtki<\/p>\n<p>&#8211; sk\u0142ad materia\u0142u zewn\u0119trznego: 100% nylon taslon \/ podszewka oraz wype\u0142nienie: 100% poliester<\/p>\n<p>&nbsp;<\/p>\n<p><img loading=\"lazy\" decoding=\"async\" class=\"alignnone wp-image-25784 size-full\" src=\"https:\/\/muscleforge.nl\/wp-content\/uploads\/2021\/04\/2021-10-23-3.png\" alt=\"\" width=\"662\" height=\"718\" srcset=\"https:\/\/muscleforge.nl\/wp-content\/uploads\/2021\/04\/2021-10-23-3.png 662w, https:\/\/muscleforge.nl\/wp-content\/uploads\/2021\/04\/2021-10-23-3-277x300.png 277w, https:\/\/muscleforge.nl\/wp-content\/uploads\/2021\/04\/2021-10-23-3-580x629.png 580w, https:\/\/muscleforge.nl\/wp-content\/uploads\/2021\/04\/2021-10-23-3-600x651.png 600w\" sizes=\"auto, (max-width: 662px) 100vw, 662px\" \/><\/p>\n<p><img loading=\"lazy\" decoding=\"async\" class=\"alignnone wp-image-25815 size-full\" src=\"https:\/\/muscleforge.nl\/wp-content\/uploads\/2021\/10\/PIT-BULL-HOODED-JACKET-SPINNAKER-2-BLACK0.png\" alt=\"\" width=\"806\" height=\"432\" srcset=\"https:\/\/muscleforge.nl\/wp-content\/uploads\/2021\/10\/PIT-BULL-HOODED-JACKET-SPINNAKER-2-BLACK0.png 806w, https:\/\/muscleforge.nl\/wp-content\/uploads\/2021\/10\/PIT-BULL-HOODED-JACKET-SPINNAKER-2-BLACK0-300x161.png 300w, https:\/\/muscleforge.nl\/wp-content\/uploads\/2021\/10\/PIT-BULL-HOODED-JACKET-SPINNAKER-2-BLACK0-768x412.png 768w, https:\/\/muscleforge.nl\/wp-content\/uploads\/2021\/10\/PIT-BULL-HOODED-JACKET-SPINNAKER-2-BLACK0-580x311.png 580w, https:\/\/muscleforge.nl\/wp-content\/uploads\/2021\/10\/PIT-BULL-HOODED-JACKET-SPINNAKER-2-BLACK0-600x322.png 600w\" sizes=\"auto, (max-width: 806px) 100vw, 806px\" \/><\/p>\n<\/div>\n<\/div>\n","protected":false},"excerpt":{"rendered":"<p>Kurtka zimowa m\u0119ska z najnowszej kolekcji firmy PIT BULL WEST COAST \u2013 Spinnaker II &nbsp; &#8211; klasyczny fason do bioder &#8211; wykonana z wysokiej jako\u015bci grubszej matowej tkaniny nylonowej typu taslon &#8211; tkanina jest odporna na wiatr, \u015bnieg i deszcz jednocze\u015bnie zachowuj\u0105c w\u0142a\u015bciwo\u015bci oddychaj\u0105ce &#8211; ca\u0142o\u015b\u0107 kurtki jest ocieplana z pikowan\u0105 poliestrow\u0105 podszewk\u0105 w kolorze&#8230;<\/p>\n","protected":false},"featured_media":34564,"comment_status":"open","ping_status":"closed","template":"","meta":[],"product_brand":[],"product_cat":[798,799,800,804,806],"product_tag":[],"class_list":{"0":"post-34573","1":"product","2":"type-product","3":"status-publish","4":"has-post-thumbnail","6":"product_cat-odziez","7":"product_cat-dla-mezczyzn","8":"product_cat-promocja","9":"product_cat-kurtki","10":"product_cat-kurtki-zimowe","12":"first","13":"instock","14":"sale","15":"taxable","16":"shipping-taxable","17":"purchasable","18":"product-type-variable"},"_links":{"self":[{"href":"https:\/\/muscleforge.nl\/pl\/wp-json\/wp\/v2\/product\/34573","targetHints":{"allow":["GET"]}}],"collection":[{"href":"https:\/\/muscleforge.nl\/pl\/wp-json\/wp\/v2\/product"}],"about":[{"href":"https:\/\/muscleforge.nl\/pl\/wp-json\/wp\/v2\/types\/product"}],"replies":[{"embeddable":true,"href":"https:\/\/muscleforge.nl\/pl\/wp-json\/wp\/v2\/comments?post=34573"}],"wp:featuredmedia":[{"embeddable":true,"href":"https:\/\/muscleforge.nl\/pl\/wp-json\/wp\/v2\/media\/34564"}],"wp:attachment":[{"href":"https:\/\/muscleforge.nl\/pl\/wp-json\/wp\/v2\/media?parent=34573"}],"wp:term":[{"taxonomy":"product_brand","embeddable":true,"href":"https:\/\/muscleforge.nl\/pl\/wp-json\/wp\/v2\/product_brand?post=34573"},{"taxonomy":"product_cat","embeddable":true,"href":"https:\/\/muscleforge.nl\/pl\/wp-json\/wp\/v2\/product_cat?post=34573"},{"taxonomy":"product_tag","embeddable":true,"href":"https:\/\/muscleforge.nl\/pl\/wp-json\/wp\/v2\/product_tag?post=34573"}],"curies":[{"name":"wp","href":"https:\/\/api.w.org\/{rel}","templated":true}]}}