{"id":34668,"date":"2022-12-03T12:36:07","date_gmt":"2022-12-03T11:36:07","guid":{"rendered":"https:\/\/muscleforge.nl\/product\/patriotic-cls-mini-sport-pants-gray\/"},"modified":"2025-06-02T00:08:51","modified_gmt":"2025-06-01T22:08:51","slug":"patriotic-cls-mini-sport-pants-gray","status":"publish","type":"product","link":"https:\/\/muscleforge.nl\/pl\/produkt\/patriotic-cls-mini-sport-pants-gray\/","title":{"rendered":"PATRIOTIC CLS MINI SPORT PANTS GRAY"},"content":{"rendered":"<h3>Spodnie dresowe m\u0119skie marki Patriotic<\/h3>\n<p>Materia\u0142: 90% bawe\u0142na, 10 poliester<br \/>\nGramatura: 280g<br \/>\nWyprodukowano: w Polsce<\/p>\n<p><strong>Cechy produktu:<\/strong><br \/>\nna lewej nogawce refleksuj\u0105cy nadruk<br \/>\n\u015bci\u0105gacz w pasie na gumk\u0119 oraz sznurek<br \/>\nz przodu dwie kieszenie, z ty\u0142u jedna<br \/>\nprzednie kieszenie zapinane na suwaki<br \/>\nnogawki \u015bci\u0105gane gumk\u0105<br \/>\nz ty\u0142u gumowa metka<br \/>\nw\u0105ski kr\u00f3j<\/p>\n<p>&nbsp;<\/p>\n<p>&nbsp;<\/p>\n<p><img decoding=\"async\" src=\"https:\/\/www.stephurt.pl\/img\/sizings\/ftp\/tabela.jpg\" \/><\/p>\n<table>\n<thead>\n<tr>\n<th><\/th>\n<th>S<\/th>\n<th>M<\/th>\n<th>L<\/th>\n<th>XL<\/th>\n<th>2XL<\/th>\n<th>3XL<\/th>\n<\/tr>\n<\/thead>\n<tbody>\n<tr>\n<td>A<\/td>\n<td>100<\/td>\n<td>101<\/td>\n<td>107<\/td>\n<td>108<\/td>\n<td>110<\/td>\n<td>111<\/td>\n<\/tr>\n<tr>\n<td>B<\/td>\n<td>29\/48*<\/td>\n<td>32\/50*<\/td>\n<td>33\/51*<\/td>\n<td>33\/51*<\/td>\n<td>34\/52<\/td>\n<td>34\/53<\/td>\n<\/tr>\n<tr>\n<td>C<\/td>\n<td>72<\/td>\n<td>76<\/td>\n<td>79<\/td>\n<td>79<\/td>\n<td>81<\/td>\n<td>82<\/td>\n<\/tr>\n<tr>\n<td>D<\/td>\n<td>16<\/td>\n<td>17<\/td>\n<td>18<\/td>\n<td>18<\/td>\n<td>18,5<\/td>\n<td>19<\/td>\n<\/tr>\n<\/tbody>\n<\/table>\n<p>* przed\/po rozci\u0105gni\u0119ciu<\/p>\n","protected":false},"excerpt":{"rendered":"<p>Spodnie dresowe m\u0119skie marki Patriotic Materia\u0142: 90% bawe\u0142na, 10 poliester Gramatura: 280g Wyprodukowano: w Polsce Cechy produktu: na lewej nogawce refleksuj\u0105cy nadruk \u015bci\u0105gacz w pasie na gumk\u0119 oraz sznurek z przodu dwie kieszenie, z ty\u0142u jedna przednie kieszenie zapinane na suwaki nogawki \u015bci\u0105gane gumk\u0105 z ty\u0142u gumowa metka w\u0105ski kr\u00f3j &nbsp; &nbsp; S M L&#8230;<\/p>\n","protected":false},"featured_media":34663,"comment_status":"open","ping_status":"closed","template":"","meta":[],"product_brand":[],"product_cat":[798,799,800,801,803],"product_tag":[],"class_list":{"0":"post-34668","1":"product","2":"type-product","3":"status-publish","4":"has-post-thumbnail","6":"product_cat-odziez","7":"product_cat-dla-mezczyzn","8":"product_cat-promocja","9":"product_cat-spodnie","10":"product_cat-spodnie-dresowe","12":"first","13":"instock","14":"sale","15":"taxable","16":"shipping-taxable","17":"purchasable","18":"product-type-variable"},"_links":{"self":[{"href":"https:\/\/muscleforge.nl\/pl\/wp-json\/wp\/v2\/product\/34668","targetHints":{"allow":["GET"]}}],"collection":[{"href":"https:\/\/muscleforge.nl\/pl\/wp-json\/wp\/v2\/product"}],"about":[{"href":"https:\/\/muscleforge.nl\/pl\/wp-json\/wp\/v2\/types\/product"}],"replies":[{"embeddable":true,"href":"https:\/\/muscleforge.nl\/pl\/wp-json\/wp\/v2\/comments?post=34668"}],"wp:featuredmedia":[{"embeddable":true,"href":"https:\/\/muscleforge.nl\/pl\/wp-json\/wp\/v2\/media\/34663"}],"wp:attachment":[{"href":"https:\/\/muscleforge.nl\/pl\/wp-json\/wp\/v2\/media?parent=34668"}],"wp:term":[{"taxonomy":"product_brand","embeddable":true,"href":"https:\/\/muscleforge.nl\/pl\/wp-json\/wp\/v2\/product_brand?post=34668"},{"taxonomy":"product_cat","embeddable":true,"href":"https:\/\/muscleforge.nl\/pl\/wp-json\/wp\/v2\/product_cat?post=34668"},{"taxonomy":"product_tag","embeddable":true,"href":"https:\/\/muscleforge.nl\/pl\/wp-json\/wp\/v2\/product_tag?post=34668"}],"curies":[{"name":"wp","href":"https:\/\/api.w.org\/{rel}","templated":true}]}}